{"id":9141,"date":"2022-11-20T11:24:44","date_gmt":"2022-11-20T11:24:44","guid":{"rendered":"https:\/\/shop.bestudio.ee\/?page_id=9141"},"modified":"2022-11-20T11:30:44","modified_gmt":"2022-11-20T11:30:44","slug":"reseller-info","status":"publish","type":"page","link":"https:\/\/shop.bestudio.ee\/fi\/reseller-info\/","title":{"rendered":"J\u00e4lleenmyyj\u00e4lle"},"content":{"rendered":"<div style=\"height:100px\" aria-hidden=\"true\" class=\"wp-block-spacer\"><\/div>\n\n\n\n<p><strong>Arvoisat kynsiteknikot ja j\u00e4lleenmyyj\u00e4t! <\/strong><\/p>\n\n\n\n<div style=\"height:100px\" aria-hidden=\"true\" class=\"wp-block-spacer\"><\/div>\n\n\n\n<p>Huomaa, ett\u00e4 meill\u00e4 on erikoishintoja sinulle tarjouksena. <\/p>\n\n\n\n<p>Mit\u00e4 tuo tarkoittaa? <\/p>\n\n\n\n<p>Ett\u00e4 voit j\u00e4lleenmyyd\u00e4 tuotteitamme ja saada ne paljon halvemmalla. <\/p>\n\n\n\n<p>J\u00e4lleenmyynnin tilille p\u00e4\u00e4seminen: <\/p>\n\n\n\n<p>\u2013 Rekister\u00f6i tilisi <\/p>\n\n\n\n<p>\u2013 L\u00e4het\u00e4 pyynt\u00f6 s\u00e4hk\u00f6postitse osoitteeseen info@bestudio.ee <\/p>\n\n\n\n<p>\u2013 Vahvistamme ja avaamme sinulle j\u00e4lleenmyyntitilin yst\u00e4v\u00e4llisill\u00e4 hinnoilla. <\/p>\n\n\n\n<p><\/p>\n\n\n\n<p>Huomaa, ett\u00e4 jos ostat IBX System -tuotteita, vaaditaan voimassa oleva IBX-sertifikaatti. <\/p>\n\n\n\n<p><\/p>\n\n\n\n<p>Kiitos ja nauti ostokokemuksestasi!\u00a0<\/p>\n\n\n\n<p><a href=\"https:\/\/shop.bestudio.ee\/fi\/?customize_changeset_uuid=f003b774-b0dd-4b08-8db8-deb58f28c9e9&amp;trp-edit-translation=preview\"><\/a><\/p>\n\n\n\n<div style=\"height:100px\" aria-hidden=\"true\" class=\"wp-block-spacer\"><\/div>","protected":false},"excerpt":{"rendered":"<p>Arvoisat kynsiteknikot ja j\u00e4lleenmyyj\u00e4t! Huomaa, ett\u00e4 meill\u00e4 on erikoishintoja sinulle tarjouksena. Mit\u00e4 se tekee\u2026<\/p>","protected":false},"author":1,"featured_media":0,"parent":0,"menu_order":0,"comment_status":"closed","ping_status":"closed","template":"","meta":{"footnotes":""},"class_list":["post-9141","page","type-page","status-publish","hentry"],"jetpack_sharing_enabled":true,"_links":{"self":[{"href":"https:\/\/shop.bestudio.ee\/fi\/wp-json\/wp\/v2\/pages\/9141","targetHints":{"allow":["GET"]}}],"collection":[{"href":"https:\/\/shop.bestudio.ee\/fi\/wp-json\/wp\/v2\/pages"}],"about":[{"href":"https:\/\/shop.bestudio.ee\/fi\/wp-json\/wp\/v2\/types\/page"}],"author":[{"embeddable":true,"href":"https:\/\/shop.bestudio.ee\/fi\/wp-json\/wp\/v2\/users\/1"}],"replies":[{"embeddable":true,"href":"https:\/\/shop.bestudio.ee\/fi\/wp-json\/wp\/v2\/comments?post=9141"}],"version-history":[{"count":4,"href":"https:\/\/shop.bestudio.ee\/fi\/wp-json\/wp\/v2\/pages\/9141\/revisions"}],"predecessor-version":[{"id":9469,"href":"https:\/\/shop.bestudio.ee\/fi\/wp-json\/wp\/v2\/pages\/9141\/revisions\/9469"}],"wp:attachment":[{"href":"https:\/\/shop.bestudio.ee\/fi\/wp-json\/wp\/v2\/media?parent=9141"}],"curies":[{"name":"wp","href":"https:\/\/api.w.org\/{rel}","templated":true}]}}