{"id":10054,"date":"2023-11-28T19:08:35","date_gmt":"2023-11-28T17:08:35","guid":{"rendered":"https:\/\/shop.bestudio.ee\/?post_type=product&#038;p=10054"},"modified":"2025-12-01T00:24:49","modified_gmt":"2025-11-30T22:24:49","slug":"kera-base-keratin-strengthening-base-8ml","status":"publish","type":"product","link":"https:\/\/shop.bestudio.ee\/fi\/tuote\/kera-base-keratin-strengthening-base-8ml\/","title":{"rendered":"KERA BASE \u2013 keratiinia vahvistava pohja, 8ml"},"content":{"rendered":"<ul>\n<li>V\u00e4ri: v\u00e4rit\u00f6n<\/li>\n<li>Koostumus: keskipaksu<\/li>\n<li>T\u00e4ydellisesti muotoiltu sivellin tekee tuotteen levitt\u00e4misest\u00e4 helppoa ja mukavaa \u2013 jopa eritt\u00e4in vaikeasti tavoitettavissa paikoissa, esim. kynsitaiteen l\u00e4hell\u00e4.<\/li>\n<li>Kun lamppu on kiinnitetty, sit\u00e4 ei tarvitse viilata.<\/li>\n<li>Tilavuus: 8 ml<\/li>\n<\/ul>\n<p>LED-lamppu min. 48 - 60 s; UV-lamppu 36W \u2013 120s<\/p>\n<p>Kerabase on tarkoitettu vain ammattik\u00e4ytt\u00f6\u00f6n.<\/p>\n<p>&nbsp;<\/p>\n<table border=\"0\" width=\"540\" cellspacing=\"0\" cellpadding=\"0\">\n<tbody>\n<tr>\n<td width=\"428\">POLYAKRYYLIHAPPO, ISOBORNYYLIAKRYLAATTI, TRIMETYLIBENTSOYLIDIFENYYLIFOSFIINIOKSIDI, HYDROLYSOITU KERATIINI<\/td>\n<\/tr>\n<\/tbody>\n<\/table>","protected":false},"excerpt":{"rendered":"<p><strong>KERA BASE \u2013 keratiinia vahvistava pohja<\/strong><\/p>\n<p>MAKEAR Kera Base on keratiinipohja, joka on tarkoitettu k\u00e4ytett\u00e4v\u00e4ksi herkiss\u00e4 ja hauraissa kynsiss\u00e4. MAKEAR Kera Base koostuu keratiineista, jotka muodostavat suojakerroksen. T\u00e4m\u00e4 kerros pit\u00e4\u00e4 huolta manikyyrisi ja kyntesi hyv\u00e4st\u00e4 kunnosta.<\/p>\n<p>Kera Base vahvistaa luonnollista levy\u00e4 kovuutensa ansiosta. Se my\u00f6s est\u00e4\u00e4 kynsi\u00e4si mekaanisilta vaurioilta.<\/p>\n<p>Se on ihanteellinen k\u00e4ytett\u00e4v\u00e4ksi geelin, geelilakan tai akryyligeelin kanssa, koska se parantaa n\u00e4iden tuotteiden tarttuvuutta.<\/p>\n<p>Keskipaksun koostumuksen ja itsetasoittuvan ominaisuuden ansiosta Kerabase on helppo levitt\u00e4\u00e4. Kera Base on my\u00f6s loistava ratkaisu pedikyyriin.<\/p>","protected":false},"featured_media":10055,"template":"","meta":[],"product_brand":[],"product_cat":[116,218,219,228,117,136],"product_tag":[],"class_list":{"0":"post-10054","1":"product","2":"type-product","3":"status-publish","4":"has-post-thumbnail","6":"product_cat-makear","7":"product_cat-nail-gel-polishes","8":"product_cat-base-and-top-coat","9":"product_cat-clear-base-and-top-coat","10":"product_cat-base","11":"product_cat-base-clear","13":"first","14":"instock","15":"taxable","16":"shipping-taxable","17":"purchasable","18":"product-type-simple"},"jetpack_sharing_enabled":true,"_links":{"self":[{"href":"https:\/\/shop.bestudio.ee\/fi\/wp-json\/wp\/v2\/product\/10054","targetHints":{"allow":["GET"]}}],"collection":[{"href":"https:\/\/shop.bestudio.ee\/fi\/wp-json\/wp\/v2\/product"}],"about":[{"href":"https:\/\/shop.bestudio.ee\/fi\/wp-json\/wp\/v2\/types\/product"}],"wp:featuredmedia":[{"embeddable":true,"href":"https:\/\/shop.bestudio.ee\/fi\/wp-json\/wp\/v2\/media\/10055"}],"wp:attachment":[{"href":"https:\/\/shop.bestudio.ee\/fi\/wp-json\/wp\/v2\/media?parent=10054"}],"wp:term":[{"taxonomy":"product_brand","embeddable":true,"href":"https:\/\/shop.bestudio.ee\/fi\/wp-json\/wp\/v2\/product_brand?post=10054"},{"taxonomy":"product_cat","embeddable":true,"href":"https:\/\/shop.bestudio.ee\/fi\/wp-json\/wp\/v2\/product_cat?post=10054"},{"taxonomy":"product_tag","embeddable":true,"href":"https:\/\/shop.bestudio.ee\/fi\/wp-json\/wp\/v2\/product_tag?post=10054"}],"curies":[{"name":"wp","href":"https:\/\/api.w.org\/{rel}","templated":true}]}}