{"id":10130,"date":"2024-01-29T19:40:47","date_gmt":"2024-01-29T17:40:47","guid":{"rendered":"https:\/\/shop.bestudio.ee\/?post_type=product&#038;p=10130"},"modified":"2025-12-01T00:23:35","modified_gmt":"2025-11-30T22:23:35","slug":"jg01-jellygo-milky-pink-15ml","status":"publish","type":"product","link":"https:\/\/shop.bestudio.ee\/fi\/tuote\/jg01-jellygo-milky-pink-15ml\/","title":{"rendered":"JG01 Jelly&amp;go \u2013 Milky Pink, 15ml"},"content":{"rendered":"<p><strong>Kuinka k\u00e4ytt\u00e4\u00e4:<\/strong><\/p>\n<ol>\n<li>Valmistele luonnollinen kynsilevy kunnolla. Matta, puhdista ja poista rasva<\/li>\n<li>Levit\u00e4 ei-hapan tai hapan pohjamaali<\/li>\n<li>Levit\u00e4 Base ja koveta se UV\/LED-lampussa<\/li>\n<li>Leikkaa ja sovita muoto kynnen vapaan reunan kanssa<\/li>\n<li>Levit\u00e4 ohut kerros geeli\u00e4, valmistele kehys ja koveta sit\u00e4 lampussa 15-30 s<\/li>\n<li>Levit\u00e4 paksumpi kerros geeli\u00e4 ja suorita oikea kynnen rakenne \u2013 k\u00e4rki, C-k\u00e4yr\u00e4<\/li>\n<li>K\u00e4yt\u00e4 Cleaneria ja viilaa kynsi saadaksesi haluamasi muodon<\/li>\n<li>Viimeistele kynsien muotoilu<\/li>\n<\/ol>\n<p><strong>Jelly&amp;Go by Makear on suunniteltu ammattik\u00e4ytt\u00f6\u00f6n.<\/strong><\/p>\n<p>&nbsp;<\/p>\n<p>AKRYLAATIT KOPOLYMERI, HYDROKSIPROPYYLIMETAKRYLAATTI, SELLULOOSASETATTIBUTYRAATTI, DIMETIKONE, MIKROKITEINEN VAHA, Kiille, etyylitrimetyylibentsoyylifenyylifosfinaatti, CI 77891<strong><br \/>\n<\/strong><\/p>","protected":false},"excerpt":{"rendered":"<p><strong>Jelly&amp;Go<\/strong> \u2013 hyytel\u00f6geeli, joka antaa sinulle enemm\u00e4n aikaa hioa kynsien muotoilua tai valmistaa muutama kynne kerralla.<br \/>\nGeeli, jonka koostumus on eritt\u00e4in paksu, eik\u00e4 se ole itsetasoittuva. T\u00e4m\u00e4n seurauksena se ei levi\u00e4 kynsinauhoille ja voit viett\u00e4\u00e4 enemm\u00e4n aikaa kynsille tai valmistaa enemm\u00e4n kynsi\u00e4 yhdell\u00e4 kertaa. Geeli, joka on hyytel\u00f6m\u00e4ist\u00e4 ja toimii helposti siveltimell\u00e4. Se on eritt\u00e4in kest\u00e4v\u00e4 ja kest\u00e4\u00e4 mekaanisia vaurioita. T\u00e4t\u00e4 tuotetta suositellaan erityisesti aloitteleville kynsiteknikoille sek\u00e4 niille, jotka luovat \u00e4rtyisi\u00e4 muotoja tai eritt\u00e4in pitki\u00e4 kynsi\u00e4.<\/p>\n<p><strong>T\u00e4rkeimm\u00e4t edut:<\/strong><\/p>\n<ul>\n<li>Sit\u00e4 voidaan k\u00e4ytt\u00e4\u00e4 aloitteleville kynsstylisteille<\/li>\n<li>Sen avulla voit valmistaa muutaman kynnen kerralla<\/li>\n<li>Sen kanssa on helppo ty\u00f6skennell\u00e4. Se ei levi\u00e4 kynsinauhoille<\/li>\n<li>Polymeroinnin v\u00e4himm\u00e4isl\u00e4mp\u00f6tila ei aiheuta s\u00e4rky\u00e4 lampussa<\/li>\n<li>Se on tarkoitettu p\u00f6rr\u00f6isille muodoille ja eritt\u00e4in pitkille kynsille<\/li>\n<li>Sit\u00e4 voidaan k\u00e4ytt\u00e4\u00e4 kaksoismuotojen kanssa<\/li>\n<\/ul>\n<p><strong>K\u00e4ytt\u00f6: kynsien pidennys, kynsiontelon t\u00e4ytt\u00f6, kynsien p\u00e4\u00e4llystys, luonnollisten kynsien vahvistaminen<\/strong><\/p>\n<ul>\n<li>1-vaiheinen tuote<\/li>\n<li>Koostumus: paksu<\/li>\n<li>Joustavuus: alhainen<\/li>\n<li>Kynsien pidennys: kyll\u00e4<\/li>\n<li>Kynsien peitto: kyll\u00e4<\/li>\n<li>Itsetasoittuva: ei<\/li>\n<li>Kynsilevyn tyyppi: jokainen<\/li>\n<li>Kantavuus: 90%<\/li>\n<li>Dispersiokerros: kyll\u00e4<\/li>\n<li>Polymerointil\u00e4mp\u00f6tila: eritt\u00e4in alhainen<\/li>\n<\/ul>\n<p>Polymerointi: UV-LED 48W \u2013 60s<\/p>","protected":false},"featured_media":10131,"template":"","meta":[],"product_brand":[],"product_cat":[116,119,253,222,252],"product_tag":[],"class_list":{"0":"post-10130","1":"product","2":"type-product","3":"status-publish","4":"has-post-thumbnail","6":"product_cat-makear","7":"product_cat-gel","8":"product_cat-jellygo-gel","9":"product_cat-sculpting-gel-acrygel","10":"product_cat-jellygo","12":"first","13":"instock","14":"taxable","15":"shipping-taxable","16":"purchasable","17":"product-type-simple"},"jetpack_sharing_enabled":true,"_links":{"self":[{"href":"https:\/\/shop.bestudio.ee\/fi\/wp-json\/wp\/v2\/product\/10130","targetHints":{"allow":["GET"]}}],"collection":[{"href":"https:\/\/shop.bestudio.ee\/fi\/wp-json\/wp\/v2\/product"}],"about":[{"href":"https:\/\/shop.bestudio.ee\/fi\/wp-json\/wp\/v2\/types\/product"}],"wp:featuredmedia":[{"embeddable":true,"href":"https:\/\/shop.bestudio.ee\/fi\/wp-json\/wp\/v2\/media\/10131"}],"wp:attachment":[{"href":"https:\/\/shop.bestudio.ee\/fi\/wp-json\/wp\/v2\/media?parent=10130"}],"wp:term":[{"taxonomy":"product_brand","embeddable":true,"href":"https:\/\/shop.bestudio.ee\/fi\/wp-json\/wp\/v2\/product_brand?post=10130"},{"taxonomy":"product_cat","embeddable":true,"href":"https:\/\/shop.bestudio.ee\/fi\/wp-json\/wp\/v2\/product_cat?post=10130"},{"taxonomy":"product_tag","embeddable":true,"href":"https:\/\/shop.bestudio.ee\/fi\/wp-json\/wp\/v2\/product_tag?post=10130"}],"curies":[{"name":"wp","href":"https:\/\/api.w.org\/{rel}","templated":true}]}}