{"id":10138,"date":"2024-01-29T18:04:49","date_gmt":"2024-01-29T18:04:49","guid":{"rendered":"https:\/\/shop.bestudio.ee\/?post_type=product&#038;p=10138"},"modified":"2024-01-29T18:04:50","modified_gmt":"2024-01-29T18:04:50","slug":"makeart-black-5ml","status":"publish","type":"product","link":"https:\/\/shop.bestudio.ee\/fi\/tuote\/makeart-black-5ml\/","title":{"rendered":"Makeart Black, 5ml"},"content":{"rendered":"","protected":false},"excerpt":{"rendered":"<section id=\"projector_longdescription\" class=\"longdescription cm\" data-dictionary=\"true\"><strong>Makeart Black 5ml<\/strong><br \/>\n<strong>Makeart<\/strong><\/p>\n<p>Uusi Makeart-sarja sopii erinomaisesti eritt\u00e4in ohuille koristeille, geometrialle, yhdell\u00e4 vedolla, varjostukseen (valkoinen ik\u00e4luokalle<\/p>\n<div>\u00a0tarvitsee vain yhden kerroksen) ja zhostovolle. Ne toimivat hyvin my\u00f6s ikoneja ja maisemia maalattaessa.<\/div>\n<ul>\n<li>Superpigmenttinen,<\/li>\n<li>Ei dispersiokerrosta, ei tarvitse pyyhki\u00e4 Cleanerilla,<\/li>\n<li>Huomautus: tuotetta ei pigmentin vuoksi voida k\u00e4ytt\u00e4\u00e4 rakenteellisiin ja korotettuihin koristeisiin,<\/li>\n<li>Tilavuus: 5ml,<\/li>\n<li>Merkint\u00e4: Makeart Black.<\/li>\n<\/ul>\n<p>LED-lamppu min. 48W \u2013 1min. UV 36W lamppu \u2013 2min.<\/p>\n<\/section>","protected":false},"featured_media":10139,"template":"","meta":[],"product_brand":[],"product_cat":[116,135,229],"product_tag":[],"class_list":{"0":"post-10138","1":"product","2":"type-product","3":"status-publish","4":"has-post-thumbnail","6":"product_cat-makear","7":"product_cat-makeart","8":"product_cat-nail-art","10":"first","11":"instock","12":"taxable","13":"shipping-taxable","14":"purchasable","15":"product-type-simple"},"jetpack_sharing_enabled":true,"_links":{"self":[{"href":"https:\/\/shop.bestudio.ee\/fi\/wp-json\/wp\/v2\/product\/10138","targetHints":{"allow":["GET"]}}],"collection":[{"href":"https:\/\/shop.bestudio.ee\/fi\/wp-json\/wp\/v2\/product"}],"about":[{"href":"https:\/\/shop.bestudio.ee\/fi\/wp-json\/wp\/v2\/types\/product"}],"wp:featuredmedia":[{"embeddable":true,"href":"https:\/\/shop.bestudio.ee\/fi\/wp-json\/wp\/v2\/media\/10139"}],"wp:attachment":[{"href":"https:\/\/shop.bestudio.ee\/fi\/wp-json\/wp\/v2\/media?parent=10138"}],"wp:term":[{"taxonomy":"product_brand","embeddable":true,"href":"https:\/\/shop.bestudio.ee\/fi\/wp-json\/wp\/v2\/product_brand?post=10138"},{"taxonomy":"product_cat","embeddable":true,"href":"https:\/\/shop.bestudio.ee\/fi\/wp-json\/wp\/v2\/product_cat?post=10138"},{"taxonomy":"product_tag","embeddable":true,"href":"https:\/\/shop.bestudio.ee\/fi\/wp-json\/wp\/v2\/product_tag?post=10138"}],"curies":[{"name":"wp","href":"https:\/\/api.w.org\/{rel}","templated":true}]}}