{"id":10200,"date":"2024-05-06T15:31:54","date_gmt":"2024-05-06T15:31:54","guid":{"rendered":"https:\/\/shop.bestudio.ee\/?post_type=product&#038;p=10200"},"modified":"2025-12-01T00:22:04","modified_gmt":"2025-11-30T22:22:04","slug":"632-windflower-uv-gel-polish-makear","status":"publish","type":"product","link":"https:\/\/shop.bestudio.ee\/fi\/tuote\/632-windflower-uv-gel-polish-makear\/","title":{"rendered":"632 Windflower \u2013 UV-geelilakka"},"content":{"rendered":"<p><strong>REGULAR COLLECTION \u2013 geelilakkakokoelma yhten\u00e4isell\u00e4 s\u00e4vyll\u00e4<\/strong><\/p>\n<p>MAKEARin geelilakka takaa kest\u00e4vyyden ja luotettavuuden. Kermainen koostumus, korkea pigmentti ja t\u00e4ydellisesti muotoiltu sivellin tekev\u00e4t ty\u00f6st\u00e4si helpompaa ja nopeampaa. Koska valikoimassamme on yli 300 v\u00e4ri\u00e4, voimme olla varmoja, ett\u00e4 voimme tyydytt\u00e4\u00e4 monia asiakkaita.<\/p>\n<ul>\n<li>Itsetasoittuva<\/li>\n<li>Eritt\u00e4in pigmentoitunut \u2013 erinomainen peitt\u00e4vyys<\/li>\n<li>Koostumus kermainen ja keskipaksu<\/li>\n<li>V\u00e4rit eiv\u00e4t j\u00e4t\u00e4 raitoja<\/li>\n<li>T\u00e4ydellisen muotoinen sivellin<\/li>\n<li>Todellinen v\u00e4ri n\u00e4kyy korkissa<\/li>\n<li>Gel Polish on pakattu pieneen pahvilaatikkoon, joka varmistaa geelilakan turvallisen kuljetuksen<\/li>\n<li>Tilavuus: 8 ml<\/li>\n<\/ul>\n<p>&nbsp;<\/p>\n<p>LED-lamppu min 48W \u2013 30sek ; UV-lamppu 36W \u2013 1min<\/p>\n<p>&nbsp;<\/p>\n<hr \/>\n<p>&nbsp;<\/p>\n<p><strong>MAKEAR\u2122<\/strong> on br\u00e4ndi, joka yll\u00e4tt\u00e4\u00e4 jatkuvasti asiakkaitaan ja on siten noussut innovaatioiden johtajaksi.<\/p>\n<p><strong>MAKEAR\u2122<\/strong> Gel Polish on valmistettu parhaista raaka-aineista, jotta ne t\u00e4ytt\u00e4isiv\u00e4t asiakkaidemme odotukset, my\u00f6s todella vaativien.<\/p>\n<p>Syv\u00e4 v\u00e4rikyll\u00e4isyys, laaja v\u00e4rivalikoima ja kest\u00e4vyys ovat tehneet <strong>MAKEAR\u2122<\/strong> kynsiteollisuuden johtaja<\/p>\n<p>&nbsp;<\/p>\n<p>AINESOSAT: AKRYLAATIT KOPOLYMI, TRIMETYLIBENTSOYLIDIFENYLIFOSFIINIOKSIDI, HYDROKSISYKLOHEKSYLIFENYLIKETONI, PIILI, +\/-: CI 45410, CI 15850, CI 19140,79,7174 CI 77891, CI 77288.<\/p>","protected":false},"excerpt":{"rendered":"<p><strong>632 Windflower \u2013 UV Gel Polish Makear \u2013 HEMAFREE<\/strong><\/p>\n<p>MAKEARin kukkav\u00e4rien kauneus. &quot;Flovers&quot; -kokoelman hienovarainen v\u00e4ripaletti t\u00e4ydent\u00e4\u00e4 t\u00e4ydellisesti kev\u00e4tp\u00e4ivien tunnelmaa tehden manikyyrist\u00e4si t\u00e4ynn\u00e4 pastellis\u00e4vyj\u00e4. Valitse yksi kahdeksasta ainutlaatuisesta s\u00e4vyst\u00e4mme ja tunne kev\u00e4\u00e4n lempe\u00e4 tuulta p\u00e4\u00e4ll\u00e4si. k\u00e4siss\u00e4.<\/p>\n<p>MAKEARin pastellihybridikynsilakat tunnetaan t\u00e4ydellisest\u00e4 peitt\u00e4vyydest\u00e4\u00e4n ja raidattomasta viimeistelyst\u00e4. Keskipaksu koostumus helpottaa levitt\u00e4mist\u00e4, mik\u00e4 mahdollistaa nopean ja virheett\u00f6m\u00e4n lopputuloksen. Valmistele kyntesi kev\u00e4\u00e4seen MAKEARin pastellihybridikynsilakkojen avulla.<\/p>\n<p>MAKEARin hybridikynsilakoilla saat kest\u00e4vyyden yli 3 viikkoa.<\/p>","protected":false},"featured_media":10201,"template":"","meta":[],"product_brand":[],"product_cat":[116,131,254,218,262],"product_tag":[],"class_list":{"0":"post-10200","1":"product","2":"type-product","3":"status-publish","4":"has-post-thumbnail","6":"product_cat-makear","7":"product_cat-gel-polishes-makear","8":"product_cat-flovers-collection","9":"product_cat-nail-gel-polishes","10":"product_cat-flovers","12":"first","13":"instock","14":"taxable","15":"shipping-taxable","16":"purchasable","17":"product-type-simple"},"jetpack_sharing_enabled":true,"_links":{"self":[{"href":"https:\/\/shop.bestudio.ee\/fi\/wp-json\/wp\/v2\/product\/10200","targetHints":{"allow":["GET"]}}],"collection":[{"href":"https:\/\/shop.bestudio.ee\/fi\/wp-json\/wp\/v2\/product"}],"about":[{"href":"https:\/\/shop.bestudio.ee\/fi\/wp-json\/wp\/v2\/types\/product"}],"wp:featuredmedia":[{"embeddable":true,"href":"https:\/\/shop.bestudio.ee\/fi\/wp-json\/wp\/v2\/media\/10201"}],"wp:attachment":[{"href":"https:\/\/shop.bestudio.ee\/fi\/wp-json\/wp\/v2\/media?parent=10200"}],"wp:term":[{"taxonomy":"product_brand","embeddable":true,"href":"https:\/\/shop.bestudio.ee\/fi\/wp-json\/wp\/v2\/product_brand?post=10200"},{"taxonomy":"product_cat","embeddable":true,"href":"https:\/\/shop.bestudio.ee\/fi\/wp-json\/wp\/v2\/product_cat?post=10200"},{"taxonomy":"product_tag","embeddable":true,"href":"https:\/\/shop.bestudio.ee\/fi\/wp-json\/wp\/v2\/product_tag?post=10200"}],"curies":[{"name":"wp","href":"https:\/\/api.w.org\/{rel}","templated":true}]}}