{"id":10225,"date":"2024-07-03T09:46:56","date_gmt":"2024-07-03T09:46:56","guid":{"rendered":"https:\/\/shop.bestudio.ee\/?post_type=product&#038;p=10225"},"modified":"2025-12-01T00:20:53","modified_gmt":"2025-11-30T22:20:53","slug":"top-coat-with-dispersion-layer","status":"publish","type":"product","link":"https:\/\/shop.bestudio.ee\/fi\/tuote\/top-coat-with-dispersion-layer\/","title":{"rendered":"Pintamaali dispersiokerroksella"},"content":{"rendered":"<p>Viimeistelytuote, koko muotoilu. Siin\u00e4 on dispersiokerros, joka tulee pyyhki\u00e4 Cleanerilla. Suositellaan ihmisille, jotka ty\u00f6skentelev\u00e4t UV-lampun kanssa.<\/p>","protected":false},"excerpt":{"rendered":"<ul>\n<li>Ominaisuudet: Pintamaali hybridiv\u00e4rille tai geeli\/akryyli,<\/li>\n<li>Joustava yl\u00e4osa, joka vaatii dispersiokerroksen pyyhkimisen,<\/li>\n<li>Antaa kiiltoa ja muotoilun kest\u00e4vyytt\u00e4, suojaa v\u00e4rej\u00e4 kellastumiselta, ei v\u00e4rj\u00e4\u00e4 v\u00e4rej\u00e4 \u2013 pinnoituksen j\u00e4lkeen musta ei muutu tummansiniseksi,<\/li>\n<li>T\u00e4ydellisesti hy\u00f6dyllinen k\u00e4\u00e4rmeen ihon koristeluun, varjostukseen,<\/li>\n<li>Koostumus: keskipaksu \/ itsetasoittuva,<\/li>\n<li><strong>Kuinka k\u00e4ytt\u00e4\u00e4: <\/strong>Levit\u00e4 keskikerros hell\u00e4varaisin liikkein, koveta v\u00e4hint\u00e4\u00e4n 60 sekuntia led-\/kaksoislampussa. Emme koske kynsiin heti sen j\u00e4lkeen, kun se on otettu pois lampusta. Suosittelemme odottamaan noin 15-20 sekuntia, jotta kansi j\u00e4\u00e4htyy, jotta v\u00e4ltyt\u00e4\u00e4n tahraantumiselta,<\/li>\n<li>Tilavuus: 8 ml,<\/li>\n<li>Merkint\u00e4: Top Coat.<\/li>\n<\/ul>\n<p>LED-lamppu min. 48W \u2013 1min. 36 W UV-lamppu \u2013 2 min.<\/p>","protected":false},"featured_media":10226,"template":"","meta":[],"product_brand":[],"product_cat":[116,219,228,118],"product_tag":[],"class_list":{"0":"post-10225","1":"product","2":"type-product","3":"status-publish","4":"has-post-thumbnail","6":"product_cat-makear","7":"product_cat-base-and-top-coat","8":"product_cat-clear-base-and-top-coat","9":"product_cat-top-cover","11":"first","12":"instock","13":"taxable","14":"shipping-taxable","15":"purchasable","16":"product-type-simple"},"jetpack_sharing_enabled":true,"_links":{"self":[{"href":"https:\/\/shop.bestudio.ee\/fi\/wp-json\/wp\/v2\/product\/10225","targetHints":{"allow":["GET"]}}],"collection":[{"href":"https:\/\/shop.bestudio.ee\/fi\/wp-json\/wp\/v2\/product"}],"about":[{"href":"https:\/\/shop.bestudio.ee\/fi\/wp-json\/wp\/v2\/types\/product"}],"wp:featuredmedia":[{"embeddable":true,"href":"https:\/\/shop.bestudio.ee\/fi\/wp-json\/wp\/v2\/media\/10226"}],"wp:attachment":[{"href":"https:\/\/shop.bestudio.ee\/fi\/wp-json\/wp\/v2\/media?parent=10225"}],"wp:term":[{"taxonomy":"product_brand","embeddable":true,"href":"https:\/\/shop.bestudio.ee\/fi\/wp-json\/wp\/v2\/product_brand?post=10225"},{"taxonomy":"product_cat","embeddable":true,"href":"https:\/\/shop.bestudio.ee\/fi\/wp-json\/wp\/v2\/product_cat?post=10225"},{"taxonomy":"product_tag","embeddable":true,"href":"https:\/\/shop.bestudio.ee\/fi\/wp-json\/wp\/v2\/product_tag?post=10225"}],"curies":[{"name":"wp","href":"https:\/\/api.w.org\/{rel}","templated":true}]}}