{"id":10227,"date":"2024-07-03T13:05:41","date_gmt":"2024-07-03T10:05:41","guid":{"rendered":"https:\/\/shop.bestudio.ee\/?post_type=product&#038;p=10227"},"modified":"2025-12-01T00:20:13","modified_gmt":"2025-11-30T22:20:13","slug":"metallic-gel-silver-5ml","status":"publish","type":"product","link":"https:\/\/shop.bestudio.ee\/fi\/tuote\/metallic-gel-silver-5ml\/","title":{"rendered":"Metallic Gel Silver, 5ml"},"content":{"rendered":"<p>Nailart geeli nestem\u00e4isell\u00e4 metalliefektill\u00e4.<\/p>","protected":false},"excerpt":{"rendered":"<p><strong>Metallic Gel Silver MAKEARilta \u2013 upea koristegeeli, joka antaa nestem\u00e4isen metallin valloittavan vaikutuksen kynsiisi.<\/strong><\/p>\n<p>Metalliset mallit ovat valloittaneet manikyyrimaailman myrskyll\u00e4, ja nyt MAKEARin Metallic Gelill\u00e4 voit saavuttaa vaivattomasti modernin ja avantgardistisen ilmeen. Korosta tyyli\u00e4si nestem\u00e4isten metallisten aksenttien tyylikk\u00e4\u00e4ll\u00e4 hienostuneella.<\/p>\n<p>Nestem\u00e4isen koostumuksensa ansiosta Metallic Gel -geelill\u00e4 on helppo luoda ohuita kuvioita ja tarkkoja koristeita. Sen vahva pigmentti varmistaa 100% peitt\u00e4vyyden.<\/p>\n<p>Parhaan tuloksen saavuttamiseksi levit\u00e4 ohut kerros Metallic Gel -geeli\u00e4 ja odota 20 sekuntia ennen kuin kovettat lampun alla.<\/p>\n<p>Kuinka k\u00e4ytt\u00e4\u00e4 sit\u00e4:<\/p>\n<p>1. Levit\u00e4 kovettuneen tuotteen p\u00e4\u00e4lle ja pese kynnet puhdistusaineella.<br \/>\n2. Levit\u00e4 Metallic Gel MAKEAR -geeli\u00e4, odota 20 sekuntia ja koveta sitten 48 W LED\/UV-lampun alla 3 minuuttia.<br \/>\n3. Levit\u00e4 lopuksi pintalakka pitk\u00e4aikaisen ja kiilt\u00e4v\u00e4n vaikutuksen saamiseksi.<\/p>\n<hr \/>","protected":false},"featured_media":10228,"template":"","meta":[],"product_brand":[],"product_cat":[116,135,229],"product_tag":[],"class_list":{"0":"post-10227","1":"product","2":"type-product","3":"status-publish","4":"has-post-thumbnail","6":"product_cat-makear","7":"product_cat-makeart","8":"product_cat-nail-art","10":"first","11":"instock","12":"taxable","13":"shipping-taxable","14":"purchasable","15":"product-type-simple"},"jetpack_sharing_enabled":true,"_links":{"self":[{"href":"https:\/\/shop.bestudio.ee\/fi\/wp-json\/wp\/v2\/product\/10227","targetHints":{"allow":["GET"]}}],"collection":[{"href":"https:\/\/shop.bestudio.ee\/fi\/wp-json\/wp\/v2\/product"}],"about":[{"href":"https:\/\/shop.bestudio.ee\/fi\/wp-json\/wp\/v2\/types\/product"}],"wp:featuredmedia":[{"embeddable":true,"href":"https:\/\/shop.bestudio.ee\/fi\/wp-json\/wp\/v2\/media\/10228"}],"wp:attachment":[{"href":"https:\/\/shop.bestudio.ee\/fi\/wp-json\/wp\/v2\/media?parent=10227"}],"wp:term":[{"taxonomy":"product_brand","embeddable":true,"href":"https:\/\/shop.bestudio.ee\/fi\/wp-json\/wp\/v2\/product_brand?post=10227"},{"taxonomy":"product_cat","embeddable":true,"href":"https:\/\/shop.bestudio.ee\/fi\/wp-json\/wp\/v2\/product_cat?post=10227"},{"taxonomy":"product_tag","embeddable":true,"href":"https:\/\/shop.bestudio.ee\/fi\/wp-json\/wp\/v2\/product_tag?post=10227"}],"curies":[{"name":"wp","href":"https:\/\/api.w.org\/{rel}","templated":true}]}}