{"id":10244,"date":"2024-07-03T10:53:53","date_gmt":"2024-07-03T10:53:53","guid":{"rendered":"https:\/\/shop.bestudio.ee\/?post_type=product&#038;p=10244"},"modified":"2025-12-01T00:20:26","modified_gmt":"2025-11-30T22:20:26","slug":"n34-uv-gel-polish","status":"publish","type":"product","link":"https:\/\/shop.bestudio.ee\/fi\/tuote\/n34-uv-gel-polish\/","title":{"rendered":"N34 UV-geelilakka"},"content":{"rendered":"<p>HEMAVAPAA<\/p>\n<p>&nbsp;<\/p>\n<p>AINESOSAT: HYDROKSIPROPYLIMETAKRYLAATTI, ETYLITRIMETYLIBENTSOYLIFENYLIFOSFINAATI, HYDROKSIKLOHEKSYLIFENYLIKETONI, PIIDIMETYLISILYLAATTI, Akrylaattikopolymeeri +\/-1CI09,1540,4CI058 CI 77742, CI 77510, CI 77499, CI 77891, CI 77288<\/p>","protected":false},"excerpt":{"rendered":"<p><strong>Makear \u2122 UV \/ LED hybridikynsilakka HEMAFREE<\/strong><\/p>\n<div><strong>KES\u00c4NEONIT<\/strong><\/div>\n<div><\/div>\n<div><\/div>\n<div><strong>El\u00e4vien s\u00e4vyjen yst\u00e4ville suunniteltu kokoelma, jossa on kuusi kirkasta v\u00e4ri\u00e4, jotka korostavat t\u00e4ydellisesti persoonallisuuttasi ja lis\u00e4\u00e4v\u00e4t tyyliisi energiaa. Neonit ovat loistava valinta kes\u00e4\u00e4n! Voimakkaat, kirkkaat v\u00e4rit harmonisoituvat t\u00e4ydellisesti auringonpaisteen kanssa ja t\u00e4ydent\u00e4v\u00e4t kauniisti auringon suutelemaa ihoa vahvistaen sen luonnollista hehkua ja hehkua. Vietitp\u00e4 sitten p\u00e4iv\u00e4n rannalla tai illan juhlissa, neonhybridikynsilakkavalikoimamme on t\u00e4ydellinen kumppanisi ja antaa kynsillesi unohtumattoman kes\u00e4isen vieh\u00e4tyksen.<br \/>\nUppoudu neonv\u00e4reihin ja tunne kes\u00e4p\u00e4ivien taika!<\/strong><\/div>\n<div><\/div>\n<div>\n<p><strong>NEON-kokoelma <\/strong><\/p>\n<p>Energinen, kyll\u00e4inen hybridikynsilakka, joka valloittaa pigmenttill\u00e4\u00e4n, joka ei vaadi valkoista hybridipohjamaalia. Kaikki sateenkaaren v\u00e4rit neonversiossa.<\/p>\n<\/div>\n<div><\/div>\n<ul>\n<li>Tarkoitettu ammattik\u00e4ytt\u00f6\u00f6n,<\/li>\n<li>Voimakas pigmentti, kermainen, keskipaksu koostumus tekev\u00e4t tuotteesta miellytt\u00e4v\u00e4n ja mukavan ty\u00f6skennell\u00e4,<\/li>\n<li>Kiilt\u00e4v\u00e4,<\/li>\n<li>Geelin kest\u00e4vyys \u2013 usean viikon vaikutus,<\/li>\n<li>V\u00e4rit eiv\u00e4t j\u00e4t\u00e4 raitoja,<\/li>\n<li>3-vapaa tuote \u2013 ei sis\u00e4ll\u00e4 formaldehydi\u00e4, tolueenia ja DBP:t\u00e4,<\/li>\n<li>T\u00e4ydellisesti muotoiltu sivellin,<\/li>\n<li>Korkin todellinen v\u00e4ri ja ylellinen pullo tekev\u00e4t tuotteesta ainutlaatuisen,<\/li>\n<li>Lakka on pakattu pahvilaatikkoon, mik\u00e4 varmistaa turvallisuuden kuljetuksen aikana ja on samalla t\u00e4ysin biohajoava *,<\/li>\n<li>Tilavuus: 8 ml,<\/li>\n<li>Merkint\u00e4: N02-N30.<\/li>\n<\/ul>\n<p>LED-lamput min. 48W \u2013 1min. 36 W UV-lamppu \u2013 2 min.<\/p>\n<p>* valkoisen pohjamaalin k\u00e4ytt\u00f6\u00e4 suositellaan.<\/p>","protected":false},"featured_media":10245,"template":"","meta":[],"product_brand":[],"product_cat":[116,131,257,266],"product_tag":[],"class_list":{"0":"post-10244","1":"product","2":"type-product","3":"status-publish","4":"has-post-thumbnail","6":"product_cat-makear","7":"product_cat-gel-polishes-makear","8":"product_cat-summer-neons-gel-polishes-makear","9":"product_cat-summer-neons","11":"first","12":"instock","13":"taxable","14":"shipping-taxable","15":"purchasable","16":"product-type-simple"},"jetpack_sharing_enabled":true,"_links":{"self":[{"href":"https:\/\/shop.bestudio.ee\/fi\/wp-json\/wp\/v2\/product\/10244","targetHints":{"allow":["GET"]}}],"collection":[{"href":"https:\/\/shop.bestudio.ee\/fi\/wp-json\/wp\/v2\/product"}],"about":[{"href":"https:\/\/shop.bestudio.ee\/fi\/wp-json\/wp\/v2\/types\/product"}],"wp:featuredmedia":[{"embeddable":true,"href":"https:\/\/shop.bestudio.ee\/fi\/wp-json\/wp\/v2\/media\/10245"}],"wp:attachment":[{"href":"https:\/\/shop.bestudio.ee\/fi\/wp-json\/wp\/v2\/media?parent=10244"}],"wp:term":[{"taxonomy":"product_brand","embeddable":true,"href":"https:\/\/shop.bestudio.ee\/fi\/wp-json\/wp\/v2\/product_brand?post=10244"},{"taxonomy":"product_cat","embeddable":true,"href":"https:\/\/shop.bestudio.ee\/fi\/wp-json\/wp\/v2\/product_cat?post=10244"},{"taxonomy":"product_tag","embeddable":true,"href":"https:\/\/shop.bestudio.ee\/fi\/wp-json\/wp\/v2\/product_tag?post=10244"}],"curies":[{"name":"wp","href":"https:\/\/api.w.org\/{rel}","templated":true}]}}