{"id":10264,"date":"2024-08-01T10:28:22","date_gmt":"2024-08-01T10:28:22","guid":{"rendered":"https:\/\/shop.bestudio.ee\/?post_type=product&#038;p=10264"},"modified":"2025-12-01T00:19:02","modified_gmt":"2025-11-30T22:19:02","slug":"nail-barrier","status":"publish","type":"product","link":"https:\/\/shop.bestudio.ee\/fi\/tuote\/nail-barrier\/","title":{"rendered":"Kynsien este"},"content":{"rendered":"<p>14 ml,<\/p>\n<p>KUINKA K\u00c4YTT\u00c4\u00c4 SIT\u00c4:<br \/>\nPintamaalina \u2013 levit\u00e4 kahdesti viikossa \u2013 poista kerrosten v\u00e4liss\u00e4.<\/p>\n<p>Pohjamaalina \u2013 levit\u00e4 1 kerros kynsilakan alle.<\/p>\n<p>Kirkaslakkina \u2013 levit\u00e4 2 kerrosta.<\/p>\n<p>AINESOSAT:<\/p>\n<p>Etyyliasetaatti, butyyliasetaatti, nitroselluloosa, adipiinihappo\/neopentyyliglykoli\/trimellitiinihappoanhydridi-kopolymeeri, asetyylitributyylisitraatti, isopropyylialkoholi, etokryleeni, N-butyylialkoholi, heksanaali, trimetyylipentaanidiyylidibentsoaatti, violetti 2, tokoferoli<\/p>","protected":false},"excerpt":{"rendered":"<p>VARO Ammattihintoja \u2013 KIRJAUDU SIS\u00c4\u00c4N!<\/p>\n<p>Monik\u00e4ytt\u00f6inen lakka kynsien tehokkaaseen muuntamiseen, palauttamiseen ja vahvistamiseen heksanaalilla ja E-vitamiinilla.<\/p>\n<p>Ihanteellinen sek\u00e4 terveille kynsille, jotka vahvistavat ja suojaavat niit\u00e4, ett\u00e4 pehmeille, ohuille ja vaurioituneille, palauttaen niit\u00e4 ja ehk\u00e4isev\u00e4t haurautta.<\/p>\n<p>Nail Barrier ei sis\u00e4ll\u00e4 formaldehydi\u00e4, formaldehydihartsia, DBP:t\u00e4, tolueenia, kamferia, etyylitosyyliamidia, ksyleeni\u00e4 tai muita myrkyllisi\u00e4 komponentteja.<\/p>\n<p>100% vegaani.<\/p>\n<p>AKTIIVISET KOMPONENTIT:<\/p>\n<p>Etyyliasetaatti on liuotin, joka auttaa lakkaa pysym\u00e4\u00e4n nesteen\u00e4 pullossa, haihtuu kynsille levitett\u00e4ess\u00e4, jolloin lakka kovettuu ja kuivuu. Komponentissa on miellytt\u00e4v\u00e4 hedelm\u00e4inen aromi, tuoksuu voimakkaammalta kynsilakassa, antaa sille ominaisen tuoksun.<\/p>\n<p>Nitroselluloosa on yksi turvallisimmista ja laadukkaimmista kalvoa muodostavista polymeereist\u00e4. Liuotteiden haihtumisen j\u00e4lkeen lakka kovettuu ja muodostaa kalvon kynnen pintaan.<\/p>\n<p>Adipiinihappo\/neopentyyliglykoli\/trimellihappoanhydridi-kopolymeeri on kalvoa muodostava polymeeri. Yhdess\u00e4 nitroselluloosan kanssa se edist\u00e4\u00e4 lakan kiinnittymist\u00e4 kynnen pintaan, lis\u00e4\u00e4 kest\u00e4vyytt\u00e4.<\/p>\n<p>Hexanal palauttaa kynnen keratiinikerroksen rakenteen, remineralisoi kynsilevy\u00e4 ja vahvistaa sit\u00e4, parantaa vaurioituneiden kynsien tilaa, nopeuttaa niiden kasvua.<\/p>","protected":false},"featured_media":10266,"template":"","meta":[],"product_brand":[],"product_cat":[99,97,98,239,244,246,245],"product_tag":[],"class_list":{"0":"post-10264","1":"product","2":"type-product","3":"status-publish","4":"has-post-thumbnail","6":"product_cat-straderm","7":"product_cat-personal-use","8":"product_cat-professional-use","9":"product_cat-nail-care-products","10":"product_cat-pedicure","11":"product_cat-homecare-products-pedicure","12":"product_cat-professional-products","14":"first","15":"instock","16":"taxable","17":"shipping-taxable","18":"purchasable","19":"product-type-simple"},"jetpack_sharing_enabled":true,"_links":{"self":[{"href":"https:\/\/shop.bestudio.ee\/fi\/wp-json\/wp\/v2\/product\/10264","targetHints":{"allow":["GET"]}}],"collection":[{"href":"https:\/\/shop.bestudio.ee\/fi\/wp-json\/wp\/v2\/product"}],"about":[{"href":"https:\/\/shop.bestudio.ee\/fi\/wp-json\/wp\/v2\/types\/product"}],"wp:featuredmedia":[{"embeddable":true,"href":"https:\/\/shop.bestudio.ee\/fi\/wp-json\/wp\/v2\/media\/10266"}],"wp:attachment":[{"href":"https:\/\/shop.bestudio.ee\/fi\/wp-json\/wp\/v2\/media?parent=10264"}],"wp:term":[{"taxonomy":"product_brand","embeddable":true,"href":"https:\/\/shop.bestudio.ee\/fi\/wp-json\/wp\/v2\/product_brand?post=10264"},{"taxonomy":"product_cat","embeddable":true,"href":"https:\/\/shop.bestudio.ee\/fi\/wp-json\/wp\/v2\/product_cat?post=10264"},{"taxonomy":"product_tag","embeddable":true,"href":"https:\/\/shop.bestudio.ee\/fi\/wp-json\/wp\/v2\/product_tag?post=10264"}],"curies":[{"name":"wp","href":"https:\/\/api.w.org\/{rel}","templated":true}]}}