{"id":10304,"date":"2024-11-08T12:36:33","date_gmt":"2024-11-08T10:36:33","guid":{"rendered":"https:\/\/shop.bestudio.ee\/?post_type=product&#038;p=10304"},"modified":"2025-12-01T00:18:27","modified_gmt":"2025-11-30T22:18:27","slug":"builderbottle-bg08-gel-in-a-bottle-with-brush-makear-15ml","status":"publish","type":"product","link":"https:\/\/shop.bestudio.ee\/fi\/tuote\/builderbottle-bg08-gel-in-a-bottle-with-brush-makear-15ml\/","title":{"rendered":"Builder&amp;Bottle BG08 \u2013 Geeli pullossa siveltimell\u00e4 MAKEAR, 15ml"},"content":{"rendered":"<p><strong>Tuotetiedot:<\/strong><br \/>\n\u2022\u2060\u2060V\u00e4rillinen: 80 \u2013 90% peitto<br \/>\n\u2022 Koostumus: Keskipaksu<br \/>\n\u2022 Tilavuus: 15 ml<br \/>\n\u2022 HEMATON tuote<br \/>\n\u2022 Kovettumisaika: LED-lamppu (min. 48W) \u2013 1 min<\/p>\n<p>&nbsp;<\/p>\n<p class=\"s4\"><strong>MAKEAR\u2122\ufe0f<\/strong>\u00a0on br\u00e4ndi, joka yll\u00e4tt\u00e4\u00e4 jatkuvasti asiakkaitaan ja tekee siit\u00e4 innovaatiojohtajan.<br \/>\n<strong>MAKEAR\u2122\ufe0f<\/strong>\u00a0geelilakat valmistetaan laadukkaimmista komponenteista t\u00e4ytt\u00e4m\u00e4\u00e4n vaativimpien asiakkaiden odotukset. Syv\u00e4 v\u00e4rikyll\u00e4isyys, laaja ja monipuolinen v\u00e4rivalikoima sek\u00e4 kest\u00e4vyys ovat tehneet\u00a0<strong>Makear<\/strong>\u00a0johtaja olemassa olevien merkkien joukossa.<\/p>\n<hr \/>\n<p class=\"s4\">Ainesosat: akrylaattikopolymeeri, polymetyylimetakrylaatti, hydroksisykloheksyylifenyyliketoni +\/- CI 77499, CI 14700, CI 77891, CI 47000, CI 42090<\/p>\n<p>&nbsp;<\/p>\n<p><img loading=\"lazy\" decoding=\"async\" class=\"wp-image-10293 aligncenter\" src=\"https:\/\/shop.bestudio.ee\/wp-content\/uploads\/2024\/11\/MAKEAR_BuilderBottle_STEP_BY_STEP_IG_ENG-300x300.png\" alt=\"\" width=\"631\" height=\"631\" srcset=\"https:\/\/shop.bestudio.ee\/wp-content\/uploads\/2024\/11\/MAKEAR_BuilderBottle_STEP_BY_STEP_IG_ENG-300x300.png 300w, https:\/\/shop.bestudio.ee\/wp-content\/uploads\/2024\/11\/MAKEAR_BuilderBottle_STEP_BY_STEP_IG_ENG-400x400.png 400w, https:\/\/shop.bestudio.ee\/wp-content\/uploads\/2024\/11\/MAKEAR_BuilderBottle_STEP_BY_STEP_IG_ENG-100x100.png 100w, https:\/\/shop.bestudio.ee\/wp-content\/uploads\/2024\/11\/MAKEAR_BuilderBottle_STEP_BY_STEP_IG_ENG-600x600.png 600w, https:\/\/shop.bestudio.ee\/wp-content\/uploads\/2024\/11\/MAKEAR_BuilderBottle_STEP_BY_STEP_IG_ENG-1024x1024.png 1024w, https:\/\/shop.bestudio.ee\/wp-content\/uploads\/2024\/11\/MAKEAR_BuilderBottle_STEP_BY_STEP_IG_ENG-150x150.png 150w, https:\/\/shop.bestudio.ee\/wp-content\/uploads\/2024\/11\/MAKEAR_BuilderBottle_STEP_BY_STEP_IG_ENG-768x768.png 768w, https:\/\/shop.bestudio.ee\/wp-content\/uploads\/2024\/11\/MAKEAR_BuilderBottle_STEP_BY_STEP_IG_ENG-12x12.png 12w, https:\/\/shop.bestudio.ee\/wp-content\/uploads\/2024\/11\/MAKEAR_BuilderBottle_STEP_BY_STEP_IG_ENG.png 1500w\" sizes=\"auto, (max-width: 631px) 100vw, 631px\" \/><\/p>","protected":false},"excerpt":{"rendered":"<p class=\"s4\"><strong><span class=\"s3\">Builder &amp; Bottle<\/span><span class=\"s3\"> \u2013 Geeli pullossa siveltimell\u00e4 MAKEAR 15ml<\/span><\/strong><\/p>\n<p class=\"s4\">Etsitk\u00f6 ratkaisua nopeuttaaksesi ty\u00f6t\u00e4si ja tarjoamalla samalla pitk\u00e4kestoisia ja kest\u00e4vi\u00e4 geelimanikyyri\u00e4? Builder&amp;Bottle on todellinen geeli pullossa, jossa yhdistyv\u00e4t geelilakan levitt\u00e4misen helppous ja rakennusgeelin kest\u00e4vyys.<\/p>\n<p class=\"s4\">T\u00e4m\u00e4 itsetasoittuva geeli sopii t\u00e4ydellisesti luonnollisen kynsilevyn rakentamiseen, laajentamiseen, vahvistamiseen sek\u00e4 t\u00e4yt\u00f6n ja korjaamiseen ilman pohjamaalin tarvetta.<\/p>\n<hr \/>\n<p class=\"s4\"><strong><span class=\"s3\">Avain<\/span> <span class=\"s3\">Edut<\/span><span class=\"s3\">:<\/span><\/strong><\/p>\n<div class=\"s5\">\u25cf <span class=\"s3\">Nopeampi muotoilu:<\/span> Siveltimell\u00e4 varustetussa pullossa olevan geelin avulla voit lyhent\u00e4\u00e4 ty\u00f6aikaasi jopa 25 minuutilla! Levit\u00e4 kuten geelilakka, mutta saavuta perinteisen geelin tulokset.<\/div>\n<div class=\"s6\">\u25cf <span class=\"s3\">Itsetasoittuva kaava:<\/span> Geeli levittyy tasaisesti kynnelle luoden sile\u00e4n pinnan ilman viilaamista. T\u00e4ydellinen kevyt viiva on valmis heti, kun tuote levitet\u00e4\u00e4n.<\/div>\n<div class=\"s6\">\u25cf <span class=\"s3\">Joustavuus ja kest\u00e4vyys:<\/span> Geeli on joustava, keskikova ja sill\u00e4 on erinomainen tarttuvuus, joten manikyyri kest\u00e4\u00e4 vaurioita my\u00f6s ohuilla ja heikoilla kynsill\u00e4.<\/div>\n<div class=\"s6\">\u25cf <span class=\"s3\">Monipuolisuus:<\/span> Builder&amp;Bottle sopii erinomaisesti kynsien pidennykseen, luonnollisen kynsilevyn vahvistamiseen, t\u00e4ytt\u00e4miseen ja korjaamiseen.<\/div>\n<div class=\"s7\">\u25cf <span class=\"s3\">Yksivaiheinen tuote:<\/span> Ei tarvetta ylim\u00e4\u00e4r\u00e4iselle pohjamaalille, mik\u00e4 yksinkertaistaa koko prosessia.<\/div>\n<p class=\"s4\">Pullossa olevaa geeli\u00e4 on saatavana 10 s\u00e4vyss\u00e4, joten voit sovittaa v\u00e4rin eri ihos\u00e4vyihin ja varmistaa t\u00e4ydellisen v\u00e4rin jokaiselle asiakkaalle. Ja mik\u00e4 t\u00e4rkeint\u00e4 \u2013 se on todellinen geeli, joka ei liukene asetoniin, mik\u00e4 vahvistaa sen korkeaa laatua.<\/p>\n<p class=\"s4\">Valitse Builder&amp;Bottle ja nauti nopeammista, mukavammista manikyyreist\u00e4 poikkeuksellisella kest\u00e4vyydell\u00e4 ja virheett\u00f6m\u00e4ll\u00e4 viimeistelyll\u00e4!<\/p>","protected":false},"featured_media":10305,"template":"","meta":[],"product_brand":[],"product_cat":[116,119,259,222,258],"product_tag":[],"class_list":{"0":"post-10304","1":"product","2":"type-product","3":"status-publish","4":"has-post-thumbnail","6":"product_cat-makear","7":"product_cat-gel","8":"product_cat-builderbottle-bottle-gel-gel","9":"product_cat-sculpting-gel-acrygel","10":"product_cat-builderbottle-bottle-gel","12":"first","13":"outofstock","14":"taxable","15":"shipping-taxable","16":"purchasable","17":"product-type-simple"},"jetpack_sharing_enabled":true,"_links":{"self":[{"href":"https:\/\/shop.bestudio.ee\/fi\/wp-json\/wp\/v2\/product\/10304","targetHints":{"allow":["GET"]}}],"collection":[{"href":"https:\/\/shop.bestudio.ee\/fi\/wp-json\/wp\/v2\/product"}],"about":[{"href":"https:\/\/shop.bestudio.ee\/fi\/wp-json\/wp\/v2\/types\/product"}],"wp:featuredmedia":[{"embeddable":true,"href":"https:\/\/shop.bestudio.ee\/fi\/wp-json\/wp\/v2\/media\/10305"}],"wp:attachment":[{"href":"https:\/\/shop.bestudio.ee\/fi\/wp-json\/wp\/v2\/media?parent=10304"}],"wp:term":[{"taxonomy":"product_brand","embeddable":true,"href":"https:\/\/shop.bestudio.ee\/fi\/wp-json\/wp\/v2\/product_brand?post=10304"},{"taxonomy":"product_cat","embeddable":true,"href":"https:\/\/shop.bestudio.ee\/fi\/wp-json\/wp\/v2\/product_cat?post=10304"},{"taxonomy":"product_tag","embeddable":true,"href":"https:\/\/shop.bestudio.ee\/fi\/wp-json\/wp\/v2\/product_tag?post=10304"}],"curies":[{"name":"wp","href":"https:\/\/api.w.org\/{rel}","templated":true}]}}