{"id":10361,"date":"2024-11-08T13:49:44","date_gmt":"2024-11-08T11:49:44","guid":{"rendered":"https:\/\/shop.bestudio.ee\/?post_type=product&#038;p=10361"},"modified":"2025-12-01T00:16:43","modified_gmt":"2025-11-30T22:16:43","slug":"cl05-manhattan-night-uv-gel-polish-8ml","status":"publish","type":"product","link":"https:\/\/shop.bestudio.ee\/fi\/tuote\/cl05-manhattan-night-uv-gel-polish-8ml\/","title":{"rendered":"CL05 Manhattan Night UV Gel Polish, 8ml"},"content":{"rendered":"<ul>\n<li>Kiilt\u00e4v\u00e4<\/li>\n<li>Geelin kest\u00e4vyys \u2013 pitk\u00e4kestoinen vaikutus<\/li>\n<li>HEMA ILMAINEN, TPO ILMAINEN, DI-HEMA ILMAINEN<\/li>\n<li>T\u00e4ydellisen muotoinen sivellin<\/li>\n<li>Realistinen v\u00e4ri korkissa ja ylellinen pullo tekev\u00e4t tuotteesta ainutlaatuisen<\/li>\n<li>Kiillotusaine on pakattu pahvilaatikkoon, mik\u00e4 varmistaa turvallisuuden kuljetuksen aikana ja t\u00e4ysin biohajoavaa<\/li>\n<li>Magneettinen hybridikynsilakka kissansilm\u00e4efektill\u00e4<\/li>\n<li>Vaikutus saavutetaan erityisell\u00e4 magneetilla<\/li>\n<li>HUOMAA: Ravista pulloa hyvin ennen k\u00e4ytt\u00f6\u00e4 (hiukkaset laskeutuvat pohjalle)<\/li>\n<li>Tilavuus: 8 ml<\/li>\n<li>LED\/UV-lamppu min. 48W \u2013 30s.<\/li>\n<\/ul>\n<hr \/>\n<h3>MAKEAR\u2122 on br\u00e4ndi, joka yll\u00e4tt\u00e4\u00e4 jatkuvasti asiakkaitaan ja on innovaatioiden johtaja.<\/h3>\n<p>MAKEAR\u2122 kynsilakat on valmistettu laadukkaimmista komponenteista t\u00e4ytt\u00e4m\u00e4\u00e4n vaativimpien asiakkaiden odotukset. Syv\u00e4 v\u00e4rikyll\u00e4isyys, laaja ja monipuolinen v\u00e4ripaletti sek\u00e4 kest\u00e4vyys ovat tehneet Makearista johtavan nykyisten merkkien joukossa.<\/p>\n<hr \/>\n<h3>Makearin hybridikynsilakat on tarkoitettu ammattik\u00e4ytt\u00f6\u00f6n.<\/h3>\n<hr \/>\n<p>AINESOSAT: HYDROKSIPROPYLIMETAKRYLAATTI, ETYLITRIMETYLIBENTSOYLIFENYLIFOSFINAATI, HYDROKSIKLOHEKSYLIFENYLIKETONI, PIIDIMETYLISILYLAATTI, Akrylaattikopolymeeri +\/-1CI09,1540,4CI058 CI 77742, CI 77510, CI 77499, CI 77891, CI 77288<\/p>","protected":false},"excerpt":{"rendered":"<div class=\"group\/conversation-turn relative flex w-full min-w-0 flex-col agent-turn\">\n<div class=\"group\/conversation-turn relative flex w-full min-w-0 flex-col agent-turn\">\n<div class=\"flex-col gap-1 md:gap-3\">\n<div class=\"flex flex-grow flex-col max-w-full\">\n<div class=\"min-h-[20px] text-message flex flex-col items-start whitespace-pre-wrap break-words [.text-message+&amp;]:mt-5 juice:w-full juice:items-end overflow-x-auto gap-2\" data-message-author-role=\"assistant\" data-message-id=\"b74c2f4c-0a94-48ef-8209-faef4cfdc2cf\">\n<div class=\"flex w-full flex-col gap-1 juice:empty:hidden juice:first:pt-[3px]\">\n<div class=\"markdown prose w-full break-words dark:prose-invert light\">\n<h3>CL05 Makear\u2122 Hybrid Nail Polish UV\/LED<\/h3>\n<p><strong>HEMA FREE PRODUCT<\/strong><\/p>\n<p>&nbsp;<\/p>\n<\/div>\n<\/div>\n<\/div>\n<\/div>\n<\/div>\n<\/div>\n<\/div>\n<div class=\"group\/conversation-turn relative flex w-full min-w-0 flex-col agent-turn\">\n<div class=\"flex-col gap-1 md:gap-3\">\n<div class=\"flex flex-grow flex-col max-w-full\">\n<div class=\"min-h-[20px] text-message flex flex-col items-start whitespace-pre-wrap break-words [.text-message+&amp;]:mt-5 juice:w-full juice:items-end overflow-x-auto gap-2\" data-message-author-role=\"assistant\" data-message-id=\"b74c2f4c-0a94-48ef-8209-faef4cfdc2cf\">\n<div class=\"flex w-full flex-col gap-1 juice:empty:hidden juice:first:pt-[3px]\">\n<div class=\"markdown prose w-full break-words dark:prose-invert light\">\n<p>Glow in the dark with the Highlight Gel Polish Collection<br \/>\nThe Highlight collection is the perfect combination of delicate colours, incredible glow in the dark and magnetic effects. Imagine your nails shining both in the light of day and in the dark of night. With the Highlight collection, you can have nails that are subtle and elegant during the day and magically glow in the dark. Add a touch of mystery and spectacular glow to your style.<\/p>\n<p>The collection features 6 unique summer-inspired colours.<\/p>\n<p><strong>Glow in the Dark:<\/strong><\/p>\n<ul>\n<li>Glow-in-the-dark polishes will make you stand out in any situation.<\/li>\n<li>Cat Eye Effect: Metallic particles create a mesmerizing &#8220;cat eye&#8221; effect.<\/li>\n<li>Perfect for Summer: Ideal for summer evenings, adding sparkle to your style.<\/li>\n<\/ul>\n<p><strong>Trendy Colors:<\/strong><\/p>\n<ul>\n<li>Six subtle, trendy shades.<\/li>\n<\/ul>\n<p>Step into the world of Highlight with MAKEAR, and let your nails dazzle both day and night!<\/p>\n<\/div>\n<\/div>\n<\/div>\n<\/div>\n<\/div>\n<\/div>\n","protected":false},"featured_media":10362,"template":"","meta":[],"product_brand":[],"product_cat":[131,261,264,116,218],"product_tag":[],"class_list":{"0":"post-10361","1":"product","2":"type-product","3":"status-publish","4":"has-post-thumbnail","6":"product_cat-gel-polishes-makear","7":"product_cat-highlight-gel-polishes-makear","8":"product_cat-highlight","9":"product_cat-makear","10":"product_cat-nail-gel-polishes","12":"first","13":"instock","14":"taxable","15":"shipping-taxable","16":"purchasable","17":"product-type-simple"},"jetpack_sharing_enabled":true,"_links":{"self":[{"href":"https:\/\/shop.bestudio.ee\/fi\/wp-json\/wp\/v2\/product\/10361","targetHints":{"allow":["GET"]}}],"collection":[{"href":"https:\/\/shop.bestudio.ee\/fi\/wp-json\/wp\/v2\/product"}],"about":[{"href":"https:\/\/shop.bestudio.ee\/fi\/wp-json\/wp\/v2\/types\/product"}],"wp:featuredmedia":[{"embeddable":true,"href":"https:\/\/shop.bestudio.ee\/fi\/wp-json\/wp\/v2\/media\/10362"}],"wp:attachment":[{"href":"https:\/\/shop.bestudio.ee\/fi\/wp-json\/wp\/v2\/media?parent=10361"}],"wp:term":[{"taxonomy":"product_brand","embeddable":true,"href":"https:\/\/shop.bestudio.ee\/fi\/wp-json\/wp\/v2\/product_brand?post=10361"},{"taxonomy":"product_cat","embeddable":true,"href":"https:\/\/shop.bestudio.ee\/fi\/wp-json\/wp\/v2\/product_cat?post=10361"},{"taxonomy":"product_tag","embeddable":true,"href":"https:\/\/shop.bestudio.ee\/fi\/wp-json\/wp\/v2\/product_tag?post=10361"}],"curies":[{"name":"wp","href":"https:\/\/api.w.org\/{rel}","templated":true}]}}