{"id":10530,"date":"2025-02-10T13:11:52","date_gmt":"2025-02-10T11:11:52","guid":{"rendered":"https:\/\/shop.bestudio.ee\/?post_type=product&#038;p=10530"},"modified":"2025-03-24T23:51:27","modified_gmt":"2025-03-24T21:51:27","slug":"cuticle-softener-for-sensitive-cuticle","status":"publish","type":"product","link":"https:\/\/shop.bestudio.ee\/fi\/tuote\/cuticle-softener-for-sensitive-cuticle\/","title":{"rendered":"Kynsinauhojen pehmennysaine herk\u00e4lle kynsinauholle"},"content":{"rendered":"<p>100 ml,<\/p>\n<p><strong>K\u00e4ytt\u00f6:<\/strong><\/p>\n<section class=\"product-description-section block-section\">\n<div class=\"section-content\">\n<div class=\"product-description\">\n<div class=\"rte-content\">\n<p>Levit\u00e4 tuotetta kynsinauhoille\/kynsipoimulle, odota 1-3 minuuttia ja jatka sitten puhdistusvaiheeseen. Ennen kuin siirryt seuraavaan vaiheeseen, sinun on poistettava rasva kynsilevyst\u00e4.<\/p>\n<div><\/div>\n<\/div>\n<\/div>\n<\/div>\n<\/section>\n<section id=\"product-details-wrapper\" class=\"product-details-section block-section empty-product-details\">\n<h4 class=\"section-title\"><\/h4>\n<\/section>\n<p>&nbsp;<\/p>","protected":false},"excerpt":{"rendered":"<p>HUOMIO! TUOTE MYYTY VAIN AMMATTILAISILLE! KIRJAUDU SIS\u00c4\u00c4N SAATAksesi HINTAAN!<\/p>\n<h4 class=\"section-title\">Kuvaus<\/h4>\n<div class=\"section-content\">\n<div class=\"product-description\">\n<div class=\"rte-content\">\n<p><strong>Pehmitt\u00e4v\u00e4 liuos kynsinauhoille uudessa koostumuksessa.<\/strong>\u00a0T\u00e4m\u00e4n tuotteen avulla kynsinauhoja voidaan pehment\u00e4\u00e4 ja poistaa helposti ja tehokkaasti. Kasviuutteilla, vitamiineilla ja antiseptisill\u00e4 ominaisuuksilla rikastettu tuote palauttaa solujen aineenvaihdunnan ja rauhoittaa ihoa, kun taas sen nestem\u00e4inen geelikoostumus v\u00e4hent\u00e4\u00e4 huomattavasti vammojen ja leikkausten riski\u00e4 manikyyrien tai pedikyyrien aikana.<\/p>\n<p>Sopii kaikenlaiseen manikyyriin ja pedikyyriin. Tarkoitettu herk\u00e4lle iholle. Ei aiheuta \u00e4rsytyst\u00e4 ja punoitusta!<\/p>\n<p><strong>Aktiiviset ainesosat<\/strong><\/p>\n<p>Urea<\/p>\n<p>Pajuuute on antimikrobinen aine, joka edist\u00e4\u00e4 kynsinauhojen palautumista ja joustavuutta toimenpiteen j\u00e4lkeen.<\/p>\n<p>Maitohappo kosteuttaa ihoa tasaisesti koko orvaskesi l\u00e4pi, saavuttaen syvimm\u00e4t kerrokset, stimuloi fibroblastien tuotantoa, mik\u00e4 lis\u00e4\u00e4 hyaluronihapon luonnollista synteesi\u00e4 \u2013 tehokasta luonnollista kosteusvoidetta. T\u00e4m\u00e4 luonnollinen t\u00e4yteaine pit\u00e4\u00e4 ihon sile\u00e4n\u00e4 ja joustavana.<\/p>\n<p>Keh\u00e4kukkauute rauhoittaa \u00e4rtyneit\u00e4 ja herkki\u00e4 kynsinauhoja manikyyri\/pedikyyri aikana, sill\u00e4 on bakteereja tappavia ja antiseptisi\u00e4 ominaisuuksia.<\/p>\n<p>Antimikrobinen aine, jossa on suolahapokasviuutetta, edist\u00e4\u00e4 kynsinauhojen palautumista ja joustavuutta toimenpiteen j\u00e4lkeen.<\/p>\n<p>Keratiini vaikuttaa kynsilevymatriisiin, suojaa kynnen pintaa toimenpiteen aikana.<\/p>\n<p>Rauhoittava aine bisabololi, v\u00e4hent\u00e4\u00e4 ihovaurioiden riski\u00e4 ja tulehduksen todenn\u00e4k\u00f6isyytt\u00e4, ehk\u00e4isee \u00e4rsytyst\u00e4 ja rauhoittaa ihoa manikyyri\/pedikyyri j\u00e4lkeen, sill\u00e4 on tulehdusta ehk\u00e4isevi\u00e4 ominaisuuksia.<\/p>\n<p>Panthenol kosteuttaa syv\u00e4\u00e4, tekee manikyyrist\u00e4 turvallisempaa, mahdollistaen tarkan leikkaamisen manikyyrin ja automaattisen manikyyrin yhdistelm\u00e4n aikana, eli est\u00e4\u00e4 kynsinauhojen katkeamisen.<\/p>\n<p>Vesiliukoisten vitamiinien Biotin+ B3 -kompleksi v\u00e4hent\u00e4\u00e4\/est\u00e4\u00e4 kuivumista ja hilseily\u00e4 pit\u00e4en kynsinauhojen kosteutettuna ja pehme\u00e4n\u00e4 manikyyri\/pedikyyritoimenpiteen j\u00e4lkeen muodostaen suojaavan lipidivaipan.<\/p>\n<\/div>\n<\/div>\n<\/div>","protected":false},"featured_media":10533,"template":"","meta":[],"product_brand":[],"product_cat":[99,98,227,244,245],"product_tag":[],"class_list":{"0":"post-10530","1":"product","2":"type-product","3":"status-publish","4":"has-post-thumbnail","6":"product_cat-straderm","7":"product_cat-professional-use","8":"product_cat-liquids-and-prep","9":"product_cat-pedicure","10":"product_cat-professional-products","12":"first","13":"instock","14":"taxable","15":"shipping-taxable","16":"product-type-simple"},"jetpack_sharing_enabled":true,"_links":{"self":[{"href":"https:\/\/shop.bestudio.ee\/fi\/wp-json\/wp\/v2\/product\/10530","targetHints":{"allow":["GET"]}}],"collection":[{"href":"https:\/\/shop.bestudio.ee\/fi\/wp-json\/wp\/v2\/product"}],"about":[{"href":"https:\/\/shop.bestudio.ee\/fi\/wp-json\/wp\/v2\/types\/product"}],"wp:featuredmedia":[{"embeddable":true,"href":"https:\/\/shop.bestudio.ee\/fi\/wp-json\/wp\/v2\/media\/10533"}],"wp:attachment":[{"href":"https:\/\/shop.bestudio.ee\/fi\/wp-json\/wp\/v2\/media?parent=10530"}],"wp:term":[{"taxonomy":"product_brand","embeddable":true,"href":"https:\/\/shop.bestudio.ee\/fi\/wp-json\/wp\/v2\/product_brand?post=10530"},{"taxonomy":"product_cat","embeddable":true,"href":"https:\/\/shop.bestudio.ee\/fi\/wp-json\/wp\/v2\/product_cat?post=10530"},{"taxonomy":"product_tag","embeddable":true,"href":"https:\/\/shop.bestudio.ee\/fi\/wp-json\/wp\/v2\/product_tag?post=10530"}],"curies":[{"name":"wp","href":"https:\/\/api.w.org\/{rel}","templated":true}]}}