{"id":10547,"date":"2025-03-19T19:24:31","date_gmt":"2025-03-19T17:24:31","guid":{"rendered":"https:\/\/shop.bestudio.ee\/?post_type=product&#038;p=10547"},"modified":"2026-02-12T22:35:30","modified_gmt":"2026-02-12T20:35:30","slug":"active-care-solution","status":"publish","type":"product","link":"https:\/\/shop.bestudio.ee\/fi\/tuote\/active-care-solution\/","title":{"rendered":"Ratkaisu aktiiviseen hoitoon"},"content":{"rendered":"<p>30 ml,<\/p>\n<p>3D hyaluronihappo aktivoi ihon uusiutumista kaikilla tasoilla, auttaa parantamaan haavoja. Stimuloi kollageenin tuotantoa, parantaa aineenvaihduntaprosesseja ja kosteuttaa intensiivisesti.<\/p>\n<p>Eukalyptus\u00f6ljy stimuloi haavojen paranemista, lievitt\u00e4\u00e4 iho\u00e4rsytyst\u00e4. Sill\u00e4 on antiseptinen, antibakteerinen ja anti-inflammatorinen vaikutus. Sill\u00e4 on paikallispuudutusvaikutus.<\/p>\n<p>Melaleucalla on sieni\u00e4 est\u00e4v\u00e4 vaikutus, se est\u00e4\u00e4 bakteerien kasvua.<\/p>\n<p>Pantenolilla on tulehdusta est\u00e4v\u00e4 vaikutus, se kosteuttaa ja edist\u00e4\u00e4 ihon paranemista ja uusiutumista, lievitt\u00e4\u00e4 kutinaa ja \u00e4rsytyst\u00e4.<\/p>\n<p>Bisabololi rauhoittaa \u00e4rtynytt\u00e4 ihoa, nuorentaa ja pehment\u00e4\u00e4, sill\u00e4 on antimikrobinen vaikutus.<\/p>\n<p>Risiini\u00f6ljy parantaa mikrohalkeamia, vahvistaa ihon rakennetta, nopeuttaa kynsien kasvua, est\u00e4\u00e4 niiden delaminaatiota.<\/p>\n<p>Biotiini stimuloi ihon paranemista.<\/p>\n<p>Rauhoittaa ja lievitt\u00e4\u00e4 \u00e4rsytyst\u00e4, nopeuttaa regeneratiivisia prosesseja. Parantaa nopeasti orvaskeden ja kynsilevyn tilaa, vahvistaa kynsilevy\u00e4 edist\u00e4en kynnen kasvua. Niasiiniamidi stimuloi verenkiertoa ja k\u00e4ynnist\u00e4\u00e4 regeneratiivisia prosesseja. Lievitt\u00e4\u00e4 tulehdusta ja ihon hilseily\u00e4, \u00e4rsytyst\u00e4 ja kuivumista.<\/p>\n<p>Keratiiniproteiini toimii rakennusmateriaalina, yhdistettyn\u00e4 luonnolliseen keratiiniin tunkeutuu helposti ihon ja kynsien rakenteeseen palauttaen niiden vaurioituneita alueita.<\/p>\n<p>Macadamia\u00f6ljy ravitsee tunkeutumalla syv\u00e4lle ihoon, rauhoittaa \u00e4rsytyst\u00e4, rauhoittaa, lievitt\u00e4\u00e4 hilseily\u00e4 ja kuivuutta. Stimuloi kynsilevyn kasvua.<\/p>\n<p>Makea manteli\u00f6ljy s\u00e4\u00e4telee vesi-lipiditasapainoa, nopeuttaa solujen uusiutumista, stimuloi kynsilevyn kasvua.<\/p>\n<p>Aktiivinen happi kuljettaa aktiiviset komponentit orvaskesi soluihin, tuhoaa mikrobeja, lievitt\u00e4\u00e4 \u00e4rsytyst\u00e4, nopeuttaa haavan paranemista ja ihon toipumista infektioiden j\u00e4lkeen, sill\u00e4 on antiseptinen vaikutus.<\/p>\n<p>Levit\u00e4 kahdesti p\u00e4iv\u00e4ss\u00e4 puhtaalle kynsilevylle ja\/tai vaurioituneelle alueelle ja sen alle. K\u00e4ytt\u00f6kurssi 4 viikosta alkaen. Levit\u00e4 tippoja ennaltaehk\u00e4isev\u00e4sti kahdesti viikossa.<\/p>","protected":false},"excerpt":{"rendered":"<p>VARO Ammattihintoja \u2013 KIRJAUDU SIS\u00c4\u00c4N!<\/p>\n<p>Tilojen aktiivinen koostumus sis\u00e4lt\u00e4\u00e4 tehokkaan galeenisten valmisteiden ja BAS:n kompleksin, joka on rikastettu hyaluronihapolla, keratiinilla ja aktiivisella hapella. Ne ratkaisevat tehokkaasti kynsi- ja iho-ongelmia. Voidaan k\u00e4ytt\u00e4\u00e4 onykolyysin, kynsien ja ihon sienen, ranteiden ja jalkojen ihottuman ehk\u00e4isyyn ja hoitoon. Halkeamien ja viiltojen nopea paraneminen, tulehdusten lievitys. Tuhoaa mikrobeja, on antibakteerinen vaikutus. Palauta ja kosteuta kynsinauhoja manikyyrin\/pedikyyrin j\u00e4lkeen.<\/p>","protected":false},"featured_media":10548,"template":"","meta":[],"product_brand":[],"product_cat":[99,97,98,234,239,244,246,245],"product_tag":[],"class_list":{"0":"post-10547","1":"product","2":"type-product","3":"status-publish","4":"has-post-thumbnail","6":"product_cat-straderm","7":"product_cat-personal-use","8":"product_cat-professional-use","9":"product_cat-homecare-products","10":"product_cat-nail-care-products","11":"product_cat-pedicure","12":"product_cat-homecare-products-pedicure","13":"product_cat-professional-products","15":"first","16":"instock","17":"taxable","18":"shipping-taxable","19":"purchasable","20":"product-type-simple"},"jetpack_sharing_enabled":true,"_links":{"self":[{"href":"https:\/\/shop.bestudio.ee\/fi\/wp-json\/wp\/v2\/product\/10547","targetHints":{"allow":["GET"]}}],"collection":[{"href":"https:\/\/shop.bestudio.ee\/fi\/wp-json\/wp\/v2\/product"}],"about":[{"href":"https:\/\/shop.bestudio.ee\/fi\/wp-json\/wp\/v2\/types\/product"}],"wp:featuredmedia":[{"embeddable":true,"href":"https:\/\/shop.bestudio.ee\/fi\/wp-json\/wp\/v2\/media\/10548"}],"wp:attachment":[{"href":"https:\/\/shop.bestudio.ee\/fi\/wp-json\/wp\/v2\/media?parent=10547"}],"wp:term":[{"taxonomy":"product_brand","embeddable":true,"href":"https:\/\/shop.bestudio.ee\/fi\/wp-json\/wp\/v2\/product_brand?post=10547"},{"taxonomy":"product_cat","embeddable":true,"href":"https:\/\/shop.bestudio.ee\/fi\/wp-json\/wp\/v2\/product_cat?post=10547"},{"taxonomy":"product_tag","embeddable":true,"href":"https:\/\/shop.bestudio.ee\/fi\/wp-json\/wp\/v2\/product_tag?post=10547"}],"curies":[{"name":"wp","href":"https:\/\/api.w.org\/{rel}","templated":true}]}}