{"id":10610,"date":"2025-10-01T02:28:17","date_gmt":"2025-09-30T23:28:17","guid":{"rendered":"https:\/\/shop.bestudio.ee\/?post_type=product&#038;p=10610"},"modified":"2026-02-12T22:30:02","modified_gmt":"2026-02-12T20:30:02","slug":"x-bond-bonding-gel","status":"publish","type":"product","link":"https:\/\/shop.bestudio.ee\/fi\/tuote\/x-bond-bonding-gel\/","title":{"rendered":"X-Bond-sidosgeeli"},"content":{"rendered":"<h3 class=\"station-tabs-tabtitle\"><span id=\"station-tabs-tab_ht-i0-t25\" class=\"station-tabs-tab mod-last is-active\" role=\"button\" aria-controls=\"station-tabs-tabpanel_ht-i0-t25\" data-slug=\"recommended-use\" aria-expanded=\"true\"><span class=\"station-tabs-tabtext\">SUOSITELTAVA K\u00c4YTT\u00d6:<\/span><\/span><\/h3>\n<div id=\"station-tabs-tabpanel_ht-i0-t25\" class=\"station-tabs-tabpanel is-active\" role=\"region\" aria-labelledby=\"station-tabs-tab_ht-i0-t25\" aria-hidden=\"false\">\n<div class=\"station-tabs-tabcontent\">\n<p><strong>Vaihe 1: Kynsien valmistelun j\u00e4lkeen<\/strong><br \/>\nKun olet suorittanut tavanomaisen kynsien valmistelutoimenpiteen, johon kuuluu kynsinauhojen k\u00e4sittely, kynsilevyn etsaus, puhdistus Akzentz Prep &amp; Wipe -puhdistusaineella ja pohjustuksen levitt\u00e4minen (valinnainen), levit\u00e4 kynsien pinnalle hyvin ohut ja hallitusti X-Bond-kerros.<\/p>\n<p><strong>Vaihe 2: Koveta<\/strong><br \/>\nKoveta 30 sekuntia Akz\u00e9ntz LED -lampussa. Parhaan tuloksen saavuttamiseksi suosittelemme Akz\u00e9ntz LED -lampun k\u00e4ytt\u00f6\u00e4.<\/p>\n<p><strong>Vaihe 3: Rakentaja tai v\u00e4ri\u00a0<\/strong><br \/>\n\u00c4l\u00e4 pyyhi estokerrosta pois kynsist\u00e4 kovettumisen j\u00e4lkeen. Levit\u00e4 valitsemasi rakennusaine tai v\u00e4rigeeli.<\/p>\n<p><strong>Vain ammattik\u00e4ytt\u00f6\u00f6n.<br \/>\n15 ml \/ 0,5 unssia<\/strong><\/p>\n<p><strong>AINESOSAT:<\/strong> DI-HEMA-TRIMETYYLIHEKSYLIDIKARBAMAATTI, HYDROKSIPROPYYLIMETAKRYLAATTI, HEMA-MALEAATTI, HYDROKSISYKLOHEKSYLIFENYYLIKETONI, ETYYLITRIMETYYLIBENSYYLIFENYYLIFOSFINAATTI, OMENAHAPPO, BIS(GLYSERYYLIDIMETAKRYLAATTI)PYROMELLITAATTI, P-HYDROKSYANISOLI<\/p>\n<\/div>\n<\/div>","protected":false},"excerpt":{"rendered":"<p>Yleisesti yhteensopiva alusgeeli, joka on suunniteltu toimimaan sek\u00e4 liukenevien ett\u00e4 kovien geelien kanssa. X-Bond on suunniteltu korvaamaan tavallinen alusgeeli (Luxio Base, Pro-Formance Adhere, Options Base tai Options Opti-Bond) ja pident\u00e4m\u00e4\u00e4n kynsien kestoa asiakkailla, joilla on pysyvyysongelmia, kuten kynsien irtoamista. X-Bond on erityisen hy\u00f6dyllinen asiakkaille, joilla on ohuet, liikaa t\u00e4ytetyt tai vaurioituneet kynnet (liikahappoiset).<strong><br \/>\n<\/strong><\/p>\n<p><strong>Tuotteen kohokohdat:\u00a0<\/strong><\/p>\n<ul>\n<li>Pohjageeli ohuille\/liikat\u00e4ytteisille\/vaahtoaville kynsille<\/li>\n<li>Toimii kaikkien Akz\u00e9ntz-geelien kanssa<\/li>\n<li>Ohut koostumus<\/li>\n<li>30 sekunnin LED-kovetus<\/li>\n<li>100% Puhdas geeli<\/li>\n<li>Liuotteeton ja 10-vapaa<\/li>\n<li>Helppo k\u00e4ytt\u00f6<\/li>\n<li>Liota pois -koostumus<\/li>\n<li>Luotettavat ja johdonmukaiset tulokset<\/li>\n<li>Valmistettu Kanadassa (eurooppalaisista ja pohjoisamerikkalaisista ainesosista)<\/li>\n<\/ul>","protected":false},"featured_media":10611,"template":"","meta":[],"product_brand":[],"product_cat":[267,273,290],"product_tag":[],"class_list":{"0":"post-10610","1":"product","2":"type-product","3":"status-publish","4":"has-post-thumbnail","6":"product_cat-akzentz","7":"product_cat-specialty-gels","8":"product_cat-x-bond","10":"first","11":"instock","12":"taxable","13":"shipping-taxable","14":"purchasable","15":"product-type-simple"},"jetpack_sharing_enabled":true,"_links":{"self":[{"href":"https:\/\/shop.bestudio.ee\/fi\/wp-json\/wp\/v2\/product\/10610","targetHints":{"allow":["GET"]}}],"collection":[{"href":"https:\/\/shop.bestudio.ee\/fi\/wp-json\/wp\/v2\/product"}],"about":[{"href":"https:\/\/shop.bestudio.ee\/fi\/wp-json\/wp\/v2\/types\/product"}],"wp:featuredmedia":[{"embeddable":true,"href":"https:\/\/shop.bestudio.ee\/fi\/wp-json\/wp\/v2\/media\/10611"}],"wp:attachment":[{"href":"https:\/\/shop.bestudio.ee\/fi\/wp-json\/wp\/v2\/media?parent=10610"}],"wp:term":[{"taxonomy":"product_brand","embeddable":true,"href":"https:\/\/shop.bestudio.ee\/fi\/wp-json\/wp\/v2\/product_brand?post=10610"},{"taxonomy":"product_cat","embeddable":true,"href":"https:\/\/shop.bestudio.ee\/fi\/wp-json\/wp\/v2\/product_cat?post=10610"},{"taxonomy":"product_tag","embeddable":true,"href":"https:\/\/shop.bestudio.ee\/fi\/wp-json\/wp\/v2\/product_tag?post=10610"}],"curies":[{"name":"wp","href":"https:\/\/api.w.org\/{rel}","templated":true}]}}