{"id":10614,"date":"2025-10-01T10:53:46","date_gmt":"2025-10-01T07:53:46","guid":{"rendered":"https:\/\/shop.bestudio.ee\/?post_type=product&#038;p=10614"},"modified":"2026-01-11T19:27:31","modified_gmt":"2026-01-11T17:27:31","slug":"nail-prep-120ml-4oz","status":"publish","type":"product","link":"https:\/\/shop.bestudio.ee\/fi\/tuote\/nail-prep-120ml-4oz\/","title":{"rendered":"KYNSIEN VALMISTUSAINE 120ml\/4oz"},"content":{"rendered":"<p>120 ml,<\/p>\n<p>Ainesosat: Isopropyylialkoholi, etyyliasetaatti, hajuste.<\/p>","protected":false},"excerpt":{"rendered":"<p>PREP &amp; WIPE on 2-in-1-tuote, jota k\u00e4ytet\u00e4\u00e4n kynnen puhdistukseen ja valmisteluun ennen tuotteen levitt\u00e4mist\u00e4 sek\u00e4 dispersiokerroksen poistamiseen levityksen j\u00e4lkeen.<\/p>\n<p>\u2022 Sis\u00e4lt\u00e4\u00e4 sienil\u00e4\u00e4kkeit\u00e4<br \/>\n\u2022 Raikas, kevyt tuoksu<br \/>\n\u2022 Kuivaa kynnen pintaa maksimaalisen tarttuvuuden saavuttamiseksi<br \/>\n\u2022 2-in-1 \u2013 Esik\u00e4sittely- ja viimeistelyliuos + geelisivellinpuhdistusaine<\/p>","protected":false},"featured_media":10615,"template":"","meta":[],"product_brand":[],"product_cat":[267,275,294],"product_tag":[],"class_list":{"0":"post-10614","1":"product","2":"type-product","3":"status-publish","4":"has-post-thumbnail","6":"product_cat-akzentz","7":"product_cat-basics","8":"product_cat-liquids","10":"first","11":"outofstock","12":"taxable","13":"shipping-taxable","14":"purchasable","15":"product-type-simple"},"jetpack_sharing_enabled":true,"_links":{"self":[{"href":"https:\/\/shop.bestudio.ee\/fi\/wp-json\/wp\/v2\/product\/10614","targetHints":{"allow":["GET"]}}],"collection":[{"href":"https:\/\/shop.bestudio.ee\/fi\/wp-json\/wp\/v2\/product"}],"about":[{"href":"https:\/\/shop.bestudio.ee\/fi\/wp-json\/wp\/v2\/types\/product"}],"wp:featuredmedia":[{"embeddable":true,"href":"https:\/\/shop.bestudio.ee\/fi\/wp-json\/wp\/v2\/media\/10615"}],"wp:attachment":[{"href":"https:\/\/shop.bestudio.ee\/fi\/wp-json\/wp\/v2\/media?parent=10614"}],"wp:term":[{"taxonomy":"product_brand","embeddable":true,"href":"https:\/\/shop.bestudio.ee\/fi\/wp-json\/wp\/v2\/product_brand?post=10614"},{"taxonomy":"product_cat","embeddable":true,"href":"https:\/\/shop.bestudio.ee\/fi\/wp-json\/wp\/v2\/product_cat?post=10614"},{"taxonomy":"product_tag","embeddable":true,"href":"https:\/\/shop.bestudio.ee\/fi\/wp-json\/wp\/v2\/product_tag?post=10614"}],"curies":[{"name":"wp","href":"https:\/\/api.w.org\/{rel}","templated":true}]}}