{"id":10637,"date":"2025-10-02T22:45:09","date_gmt":"2025-10-02T19:45:09","guid":{"rendered":"https:\/\/shop.bestudio.ee\/?post_type=product&#038;p=10637"},"modified":"2025-12-01T00:13:52","modified_gmt":"2025-11-30T22:13:52","slug":"luxio-gel-build-fawn-15ml-5oz","status":"publish","type":"product","link":"https:\/\/shop.bestudio.ee\/fi\/tuote\/luxio-gel-build-fawn-15ml-5oz\/","title":{"rendered":"LUXIO GEELI \u2013 RAKENNA VAALEA 15ml\/.5oz"},"content":{"rendered":"<h3 class=\"station-tabs-tabtitle\"><span id=\"station-tabs-tab_ht-i0-t11\" class=\"station-tabs-tab is-active\" tabindex=\"0\" role=\"button\" aria-controls=\"station-tabs-tabpanel_ht-i0-t11\" data-slug=\"product-highlightsnbsp\" aria-expanded=\"true\"><span class=\"station-tabs-tabtext\">TUOTTEEN KOHOKOHDAT:<\/span><\/span><\/h3>\n<div id=\"station-tabs-tabpanel_ht-i0-t11\" class=\"station-tabs-tabpanel is-active\" role=\"region\" aria-labelledby=\"station-tabs-tab_ht-i0-t11\" aria-hidden=\"false\">\n<div class=\"station-tabs-tabcontent\">\n<ul>\n<li>100% Puhdas geeli<\/li>\n<li>TPO-vapaa, HEMA-vapaa, 10-vapaa, liuotteeton, hajuton<\/li>\n<li>Itsetasoittuva rakennusgeeli<\/li>\n<li>Helppo k\u00e4ytt\u00f6<\/li>\n<li>T\u00e4ydellinen strukturoitujen manikyyrien lis\u00e4\u00e4miseen Luxio-palveluun<\/li>\n<li>Kerrostettava ja luonnollisen n\u00e4k\u00f6inen peitto<\/li>\n<li>Eritt\u00e4in kest\u00e4v\u00e4t ja pitk\u00e4kestoiset tulokset<\/li>\n<li>Ei lohkeile, irrota tai halkeile<\/li>\n<li>Voidaan helposti liottaa pois Akz\u00e9ntz Soak-Off Solutionilla.<\/li>\n<li>Valmistettu Kanadassa (eurooppalaisista ja pohjoisamerikkalaisista ainesosista)<\/li>\n<\/ul>\n<p>_________________________________________________________________<\/p>\n<h3 class=\"station-tabs-tabtitle\"><span id=\"station-tabs-tab_ht-i0-t27\" class=\"station-tabs-tab mod-last is-active\" tabindex=\"0\" role=\"button\" aria-controls=\"station-tabs-tabpanel_ht-i0-t27\" data-slug=\"recommended-use\" aria-expanded=\"true\"><span class=\"station-tabs-tabtext\">SUOSITELTAVA K\u00c4YTT\u00d6:<\/span><\/span><\/h3>\n<div id=\"station-tabs-tabpanel_ht-i0-t27\" class=\"station-tabs-tabpanel is-active\" role=\"region\" aria-labelledby=\"station-tabs-tab_ht-i0-t27\" aria-hidden=\"false\">\n<div class=\"station-tabs-tabcontent\">\n<p><strong>Vaihe 1: Kynsien valmistelu<\/strong><br \/>\nAloita valmistelemalla luonnonkynnet huolellisesti: puhdista Akz\u00e9ntz Prep &amp; Wipe -puhdistusaineella, poista kynsinauhat tai ty\u00f6nn\u00e4 ne taaksep\u00e4in ja kiillota kynsilevy poistaen kaiken kiillon. Suosittelemme 180-karkeusasteista viilaa.<\/p>\n<p><strong>Vaihe 2: Perussovellus<\/strong><br \/>\nLevit\u00e4 ohut, tasainen kerros Luxio\u00ae Base -lakkaa kynnen keskelle painamalla sivellint\u00e4 varovasti kynsinauhaa kohti koskematta siihen. Silit\u00e4 pohja kevyell\u00e4 k\u00e4dell\u00e4 kohti vapaata reunaa varmistaen, ett\u00e4 se peitt\u00e4\u00e4 koko kynsilevyn. Anna kuivua 30 sekuntia.<\/p>\n<p><strong>Vaihe 3: Sovelluksen rakentaminen<\/strong><br \/>\nValitse haluamasi Luxio\u00ae Build -s\u00e4vy. Maalaa ohut kerros koko kynsilevylle \u2013 \u00e4l\u00e4 koveta. Levit\u00e4 seuraavaksi Luxio\u00ae Build -vana kynnen keskelle luodaksesi vahvan k\u00e4rjen ja anna tuotteen tasoittua itsest\u00e4\u00e4n tasaisen ja sile\u00e4n pinnan saavuttamiseksi. Tee tarvittavat s\u00e4\u00e4d\u00f6t varovasti joko Luxio\u00ae-siveltimell\u00e4 (rajaussiveltimell\u00e4) ennen kuin kovetat 30 sekuntia Akzentz LED -valossa.<\/p>\n<p><strong>Vaihe 4: Muotoile ja viilaa (valinnainen)<\/strong><br \/>\nKovettumisen j\u00e4lkeen pyyhi kynsien pinta nukkaamattomalla geelipyyhkeell\u00e4, joka on kostutettu Prep &amp; Wipe -liuokseen. Muotoile ja viilaa kynnet haluamallasi tavalla Akzentz-kynsiviila\/kynsiviila-aineella. Kun pinta on valmis, pyyhi p\u00f6ly uudelleen Prep &amp; Wipe -liinalla.<\/p>\n<p><strong>Vaihe 5: Viimeistele<\/strong><br \/>\nViimeistele k\u00e4sittely levitt\u00e4m\u00e4ll\u00e4 Luxio\u00ae Gloss -pintak\u00e4sittely\u00e4 pitk\u00e4kestoiseen kiilt\u00e4v\u00e4\u00e4n pintaan. Anna kuivua 30 sekuntia ja poista sitten tahmea kerros Akz\u00e9ntz Prep &amp; Wipe -puhdistusaineella. Jos haluat tarttumattoman pintakiillon, k\u00e4yt\u00e4 Akz\u00e9ntz Shine-On -tuotetta. My\u00f6s mattapinta voidaan saavuttaa k\u00e4ytt\u00e4m\u00e4ll\u00e4 Akz\u00e9ntz Matte-On -tuotetta.<\/p>\n<p><strong>Vain ammattik\u00e4ytt\u00f6\u00f6n.<br \/>\n15 ml \/ 0,5 unssia<\/strong><\/p>\n<p><strong>Ainekset:<\/strong> DI-HEMA-TRIMETYYLIHEKSYYLIDIKARBAMAATTI, HYDROKSIPROPYYLIMETAKRYLAATTI, ETYYLITRIMETYYLIBENSYYLIFENYYLIFOSFINAATTI; P-HYDROKSYANISOLI, PIIDI, PIILISILYLAATTI [+\/-: C|77891, C|77491, C|77499, C|77492]<\/p>\n<\/div>\n<\/div>\n<\/div>\n<\/div>","protected":false},"excerpt":{"rendered":"<h3 class=\"station-tabs-tabtitle\"><span id=\"station-tabs-tab_ht-i0-t5\" class=\"station-tabs-tab mod-first is-active\" tabindex=\"0\" role=\"button\" aria-controls=\"station-tabs-tabpanel_ht-i0-t5\" data-slug=\"soak-off-builder-gelnbsp\" aria-expanded=\"true\"><span class=\"station-tabs-tabtext\">LIEVITTYV\u00c4 RAKENNUSFILEELI:<\/span><\/span><\/h3>\n<div id=\"station-tabs-tabpanel_ht-i0-t5\" class=\"station-tabs-tabpanel is-active\" role=\"region\" aria-labelledby=\"station-tabs-tab_ht-i0-t5\" aria-hidden=\"false\">\n<div class=\"station-tabs-tabcontent\">\n<p>Kellanruskea, L\u00e4mmin neutraali. Peitt\u00e4vyys kerrostettavalla tavalla.<\/p>\n<p><strong>Keskiohut viskositeettinen liotettava rakennusaine geelipullossa<br \/>\n<b>Vahvuus: <\/b><\/strong>5\/5<strong><b><br \/>\nKattavuus:\u00a0<\/b><\/strong>3\/5<strong><br \/>\n<b>Viskositeetti:\u00a0<\/b><\/strong>3\/5<\/p>\n<p>_______________________________________________________________<\/p>\n<h3 class=\"station-tabs-tabtitle\"><span id=\"station-tabs-tab_ht-i0-t15\" class=\"station-tabs-tab is-active\" tabindex=\"0\" role=\"button\" aria-controls=\"station-tabs-tabpanel_ht-i0-t15\" data-slug=\"aboutnbsp\" aria-expanded=\"true\"><span class=\"station-tabs-tabtext\">NOIN:<\/span><\/span><\/h3>\n<div id=\"station-tabs-tabpanel_ht-i0-t15\" class=\"station-tabs-tabpanel is-active\" role=\"region\" aria-labelledby=\"station-tabs-tab_ht-i0-t15\" aria-hidden=\"false\">\n<div class=\"station-tabs-tabcontent\">\n<p>Muunna heikot, joustavat tai hauraat kynnet kest\u00e4viksi, koviksi ja kest\u00e4viksi geelikynsiksi Luxio\u00ae Buildin avulla. T\u00e4m\u00e4 kest\u00e4v\u00e4 pinnoite tarjoaa vahvan ja kovan pohjan Luxio\u00ae-v\u00e4rik\u00e4sittelyille tai sit\u00e4 voidaan k\u00e4ytt\u00e4\u00e4 yksin\u00e4\u00e4n vahvistavana p\u00e4\u00e4llysteen\u00e4.<\/p>\n<\/div>\n<\/div>\n<\/div>\n<\/div>","protected":false},"featured_media":10638,"template":"","meta":[],"product_brand":[],"product_cat":[267,271],"product_tag":[],"class_list":{"0":"post-10637","1":"product","2":"type-product","3":"status-publish","4":"has-post-thumbnail","6":"product_cat-akzentz","7":"product_cat-luxio-build","9":"first","10":"instock","11":"taxable","12":"shipping-taxable","13":"purchasable","14":"product-type-simple"},"jetpack_sharing_enabled":true,"_links":{"self":[{"href":"https:\/\/shop.bestudio.ee\/fi\/wp-json\/wp\/v2\/product\/10637","targetHints":{"allow":["GET"]}}],"collection":[{"href":"https:\/\/shop.bestudio.ee\/fi\/wp-json\/wp\/v2\/product"}],"about":[{"href":"https:\/\/shop.bestudio.ee\/fi\/wp-json\/wp\/v2\/types\/product"}],"wp:featuredmedia":[{"embeddable":true,"href":"https:\/\/shop.bestudio.ee\/fi\/wp-json\/wp\/v2\/media\/10638"}],"wp:attachment":[{"href":"https:\/\/shop.bestudio.ee\/fi\/wp-json\/wp\/v2\/media?parent=10637"}],"wp:term":[{"taxonomy":"product_brand","embeddable":true,"href":"https:\/\/shop.bestudio.ee\/fi\/wp-json\/wp\/v2\/product_brand?post=10637"},{"taxonomy":"product_cat","embeddable":true,"href":"https:\/\/shop.bestudio.ee\/fi\/wp-json\/wp\/v2\/product_cat?post=10637"},{"taxonomy":"product_tag","embeddable":true,"href":"https:\/\/shop.bestudio.ee\/fi\/wp-json\/wp\/v2\/product_tag?post=10637"}],"curies":[{"name":"wp","href":"https:\/\/api.w.org\/{rel}","templated":true}]}}