{"id":10692,"date":"2025-10-03T01:03:44","date_gmt":"2025-10-02T22:03:44","guid":{"rendered":"https:\/\/shop.bestudio.ee\/?post_type=product&#038;p=10692"},"modified":"2025-12-01T00:13:13","modified_gmt":"2025-11-30T22:13:13","slug":"main-photo-luxio-gel-base-buff-15ml-5oz","status":"publish","type":"product","link":"https:\/\/shop.bestudio.ee\/fi\/tuote\/main-photo-luxio-gel-base-buff-15ml-5oz\/","title":{"rendered":"P\u00e4\u00e4kuva LUXIO GEL \u2013 BASE BUFF 15ml\/.5oz"},"content":{"rendered":"<h3 class=\"station-tabs-tabtitle\"><span id=\"station-tabs-tab_ht-i0-t9\" class=\"station-tabs-tab is-active\" tabindex=\"0\" role=\"button\" aria-controls=\"station-tabs-tabpanel_ht-i0-t9\" data-slug=\"product-highlightsnbsp\" aria-expanded=\"true\"><span class=\"station-tabs-tabtext\">PRODUCT HIGHLIGHTS:\u00a0<\/span><\/span><\/h3>\n<div id=\"station-tabs-tabpanel_ht-i0-t9\" class=\"station-tabs-tabpanel is-active\" role=\"region\" aria-labelledby=\"station-tabs-tab_ht-i0-t9\" aria-hidden=\"false\">\n<div class=\"station-tabs-tabcontent\">\n<ul>\n<li>100% Pure Gel Ethos<\/li>\n<li>TPO-Free, HEMA-Free, 10-Free, Solvent-Free, Odour-Free<\/li>\n<li>Self-levelling formula<\/li>\n<li>Perfects the nail surface for smooth Colour or Build applications<\/li>\n<li>Coats the natural nails and is non-damaging<\/li>\n<li>Made in Canada (with European and North American Ingredients)<\/li>\n<\/ul>\n<p>_________________________________________________________________<\/p>\n<h3 class=\"station-tabs-tabtitle\"><span id=\"station-tabs-tab_ht-i0-t21\" class=\"station-tabs-tab mod-last is-active\" tabindex=\"0\" role=\"button\" aria-controls=\"station-tabs-tabpanel_ht-i0-t21\" data-slug=\"recommended-use\" aria-expanded=\"true\"><span class=\"station-tabs-tabtext\">RECOMMENDED USE:<\/span><\/span><\/h3>\n<div id=\"station-tabs-tabpanel_ht-i0-t21\" class=\"station-tabs-tabpanel is-active\" role=\"region\" aria-labelledby=\"station-tabs-tab_ht-i0-t21\" aria-hidden=\"false\">\n<div class=\"station-tabs-tabcontent\">\n<ol>\n<li>After prepping the nails, apply a thin controlled layer to the natural nails. Do not allow Luxio\u00ae base to touch the cuticles or surrounding skin or product lifting and potential irritation can occur.<\/li>\n<li>Cure for 30 seconds in an Akz\u00e9ntz LED light. Do not wipe.<\/li>\n<li>Continue with Luxio\u00ae Colour, Luxio\u00ae Build or seal with Luxio\u00ae Gloss.<\/li>\n<\/ol>\n<p><strong>Perfect For<br \/>\n<\/strong>Regular, flexible or damaged natural nails.<\/p>\n<p><strong>For Professional-Use Only.<\/strong><\/p>\n<p><strong>Ingredients:<\/strong> DI-HEMA TRIMETHYLHEXYL DICARBAMATE, HYDROXYPROPYL METHACRYLATE, HEMA MALEATE, HYDROXYCYCLOHEXYL PHENYL KETONE, ETHYL TRIMETHYLBENZOYL PHENYLPHOSPHINATE, BIS(GLYCERYL DIMETHACRYLATE) PYROMELLITATE, MALEIC ACID, P-HYDROXYANISOLE, SILICA SILYLATE, [+\/-: C|77891, C|73360, C|77491, C|77492, C|77499, C|15850, C|60725, C|17200]<\/p>\n<\/div>\n<\/div>\n<\/div>\n<\/div>\n","protected":false},"excerpt":{"rendered":"<h3>SOAK-OFF-S\u00c4VYTETTY POHJALAKKA<\/h3>\n<p>_______________________________________________________________<\/p>\n<h3 class=\"station-tabs-tabtitle\"><span id=\"station-tabs-tab_ht-i0-t13\" class=\"station-tabs-tab is-active\" tabindex=\"0\" role=\"button\" aria-controls=\"station-tabs-tabpanel_ht-i0-t13\" data-slug=\"aboutnbsp\" aria-expanded=\"true\"><span class=\"station-tabs-tabtext\">NOIN:<\/span><\/span><\/h3>\n<div id=\"station-tabs-tabpanel_ht-i0-t13\" class=\"station-tabs-tabpanel is-active\" role=\"region\" aria-labelledby=\"station-tabs-tab_ht-i0-t13\" aria-hidden=\"false\">\n<div class=\"station-tabs-tabcontent\">\n<p>Luxio Tinted Base -s\u00e4vypohjaa suositellaan k\u00e4ytett\u00e4v\u00e4ksi, kun halutaan kevyt peitt\u00e4vyys tai peitt\u00e4v\u00e4 vaikutus kynsille k\u00e4ytett\u00e4ess\u00e4 Luxio-tuotteita, kuten Luxio Colour ja Luxio Build. Luxio Tinted Base -s\u00e4vypohja kest\u00e4\u00e4 erinomaisesti ja pysyy kynsiss\u00e4 joustavana antaen samalla kynsille luonnollisen ja t\u00e4ydellisen ulkon\u00e4\u00f6n kevyesti peitt\u00e4v\u00e4ll\u00e4 vaikutuksella. Voidaan levitt\u00e4\u00e4 kynsille vahvistavana ja suojaavana toimenpiteen\u00e4 ja viimeistell\u00e4 Luxio Gloss -lakalla, jos v\u00e4ri\u00e4 ei haluta.<\/p>\n<\/div>\n<\/div>","protected":false},"featured_media":10693,"template":"","meta":[],"product_brand":[],"product_cat":[267,268,270],"product_tag":[],"class_list":{"0":"post-10692","1":"product","2":"type-product","3":"status-publish","4":"has-post-thumbnail","6":"product_cat-akzentz","7":"product_cat-luxio","8":"product_cat-luxio-base","10":"first","11":"instock","12":"taxable","13":"shipping-taxable","14":"purchasable","15":"product-type-simple"},"jetpack_sharing_enabled":true,"_links":{"self":[{"href":"https:\/\/shop.bestudio.ee\/fi\/wp-json\/wp\/v2\/product\/10692","targetHints":{"allow":["GET"]}}],"collection":[{"href":"https:\/\/shop.bestudio.ee\/fi\/wp-json\/wp\/v2\/product"}],"about":[{"href":"https:\/\/shop.bestudio.ee\/fi\/wp-json\/wp\/v2\/types\/product"}],"wp:featuredmedia":[{"embeddable":true,"href":"https:\/\/shop.bestudio.ee\/fi\/wp-json\/wp\/v2\/media\/10693"}],"wp:attachment":[{"href":"https:\/\/shop.bestudio.ee\/fi\/wp-json\/wp\/v2\/media?parent=10692"}],"wp:term":[{"taxonomy":"product_brand","embeddable":true,"href":"https:\/\/shop.bestudio.ee\/fi\/wp-json\/wp\/v2\/product_brand?post=10692"},{"taxonomy":"product_cat","embeddable":true,"href":"https:\/\/shop.bestudio.ee\/fi\/wp-json\/wp\/v2\/product_cat?post=10692"},{"taxonomy":"product_tag","embeddable":true,"href":"https:\/\/shop.bestudio.ee\/fi\/wp-json\/wp\/v2\/product_tag?post=10692"}],"curies":[{"name":"wp","href":"https:\/\/api.w.org\/{rel}","templated":true}]}}