{"id":10703,"date":"2025-10-03T23:52:52","date_gmt":"2025-10-03T20:52:52","guid":{"rendered":"https:\/\/shop.bestudio.ee\/?post_type=product&#038;p=10703"},"modified":"2026-02-12T22:33:30","modified_gmt":"2026-02-12T20:33:30","slug":"luxio-gel-base-nudist-15ml-5oz","status":"publish","type":"product","link":"https:\/\/shop.bestudio.ee\/fi\/tuote\/luxio-gel-base-nudist-15ml-5oz\/","title":{"rendered":"LUXIO GEL \u2013 BASE NUDIST 15ml\/.5oz"},"content":{"rendered":"<h3 class=\"station-tabs-tabtitle\"><span id=\"station-tabs-tab_ht-i0-t9\" class=\"station-tabs-tab is-active\" role=\"button\" aria-controls=\"station-tabs-tabpanel_ht-i0-t9\" data-slug=\"product-highlightsnbsp\" aria-expanded=\"true\"><span class=\"station-tabs-tabtext\">TUOTTEEN KOHOKOHDAT:\u00a0<\/span><\/span><\/h3>\n<div id=\"station-tabs-tabpanel_ht-i0-t9\" class=\"station-tabs-tabpanel is-active\" role=\"region\" aria-labelledby=\"station-tabs-tab_ht-i0-t9\" aria-hidden=\"false\">\n<div class=\"station-tabs-tabcontent\">\n<ul>\n<li>100% Pure Gel Ethos<\/li>\n<li>TPO-vapaa, HEMA-vapaa, 10-vapaa, liuotteeton, hajuton<\/li>\n<li>Itsetasoittuva koostumus<\/li>\n<li>T\u00e4ydent\u00e4\u00e4 kynnen pintaa tasaisille v\u00e4ri- tai rakennekynsien levityksille<\/li>\n<li>Peitt\u00e4\u00e4 luonnolliset kynnet eik\u00e4 vahingoita niit\u00e4<\/li>\n<li>Valmistettu Kanadassa (eurooppalaisista ja pohjoisamerikkalaisista ainesosista)<\/li>\n<\/ul>\n<p>_________________________________________________________________<\/p>\n<h3 class=\"station-tabs-tabtitle\"><span id=\"station-tabs-tab_ht-i0-t19\" class=\"station-tabs-tab mod-last is-active\" role=\"button\" aria-controls=\"station-tabs-tabpanel_ht-i0-t19\" data-slug=\"recommended-use\" aria-expanded=\"true\"><span class=\"station-tabs-tabtext\">SUOSITELTAVA K\u00c4YTT\u00d6:<\/span><\/span><\/h3>\n<div id=\"station-tabs-tabpanel_ht-i0-t19\" class=\"station-tabs-tabpanel is-active\" role=\"region\" aria-labelledby=\"station-tabs-tab_ht-i0-t19\" aria-hidden=\"false\">\n<div class=\"station-tabs-tabcontent\">\n<ol>\n<li>Valmisteltuasi kynnet, levit\u00e4 ohut, hallittu kerros luonnollisille kynsille. \u00c4l\u00e4 anna Luxio\u00ae-pohjan koskettaa kynsinauhoja tai ymp\u00e4r\u00f6iv\u00e4\u00e4 ihoa, sill\u00e4 se voi aiheuttaa \u00e4rsytyst\u00e4.<\/li>\n<li>Koveta 30 sekuntia Akz\u00e9ntz LED -lampussa. \u00c4l\u00e4 pyyhi.<\/li>\n<li>Jatka Luxio\u00ae Colour- tai Luxio\u00ae Build -tuotteilla tai tiivist\u00e4 Luxio\u00ae Gloss -tuotteilla.<\/li>\n<\/ol>\n<p><strong>T\u00e4ydellinen<br \/>\n<\/strong>Normaalit, joustavat tai vaurioituneet luonnonkynnet.<\/p>\n<p><strong>Vain ammattik\u00e4ytt\u00f6\u00f6n.<\/strong><\/p>\n<p><strong>Ainekset:<\/strong> DI-HEMA-TRIMETYYLIHEKSYLIDIKARBAMAATTI, HYDROKSIPROPYYLIMETAKRYLAATTI, HEMA-MALEAATTI, HYDROKSISYKLOHEKSYLIFENYYLIKETONI, ETYYLITRIMETYYLIBENSYYLIFENYYLIFOSFINAATTI; BIS(GLYSERYYLIDIMETAKRYLAATTI)PYROMELLITAATTI, MALEIINHAPPO, P-HYDROKSYANISOLI, PIIDISILYLAATTI, [+\/-:C|77891, C|73360, C|77491, C|77499, C|15850]<\/p>\n<\/div>\n<\/div>\n<\/div>\n<\/div>","protected":false},"excerpt":{"rendered":"<h3>SOAK-OFF-S\u00c4VYTETTY POHJALAKKA<\/h3>\n<p>_______________________________________________________________<\/p>\n<h3 class=\"station-tabs-tabtitle\"><span id=\"station-tabs-tab_ht-i0-t13\" class=\"station-tabs-tab is-active\" role=\"button\" aria-controls=\"station-tabs-tabpanel_ht-i0-t13\" data-slug=\"aboutnbsp\" aria-expanded=\"true\"><span class=\"station-tabs-tabtext\">NOIN:<\/span><\/span><\/h3>\n<div id=\"station-tabs-tabpanel_ht-i0-t13\" class=\"station-tabs-tabpanel is-active\" role=\"region\" aria-labelledby=\"station-tabs-tab_ht-i0-t13\" aria-hidden=\"false\">\n<div class=\"station-tabs-tabcontent\">\n<p>Luxio Tinted Base -s\u00e4vypohjaa suositellaan k\u00e4ytett\u00e4v\u00e4ksi, kun halutaan kevyt peitt\u00e4vyys tai peitt\u00e4v\u00e4 vaikutus kynsille k\u00e4ytett\u00e4ess\u00e4 Luxio-tuotteita, kuten Luxio Colour ja Luxio Build. Luxio Tinted Base -s\u00e4vypohja kest\u00e4\u00e4 erinomaisesti ja pysyy kynsiss\u00e4 joustavana antaen samalla kynsille luonnollisen ja t\u00e4ydellisen ulkon\u00e4\u00f6n kevyesti peitt\u00e4v\u00e4ll\u00e4 vaikutuksella. Voidaan levitt\u00e4\u00e4 kynsille vahvistavana ja suojaavana toimenpiteen\u00e4 ja viimeistell\u00e4 Luxio Gloss -lakalla, jos v\u00e4ri\u00e4 ei haluta.<\/p>\n<\/div>\n<\/div>","protected":false},"featured_media":10706,"template":"","meta":[],"product_brand":[],"product_cat":[267,268,270],"product_tag":[],"class_list":{"0":"post-10703","1":"product","2":"type-product","3":"status-publish","4":"has-post-thumbnail","6":"product_cat-akzentz","7":"product_cat-luxio","8":"product_cat-luxio-base","10":"first","11":"instock","12":"taxable","13":"shipping-taxable","14":"purchasable","15":"product-type-simple"},"jetpack_sharing_enabled":true,"_links":{"self":[{"href":"https:\/\/shop.bestudio.ee\/fi\/wp-json\/wp\/v2\/product\/10703","targetHints":{"allow":["GET"]}}],"collection":[{"href":"https:\/\/shop.bestudio.ee\/fi\/wp-json\/wp\/v2\/product"}],"about":[{"href":"https:\/\/shop.bestudio.ee\/fi\/wp-json\/wp\/v2\/types\/product"}],"wp:featuredmedia":[{"embeddable":true,"href":"https:\/\/shop.bestudio.ee\/fi\/wp-json\/wp\/v2\/media\/10706"}],"wp:attachment":[{"href":"https:\/\/shop.bestudio.ee\/fi\/wp-json\/wp\/v2\/media?parent=10703"}],"wp:term":[{"taxonomy":"product_brand","embeddable":true,"href":"https:\/\/shop.bestudio.ee\/fi\/wp-json\/wp\/v2\/product_brand?post=10703"},{"taxonomy":"product_cat","embeddable":true,"href":"https:\/\/shop.bestudio.ee\/fi\/wp-json\/wp\/v2\/product_cat?post=10703"},{"taxonomy":"product_tag","embeddable":true,"href":"https:\/\/shop.bestudio.ee\/fi\/wp-json\/wp\/v2\/product_tag?post=10703"}],"curies":[{"name":"wp","href":"https:\/\/api.w.org\/{rel}","templated":true}]}}