{"id":10725,"date":"2025-10-04T22:06:53","date_gmt":"2025-10-04T19:06:53","guid":{"rendered":"https:\/\/shop.bestudio.ee\/?post_type=product&#038;p=10725"},"modified":"2025-12-01T00:11:40","modified_gmt":"2025-11-30T22:11:40","slug":"luxio-delightful-15ml-5oz","status":"publish","type":"product","link":"https:\/\/shop.bestudio.ee\/fi\/tuote\/luxio-delightful-15ml-5oz\/","title":{"rendered":"LUXIO \u2013 DELIGHTFUL 15 ml\/.5oz"},"content":{"rendered":"<h3 class=\"station-tabs-tabtitle\"><span id=\"station-tabs-tab_ht-i0-t11\" class=\"station-tabs-tab is-active\" tabindex=\"0\" role=\"button\" aria-controls=\"station-tabs-tabpanel_ht-i0-t11\" data-slug=\"product-highlightsnbsp\" aria-expanded=\"true\"><span class=\"station-tabs-tabtext\">TUOTTEEN KOHOKOHDAT:\u00a0<\/span><\/span><\/h3>\n<div id=\"station-tabs-tabpanel_ht-i0-t11\" class=\"station-tabs-tabpanel is-active\" role=\"region\" aria-labelledby=\"station-tabs-tab_ht-i0-t11\" aria-hidden=\"false\">\n<div class=\"station-tabs-tabcontent\">\n<ul>\n<li>100% Puhdas geeli<\/li>\n<li>TPO-vapaa, HEMA-vapaa, 10-vapaa, liuotteeton, hajuton<\/li>\n<li>Itsetasoittuva koostumus<\/li>\n<li>Helppo k\u00e4ytt\u00f6<\/li>\n<li>Kutistumaton<\/li>\n<li>Erinomaisen ja tasaisen peitt\u00e4vyyden omaavat v\u00e4rit<\/li>\n<li>Eritt\u00e4in kest\u00e4v\u00e4t ja pitk\u00e4kestoiset tulokset<\/li>\n<li>Ei lohkeile, irrota tai halkeile<\/li>\n<li>Voidaan helposti liottaa pois Akz\u00e9ntz Soak-Off Solutionilla.<\/li>\n<li>Valmistettu Kanadassa (eurooppalaisista ja pohjoisamerikkalaisista ainesosista)<\/li>\n<\/ul>\n<p>_________________________________________________________________<\/p>\n<h3 class=\"station-tabs-tabtitle\"><span id=\"station-tabs-tab_ht-i0-t37\" class=\"station-tabs-tab mod-last is-active\" tabindex=\"0\" role=\"button\" aria-controls=\"station-tabs-tabpanel_ht-i0-t37\" data-slug=\"recommended-use\" aria-expanded=\"true\"><span class=\"station-tabs-tabtext\">SUOSITELTAVA K\u00c4YTT\u00d6:<\/span><\/span><\/h3>\n<div id=\"station-tabs-tabpanel_ht-i0-t37\" class=\"station-tabs-tabpanel is-active\" role=\"region\" aria-labelledby=\"station-tabs-tab_ht-i0-t37\" aria-hidden=\"false\">\n<div class=\"station-tabs-tabcontent\">\n<p><strong>Vaihe 1: Kynsien valmistelu<\/strong><br \/>\nAloita valmistelemalla luonnonkynnet huolellisesti: puhdista Akz\u00e9ntz Prep &amp; Wipe -puhdistusaineella, poista kynsinauhat tai ty\u00f6nn\u00e4 ne taaksep\u00e4in ja kiillota kynsilevy poistaen kaiken kiillon. Suosittelemme 180-karkeusasteista viilaa.<\/p>\n<p><strong>Vaihe 2: Perussovellus<\/strong><br \/>\nLevit\u00e4 ohut, tasainen kerros Luxio\u00ae Base -lakkaa kynnen keskelle painamalla sivellint\u00e4 varovasti kynsinauhaa kohti koskematta siihen. Silit\u00e4 pohja kevyell\u00e4 k\u00e4dell\u00e4 kohti vapaata reunaa varmistaen, ett\u00e4 se peitt\u00e4\u00e4 koko kynsilevyn. Anna kuivua 30 sekuntia.<\/p>\n<p><strong>Vaihe 3: V\u00e4rin levitys<\/strong><br \/>\nValitse haluamasi Luxio\u00ae-v\u00e4ri. Levit\u00e4 v\u00e4ri samalla tekniikalla ty\u00f6nt\u00e4m\u00e4ll\u00e4 sivellint\u00e4 yl\u00f6sp\u00e4in kynsinauhoa kohti ja vet\u00e4m\u00e4ll\u00e4 sit\u00e4 tasaisesti alasp\u00e4in kynnen yli. Anna kuivua 30 sekuntia.<\/p>\n<p><strong>Vaihe 4: Toinen v\u00e4rikerros<\/strong><br \/>\nToista v\u00e4rin levitysprosessi toisen kerroksen levitt\u00e4miseksi. Edistyneille kynsitaiteilijoille suosittelemme k\u00e4ytt\u00e4m\u00e4\u00e4n ohutta rajaussivellint\u00e4 v\u00e4rin levitt\u00e4miseen mahdollisimman l\u00e4helle kynsinauhoja koskettamatta pintaa t\u00e4ydellisen lopputuloksen saavuttamiseksi. Anna kuivua 30 sekuntia.<\/p>\n<p><strong>Vaihe 5: Viimeistele<\/strong><br \/>\nViimeistele k\u00e4sittely levitt\u00e4m\u00e4ll\u00e4 Luxio\u00ae Gloss -pintak\u00e4sittely\u00e4 pitk\u00e4kestoiseen kiilt\u00e4v\u00e4\u00e4n pintaan. Anna kuivua 30 sekuntia ja poista sitten tahmea kerros Akz\u00e9ntz Prep &amp; Wipe -puhdistusaineella. Jos haluat tarttumattoman pintakiillon, k\u00e4yt\u00e4 Akz\u00e9ntz Shine-On -tuotetta. My\u00f6s mattapinta voidaan saavuttaa k\u00e4ytt\u00e4m\u00e4ll\u00e4 Akz\u00e9ntz Matte-On -tuotetta.<\/p>\n<p>&nbsp;<\/p>\n<p><strong>T\u00e4ydellinen: <\/strong>Lyhyille, hauraille, heikoille tai pehmeille ja taipuisille kynsille. Sopii kaikille kynsityypeille.<\/p>\n<p><strong>Vain ammattik\u00e4ytt\u00f6\u00f6n.<br \/>\n15 ml \/ 0,5 unssia<\/strong><\/p>\n<p>Ainesosat: Di-HEMA-trimetyyliheksyylidikarbamaatti, hydroksipropyylimetakrilaatti, HEMA, hydroksisykloheksyylifenyyliketoni, trimetyylibentsoyylidifenyylifosfiinioksidi, polyuretaani-11, P-hydroksianisoli, piidioksidisilylaatti, [+\/-: C|77891, C|19140, C|45410]<\/p>\n<\/div>\n<\/div>\n<\/div>\n<\/div>","protected":false},"excerpt":{"rendered":"<h3 class=\"station-tabs-tabtitle\"><span id=\"station-tabs-tab_ht-i0-t5\" class=\"station-tabs-tab mod-first is-active\" tabindex=\"0\" role=\"button\" aria-controls=\"station-tabs-tabpanel_ht-i0-t5\" data-slug=\"soak-off-gel-polish\" aria-expanded=\"true\"><span class=\"station-tabs-tabtext\">SOAK-OFF-GEELILAKKA<\/span><\/span><\/h3>\n<div id=\"station-tabs-tabpanel_ht-i0-t5\" class=\"station-tabs-tabpanel is-active\" role=\"region\" aria-labelledby=\"station-tabs-tab_ht-i0-t5\" aria-hidden=\"false\">\n<div class=\"station-tabs-tabcontent\">\n<p>Ihastuttava, eloisan viile\u00e4n pinkki.<\/p>\n<\/div>\n<\/div>\n<p>Luxio on 100% puhdas geeli, joka on hajuton ja liuotteeton. Se on kehitetty peitt\u00e4m\u00e4\u00e4n ja suojaamaan luonnollista kyntt\u00e4. Luxio on helppo levitt\u00e4\u00e4 ja tarjoaa maksimaalisen hallinnan, joten se on t\u00e4ydellinen valinta pitk\u00e4kestoiseen geelimanikyyriin tai -pedikyyriin.<\/p>\n<p>\u2022 Hajuton<br \/>\n\u2022 100%-geeliformulaatio<br \/>\n\u2022 Liuotteeton<br \/>\n\u2022 Vain ammattilaisille<br \/>\n\u2022 Turvallinen ja helppo levitt\u00e4\u00e4<br \/>\n\u2022 T\u00e4ytel\u00e4iset, eritt\u00e4in pigmenttiset v\u00e4rit<br \/>\n\u2022 Kermainen koostumus, joka on kehitetty t\u00e4ydelliseen hallintaan<br \/>\n\u2022 Valmistettu Kanadassa vain pohjoisamerikkalaisista ja eurooppalaisista ainesosista<\/p>","protected":false},"featured_media":10729,"template":"","meta":[],"product_brand":[],"product_cat":[267,268,269],"product_tag":[],"class_list":{"0":"post-10725","1":"product","2":"type-product","3":"status-publish","4":"has-post-thumbnail","6":"product_cat-akzentz","7":"product_cat-luxio","8":"product_cat-luxio-colour","10":"first","11":"instock","12":"taxable","13":"shipping-taxable","14":"purchasable","15":"product-type-simple"},"jetpack_sharing_enabled":true,"_links":{"self":[{"href":"https:\/\/shop.bestudio.ee\/fi\/wp-json\/wp\/v2\/product\/10725","targetHints":{"allow":["GET"]}}],"collection":[{"href":"https:\/\/shop.bestudio.ee\/fi\/wp-json\/wp\/v2\/product"}],"about":[{"href":"https:\/\/shop.bestudio.ee\/fi\/wp-json\/wp\/v2\/types\/product"}],"wp:featuredmedia":[{"embeddable":true,"href":"https:\/\/shop.bestudio.ee\/fi\/wp-json\/wp\/v2\/media\/10729"}],"wp:attachment":[{"href":"https:\/\/shop.bestudio.ee\/fi\/wp-json\/wp\/v2\/media?parent=10725"}],"wp:term":[{"taxonomy":"product_brand","embeddable":true,"href":"https:\/\/shop.bestudio.ee\/fi\/wp-json\/wp\/v2\/product_brand?post=10725"},{"taxonomy":"product_cat","embeddable":true,"href":"https:\/\/shop.bestudio.ee\/fi\/wp-json\/wp\/v2\/product_cat?post=10725"},{"taxonomy":"product_tag","embeddable":true,"href":"https:\/\/shop.bestudio.ee\/fi\/wp-json\/wp\/v2\/product_tag?post=10725"}],"curies":[{"name":"wp","href":"https:\/\/api.w.org\/{rel}","templated":true}]}}