{"id":10744,"date":"2025-10-04T22:41:29","date_gmt":"2025-10-04T19:41:29","guid":{"rendered":"https:\/\/shop.bestudio.ee\/?post_type=product&#038;p=10744"},"modified":"2025-12-01T00:10:51","modified_gmt":"2025-11-30T22:10:51","slug":"luxio-fairy-15ml-5oz","status":"publish","type":"product","link":"https:\/\/shop.bestudio.ee\/fi\/tuote\/luxio-fairy-15ml-5oz\/","title":{"rendered":"LUXIO \u2013 KEIJU 15ml\/.5oz"},"content":{"rendered":"<h3><strong>T\u00c4RKE\u00c4 HUOMAUTUS<\/strong><\/h3>\n<p>Sekoita ennen k\u00e4ytt\u00f6\u00e4.<\/p>\n<p>V\u00e4rien visualisointi tapahtuu digitaalisessa ymp\u00e4rist\u00f6ss\u00e4, ja s\u00e4vyjen esitys voi vaihdella hieman n\u00e4ytt\u00f6asetuksista riippuen. Todellinen v\u00e4ris\u00e4vy voi poiketa todellisissa olosuhteissa.<\/p>\n<h3>___________________________________________________<\/h3>\n<h3><strong>SUOSITELTAVA K\u00c4YTT\u00d6:<\/strong><\/h3>\n<p><strong>Vaihe 1: Kynsien valmistelu<\/strong><br \/>\nAloita valmistelemalla luonnonkynnet huolellisesti: puhdista Akz\u00e9ntz Prep &amp; Wipe -puhdistusaineella, poista kynsinauhat tai ty\u00f6nn\u00e4 ne taaksep\u00e4in ja kiillota kynsilevy poistaen kaiken kiillon. Suosittelemme 180-karkeusasteista viilaa.<\/p>\n<p><strong>Vaihe 2: Perussovellus<\/strong><br \/>\nLevit\u00e4 ohut, tasainen kerros Luxio\u00ae Base -lakkaa kynnen keskelle painamalla sivellint\u00e4 varovasti kynsinauhaa kohti koskematta siihen. Silit\u00e4 pohja kevyell\u00e4 k\u00e4dell\u00e4 kohti vapaata reunaa varmistaen, ett\u00e4 se peitt\u00e4\u00e4 koko kynsilevyn. Anna kuivua 30 sekuntia.<\/p>\n<p><strong>Vaihe 3: V\u00e4rin levitys<\/strong><br \/>\nValitse haluamasi Luxio\u00ae-v\u00e4ri. Levit\u00e4 v\u00e4ri samalla tekniikalla ty\u00f6nt\u00e4m\u00e4ll\u00e4 sivellint\u00e4 yl\u00f6sp\u00e4in kynsinauhoa kohti ja vet\u00e4m\u00e4ll\u00e4 sit\u00e4 tasaisesti alasp\u00e4in kynnen yli. Anna kuivua 30 sekuntia.<\/p>\n<p><strong>Vaihe 4: Toinen v\u00e4rikerros<\/strong><br \/>\nToista v\u00e4rin levitysprosessi toisen kerroksen levitt\u00e4miseksi. Edistyneille kynsitaiteilijoille suosittelemme k\u00e4ytt\u00e4m\u00e4\u00e4n ohutta rajaussivellint\u00e4 v\u00e4rin levitt\u00e4miseen mahdollisimman l\u00e4helle kynsinauhoja koskettamatta pintaa t\u00e4ydellisen lopputuloksen saavuttamiseksi. Anna kuivua 30 sekuntia.<\/p>\n<p><strong>Vaihe 5: Viimeistele<\/strong><br \/>\nViimeistele k\u00e4sittely levitt\u00e4m\u00e4ll\u00e4 Luxio\u00ae Gloss -pintak\u00e4sittely\u00e4 pitk\u00e4kestoiseen kiilt\u00e4v\u00e4\u00e4n pintaan. Anna kuivua 30 sekuntia ja poista sitten tahmea kerros Akz\u00e9ntz Prep &amp; Wipe -puhdistusaineella. Jos haluat tarttumattoman pintakiillon, k\u00e4yt\u00e4 Akz\u00e9ntz Shine-On -tuotetta. My\u00f6s mattapinta voidaan saavuttaa k\u00e4ytt\u00e4m\u00e4ll\u00e4 Akz\u00e9ntz Matte-On -tuotetta.<\/p>\n<p><strong>T\u00e4ydellinen:\u00a0<\/strong>Lyhyille, hauraille, heikoille tai pehmeille ja taipuisille kynsille. Sopii kaikille kynsityypeille.<\/p>\n<p><strong>Vain ammattik\u00e4ytt\u00f6\u00f6n.<br \/>\n15 ml \/ 0,5 unssia<\/strong><\/p>\n<p><strong>AINESOSAT:<\/strong> BIS-HYDROKSYETYYLIAKRYLAATTIPOLY(NEOPENTYLIGLYKOLIADIPAATTI)\/IPDI-KOPOLYMEERI, HYDROKSIPROPYYLIMETAKRYLAATTI, ETYYLITRIMETYYLIBENSYYLIFENYYLIFOSFINAATTI; P-HYDROKSYANISOLI, PIIDISILYLAATTI, [+\/-: C|15850, C|17200, C|19140, C|42090, C|45410, C|47005, C|60725, C|73360, C|77007, C|77288, C|77491, C|77492, C|77499, C|77510, C|77742, C|77891]<\/p>","protected":false},"excerpt":{"rendered":"<h3><strong>SOAK-OFF-GEELILAKKA<\/strong><\/h3>\n<p>Fairy, ultravaalea viile\u00e4 pinkki.<\/p>\n<p>_______________________________________________________________<\/p>\n<h3><strong>TUOTTEEN KOHOKOHDAT:<\/strong><\/h3>\n<ul>\n<li>100% Puhdas geeli<\/li>\n<li>TPO-vapaa, HEMA-vapaa, 10-vapaa, liuotteeton, hajuton<\/li>\n<li>Itsetasoittuva koostumus<\/li>\n<li>Helppo k\u00e4ytt\u00f6<\/li>\n<li>Kutistumaton<\/li>\n<li>Erinomaisen ja tasaisen peitt\u00e4vyyden omaavat v\u00e4rit<\/li>\n<li>Eritt\u00e4in kest\u00e4v\u00e4t ja pitk\u00e4kestoiset tulokset<\/li>\n<li>Ei lohkeile, irrota tai halkeile<\/li>\n<li>Voidaan helposti liottaa pois Akz\u00e9ntz Soak-Off Solutionilla.<\/li>\n<li>Valmistettu Kanadassa (eurooppalaisista ja pohjoisamerikkalaisista ainesosista)<\/li>\n<\/ul>\n<h3>_________________________________________________<\/h3>\n<h3><strong>NOIN:<\/strong><\/h3>\n<p>Luxio\u00ae By Akzentz on puhdasta ylellisyytt\u00e4 pullossa. Ainutlaatuinen, kermainen ja runsaspigmenttinen koostumuksemme takaa tasaisen ja sile\u00e4n peiton joka kerta. Luxio\u00ae on puhdas geelim\u00e4inen koostumus, joka on helppo levitt\u00e4\u00e4 ja vertaansa vailla olevaa kest\u00e4vyytt\u00e4 samalla, kun se yll\u00e4pit\u00e4\u00e4 ja tukee luonnollisten kynsien terveytt\u00e4. Luxio\u00ae tarjoaa ylellisimm\u00e4n kokemuksen paitsi kynsiartisteille, my\u00f6s vaativimmille asiakkaille.<\/p>","protected":false},"featured_media":10748,"template":"","meta":[],"product_brand":[],"product_cat":[267,268,269],"product_tag":[],"class_list":{"0":"post-10744","1":"product","2":"type-product","3":"status-publish","4":"has-post-thumbnail","6":"product_cat-akzentz","7":"product_cat-luxio","8":"product_cat-luxio-colour","10":"first","11":"instock","12":"taxable","13":"shipping-taxable","14":"purchasable","15":"product-type-simple"},"jetpack_sharing_enabled":true,"_links":{"self":[{"href":"https:\/\/shop.bestudio.ee\/fi\/wp-json\/wp\/v2\/product\/10744","targetHints":{"allow":["GET"]}}],"collection":[{"href":"https:\/\/shop.bestudio.ee\/fi\/wp-json\/wp\/v2\/product"}],"about":[{"href":"https:\/\/shop.bestudio.ee\/fi\/wp-json\/wp\/v2\/types\/product"}],"wp:featuredmedia":[{"embeddable":true,"href":"https:\/\/shop.bestudio.ee\/fi\/wp-json\/wp\/v2\/media\/10748"}],"wp:attachment":[{"href":"https:\/\/shop.bestudio.ee\/fi\/wp-json\/wp\/v2\/media?parent=10744"}],"wp:term":[{"taxonomy":"product_brand","embeddable":true,"href":"https:\/\/shop.bestudio.ee\/fi\/wp-json\/wp\/v2\/product_brand?post=10744"},{"taxonomy":"product_cat","embeddable":true,"href":"https:\/\/shop.bestudio.ee\/fi\/wp-json\/wp\/v2\/product_cat?post=10744"},{"taxonomy":"product_tag","embeddable":true,"href":"https:\/\/shop.bestudio.ee\/fi\/wp-json\/wp\/v2\/product_tag?post=10744"}],"curies":[{"name":"wp","href":"https:\/\/api.w.org\/{rel}","templated":true}]}}