{"id":10801,"date":"2025-10-05T11:59:16","date_gmt":"2025-10-05T08:59:16","guid":{"rendered":"https:\/\/shop.bestudio.ee\/?post_type=product&#038;p=10801"},"modified":"2025-12-01T00:09:02","modified_gmt":"2025-11-30T22:09:02","slug":"luxio-vintage-15ml-5oz","status":"publish","type":"product","link":"https:\/\/shop.bestudio.ee\/fi\/tuote\/luxio-vintage-15ml-5oz\/","title":{"rendered":"LUXIO \u2013 VINTAGE 15ml\/.5oz"},"content":{"rendered":"<h3><strong>IMPORTANT NOTE<\/strong><\/h3>\n<p>Stir before Use.<\/p>\n<p>Color visualization occurs in a digital environment, and shade representation may vary slightly depending on your screen settings. The actual color tone may differ in real-life conditions.<\/p>\n<p>_________________________________________________________________<\/p>\n<h3><strong>RECOMMENDED USE:<\/strong><\/h3>\n<p><strong>Step 1: Nail Preparation<\/strong><br \/>\nBegin by thoroughly prepping the natural nails: cleanse with Akz\u00e9ntz Prep &amp; Wipe, push back or remove cuticles, and buff the nail plate removing all shine, we recommend a 180 grit file.<\/p>\n<p><strong>Step 2: Base Application<\/strong><br \/>\nApply a thin, even layer of Luxio\u00ae Base to the center of the nail, carefully pushing the brush up to the cuticle without touching it. With a light hand, smooth the base down towards the free edge, ensuring full coverage of the nail plate. Cure for 30 seconds.<\/p>\n<p><strong>Step 3: Colour Application<\/strong><br \/>\nSelect your desired Luxio\u00ae Colour. Using the same technique, apply the colour by pushing the brush up towards the cuticle and evenly pulling it down over the nail. Cure for 30 seconds.<\/p>\n<p><strong>Step 4: Second Colour Layer<\/strong><br \/>\nRepeat the colour application process for a second coat. For advanced nail artists, we recommend using a fine liner brush to apply the colour as close to the cuticle as possible without making contact, for a perfected look. Cure for 30 seconds.<\/p>\n<p><strong>Step 5: Finish<\/strong><br \/>\nComplete the service by applying Luxio\u00ae Gloss for a long lasting glossy finish. Cure for 30 seconds, then remove the sticky layer with Akz\u00e9ntz Prep &amp; Wipe. If a tack-free top gloss is preferred, use Akz\u00e9ntz Shine-On. A matte effect can also be achieved by using Akz\u00e9ntz Matte-On.<\/p>\n<p><strong>Perfect For:\u00a0<\/strong>Short, brittle, weak or soft and flexible nails. Suited for all nail types.<\/p>\n<p><strong>For Professional-Use Only.<br \/>\n15mL\/0.5oz<\/strong><\/p>\n<p><strong>INGREDIENTS:<\/strong> BIS-HYDROXYETHYL ACRYLATE POLY(NEOPENTYL GLYCOL ADIPATE)\/IPDI COPOLYMER, HYDROXYPROPYL METHACRYLATE, ETHYL TRIMETHYLBENZOYL PHENYLPHOSPHINATE; P-HYDROXYANISOLE, SILICA SILYLATE,\u00a0 [+\/-:C|15850, C|17200, C|19140, C|42090, C|45410, C|47005, C|60725, C|73360, C|77007, C|77288, C|77491, C|77492, C|77499, C|77510, C|77742, C|77891]<\/p>\n","protected":false},"excerpt":{"rendered":"<h3><strong>SOAK-OFF-GEELILAKKA<\/strong><\/h3>\n<p>Vintage, kirsikanpunainen.<\/p>\n<p>_______________________________________________________________<\/p>\n<h3><strong>TUOTTEEN KOHOKOHDAT:<\/strong><\/h3>\n<ul>\n<li>100% Puhdas geeli<\/li>\n<li>TPO-vapaa, HEMA-vapaa, 10-vapaa, liuotteeton, hajuton<\/li>\n<li>Itsetasoittuva koostumus<\/li>\n<li>Helppo k\u00e4ytt\u00f6<\/li>\n<li>Kutistumaton<\/li>\n<li>Erinomaisen ja tasaisen peitt\u00e4vyyden omaavat v\u00e4rit<\/li>\n<li>Eritt\u00e4in kest\u00e4v\u00e4t ja pitk\u00e4kestoiset tulokset<\/li>\n<li>Ei lohkeile, irrota tai halkeile<\/li>\n<li>Voidaan helposti liottaa pois Akz\u00e9ntz Soak-Off Solutionilla.<\/li>\n<li>Valmistettu Kanadassa (eurooppalaisista ja pohjoisamerikkalaisista ainesosista)<\/li>\n<\/ul>\n<h3><strong>NOIN:<\/strong><\/h3>\n<p>Luxio\u00ae By Akzentz on puhdasta ylellisyytt\u00e4 pullossa. Ainutlaatuinen, kermainen ja runsaspigmenttinen koostumuksemme takaa tasaisen ja sile\u00e4n peiton joka kerta. Luxio\u00ae on puhdas geelim\u00e4inen koostumus, joka on helppo levitt\u00e4\u00e4 ja vertaansa vailla olevaa kest\u00e4vyytt\u00e4 samalla, kun se yll\u00e4pit\u00e4\u00e4 ja tukee luonnollisten kynsien terveytt\u00e4. Luxio\u00ae tarjoaa ylellisimm\u00e4n kokemuksen paitsi kynsiartisteille, my\u00f6s vaativimmille asiakkaille.<\/p>","protected":false},"featured_media":10804,"template":"","meta":[],"product_brand":[],"product_cat":[267,268,269],"product_tag":[],"class_list":{"0":"post-10801","1":"product","2":"type-product","3":"status-publish","4":"has-post-thumbnail","6":"product_cat-akzentz","7":"product_cat-luxio","8":"product_cat-luxio-colour","10":"first","11":"instock","12":"taxable","13":"shipping-taxable","14":"purchasable","15":"product-type-simple"},"jetpack_sharing_enabled":true,"_links":{"self":[{"href":"https:\/\/shop.bestudio.ee\/fi\/wp-json\/wp\/v2\/product\/10801","targetHints":{"allow":["GET"]}}],"collection":[{"href":"https:\/\/shop.bestudio.ee\/fi\/wp-json\/wp\/v2\/product"}],"about":[{"href":"https:\/\/shop.bestudio.ee\/fi\/wp-json\/wp\/v2\/types\/product"}],"wp:featuredmedia":[{"embeddable":true,"href":"https:\/\/shop.bestudio.ee\/fi\/wp-json\/wp\/v2\/media\/10804"}],"wp:attachment":[{"href":"https:\/\/shop.bestudio.ee\/fi\/wp-json\/wp\/v2\/media?parent=10801"}],"wp:term":[{"taxonomy":"product_brand","embeddable":true,"href":"https:\/\/shop.bestudio.ee\/fi\/wp-json\/wp\/v2\/product_brand?post=10801"},{"taxonomy":"product_cat","embeddable":true,"href":"https:\/\/shop.bestudio.ee\/fi\/wp-json\/wp\/v2\/product_cat?post=10801"},{"taxonomy":"product_tag","embeddable":true,"href":"https:\/\/shop.bestudio.ee\/fi\/wp-json\/wp\/v2\/product_tag?post=10801"}],"curies":[{"name":"wp","href":"https:\/\/api.w.org\/{rel}","templated":true}]}}