{"id":10852,"date":"2025-10-16T23:55:30","date_gmt":"2025-10-16T20:55:30","guid":{"rendered":"https:\/\/shop.bestudio.ee\/?post_type=product&#038;p=10852"},"modified":"2025-12-18T00:38:33","modified_gmt":"2025-12-17T22:38:33","slug":"kerafix-14ml","status":"publish","type":"product","link":"https:\/\/shop.bestudio.ee\/fi\/tuote\/kerafix-14ml\/","title":{"rendered":"KeraFix, 14 ml"},"content":{"rendered":"<p>14 ml,<\/p>\n<p><strong>AINESOSAT:<\/strong> DENATUROITU ALKOHOLI, VESI, POLYAKRYLAATTIRISTIPOLYMEERI 6, GLYKOLYYHAPPO, HAJUSTE, GLUKONOLAKTONI, PHAEODACTYLUM TRICORNUTUM -UUTE, PENTYLEENIGLYKOLI, BIOTIINI.<\/p>\n<p><strong>SUOSITELTAVA K\u00c4YTT\u00d6<\/strong><\/p>\n<p>K\u00e4yt\u00e4 p\u00e4ivitt\u00e4in v\u00e4hint\u00e4\u00e4n 1\u20132 viikon ajan (tai pidemp\u00e4\u00e4n kynnen alkuper\u00e4isest\u00e4 kunnosta riippuen). Levit\u00e4 ensimm\u00e4inen kerros ja anna sen imeyty\u00e4 30 sekuntia. Levit\u00e4 toinen kerros ja odota, ett\u00e4 se imeytyy kokonaan.<\/p>\n<p><strong>VAROITUS<\/strong><\/p>\n<p>Vain ulkoiseen k\u00e4ytt\u00f6\u00f6n. S\u00e4ilytett\u00e4v\u00e4 lasten ulottumattomissa.<\/p>","protected":false},"excerpt":{"rendered":"<p>VARO Ammattihintoja \u2013 KIRJAUDU SIS\u00c4\u00c4N!<\/p>\n<p><strong>INTENSIIVINEN KYNSIENKORJAUSTIIVISTE<\/strong><\/p>\n<p>Uudelleenrakentava hoito- ja korjaustiiviste parantaa kynsilevyn laatua, auttaa sen palautumisessa ja stimuloi sen tervett\u00e4 kasvua. T\u00e4ydellinen taukoihin manikyyrien v\u00e4lill\u00e4. Meripiidioksidi, biotiini ja luomuhedelmien aktiiviset ainesosat toimivat synergistisesti palauttaen, raviten, virkist\u00e4en ja stimuloiden tehokkaasti terveiden kynsien kasvua. KeraFixin kevyt koostumus varmistaa aktiivisten ainesosien nopean imeytymisen ja v\u00e4litt\u00f6m\u00e4n kuivumisen ilman kiilt\u00e4vi\u00e4 j\u00e4\u00e4mi\u00e4, tehden hoidosta huomaamattoman ja miellytt\u00e4v\u00e4n.<\/p>\n<p><strong>VAIKUTTAVAT AINEOSAT<\/strong><\/p>\n<p><strong>Meripii<\/strong>Hyvin biologisesti hy\u00f6dynnett\u00e4v\u00e4 piidioksidi, joka tehostaa keratiinisynteesi\u00e4, vahvistaa kynsilevy\u00e4 ja lis\u00e4\u00e4 sen tiheytt\u00e4 ja lujuutta est\u00e4en haurautta ja lohkeilua. Merelliset komponentit tukevat kynsien kosteustasapainoa.<\/p>\n<p><strong>Biotiini<\/strong>Vesiliukoinen koostumus, joka tunkeutuu helposti kynnen rakenteeseen, edist\u00e4\u00e4 keratiinin muodostumista ja auttaa palauttamaan ja parantamaan kynsilevyn rakennetta. Vaikuttamalla solutasolla sis\u00e4lt\u00e4p\u00e4in, se vahvistaa kynsimatriisia ja stimuloi terveiden kynsien kasvua.<\/p>\n<p><strong>AHA- ja PHA-hapot<\/strong>Kahden erityyppisen molekyylin kompleksi toimii kynnen pinnalla hell\u00e4varaisena kuorijana stimuloiden uusien terveiden solujen uudistumista ja muodostumista kynnen tyvess\u00e4, sek\u00e4 kosteuttajana tunkeutuen syvempiin kerroksiin, vet\u00e4m\u00e4ll\u00e4 puoleensa ja pid\u00e4tt\u00e4m\u00e4ll\u00e4 vett\u00e4, mik\u00e4 tekee kynnen pinnasta ravitun, sile\u00e4n, kimmoisan ja terveen. Kompleksi sopii kaikille kynsilevyille, jopa eritt\u00e4in herkille kynsille.<\/p>","protected":false},"featured_media":10857,"template":"","meta":[],"product_brand":[],"product_cat":[99,97,98,234,239,244,246,245],"product_tag":[],"class_list":{"0":"post-10852","1":"product","2":"type-product","3":"status-publish","4":"has-post-thumbnail","6":"product_cat-straderm","7":"product_cat-personal-use","8":"product_cat-professional-use","9":"product_cat-homecare-products","10":"product_cat-nail-care-products","11":"product_cat-pedicure","12":"product_cat-homecare-products-pedicure","13":"product_cat-professional-products","15":"first","16":"instock","17":"taxable","18":"shipping-taxable","19":"purchasable","20":"product-type-simple"},"jetpack_sharing_enabled":true,"_links":{"self":[{"href":"https:\/\/shop.bestudio.ee\/fi\/wp-json\/wp\/v2\/product\/10852","targetHints":{"allow":["GET"]}}],"collection":[{"href":"https:\/\/shop.bestudio.ee\/fi\/wp-json\/wp\/v2\/product"}],"about":[{"href":"https:\/\/shop.bestudio.ee\/fi\/wp-json\/wp\/v2\/types\/product"}],"wp:featuredmedia":[{"embeddable":true,"href":"https:\/\/shop.bestudio.ee\/fi\/wp-json\/wp\/v2\/media\/10857"}],"wp:attachment":[{"href":"https:\/\/shop.bestudio.ee\/fi\/wp-json\/wp\/v2\/media?parent=10852"}],"wp:term":[{"taxonomy":"product_brand","embeddable":true,"href":"https:\/\/shop.bestudio.ee\/fi\/wp-json\/wp\/v2\/product_brand?post=10852"},{"taxonomy":"product_cat","embeddable":true,"href":"https:\/\/shop.bestudio.ee\/fi\/wp-json\/wp\/v2\/product_cat?post=10852"},{"taxonomy":"product_tag","embeddable":true,"href":"https:\/\/shop.bestudio.ee\/fi\/wp-json\/wp\/v2\/product_tag?post=10852"}],"curies":[{"name":"wp","href":"https:\/\/api.w.org\/{rel}","templated":true}]}}