{"id":10858,"date":"2025-10-17T00:11:40","date_gmt":"2025-10-16T21:11:40","guid":{"rendered":"https:\/\/shop.bestudio.ee\/?post_type=product&#038;p=10858"},"modified":"2026-03-05T11:03:45","modified_gmt":"2026-03-05T09:03:45","slug":"diamond-shine-on-15ml-5oz","status":"publish","type":"product","link":"https:\/\/shop.bestudio.ee\/fi\/tuote\/diamond-shine-on-15ml-5oz\/","title":{"rendered":"TIMANTTIKIILTO 15ml\/.5oz"},"content":{"rendered":"<p><strong>AINESOSAT: <\/strong>PPG-3 GLYSERYYLIEETTERITRIAKRYLAATTI, BIS-HEMA-POLY(1,4-BUTAANDIOLI)-9\/IPDI-KOPOLYMEERI, PENTAERYYTRITYLI-TETRAMERKAPTOPROPIONAATTI, BIS-HEMA-POLY(1,4-BUTAANDIOLI)-9\/SMDI-KOPOLYMEERI, DIETEENIGLYKOLI-DIMETAKRYLAATTI, TRIMETYYLIBENSYYLIDITOLYYLIFOSFIINIOKSIDI, ISOPROPYYLIFENYYLIDIMETIKONI, C|60725<\/p>\n<p><strong>Vaihe 1: Rakenneaineen tai v\u00e4rigeelin levitt\u00e4misen j\u00e4lkeen<\/strong><br \/>\nKun olet k\u00e4ytt\u00e4nyt Akz\u00e9ntz-geeli\u00e4, levit\u00e4 ohut kerros Shine-On Diamond -kynsilakka kynsien koko pinnalle ty\u00f6nt\u00e4m\u00e4ll\u00e4 sivellint\u00e4 varovasti kynsinauhaa vasten koskematta siihen. Anna lakan tasoittua hetki, jolloin lopputuloksena on t\u00e4ysin sile\u00e4 ja lasimainen pinta.<\/p>\n<p><strong>Vaihe 2: Koveta<\/strong><br \/>\nKoveta 30 sekuntia Akz\u00e9ntz LED -valossa. Parhaan tuloksen saavuttamiseksi suosittelemme Akz\u00e9ntz LED -valon k\u00e4ytt\u00f6\u00e4. Jos k\u00e4yt\u00e4t eri merkkist\u00e4 kovetusvaloa, kovetusaikaa voi olla tarpeen pident\u00e4\u00e4.<\/p>\n<p><strong>Vaihe 3: Valmis<\/strong><br \/>\nKovettumisen j\u00e4lkeen saavutetaan kaunis m\u00e4rk\u00e4n\u00e4 pysyv\u00e4 kiilto. Pyyhkimist\u00e4 tai muita vaiheita ei tarvitse tehd\u00e4.<\/p>\n<p><strong>T\u00e4ydellinen:\u00a0<\/strong>Kaikki geelikynsien palvelut, joissa halutaan kiiltoisin ja pitk\u00e4kestoisin kynsilakka. Ei suositella palveluihin, joissa tarvitaan soak-off-poistoa, ellei geelikynsien pintaa viilata pois ennen soak-off-toimenpiteen aloittamista.<\/p>","protected":false},"excerpt":{"rendered":"<p>Esittelyss\u00e4 palkitun, tarttumattoman pintakiillon seuraavan sukupolven: Diamond Shine-On\u2122. Upouusi koostumus tekee siit\u00e4 kiilt\u00e4vimm\u00e4n ja kest\u00e4vimm\u00e4n pintalakkamme koskaan \u2013 vertaansa vailla olevalla loistolla, parannetulla naarmuuntumisenkest\u00e4vyydell\u00e4 ja lis\u00e4\u00e4ntyneell\u00e4 optisella kirkkaudella. Tasaisempi, paremmin hallittu viskositeetti, joka peitt\u00e4\u00e4 virheet itsest\u00e4\u00e4n, ja se on nyt t\u00e4ysin HEMA- ja TPO-vapaa. Kaikki t\u00e4m\u00e4 samaan hintaan kuin ennen.<br \/>\nYht\u00e4 loistava p\u00e4ivitys kuin timantit.<\/p>\n<p>Koko: 15 ml \/ 0,5 oz<\/p>\n<p><em><strong>*T\u00e4rke\u00e4 huomautus:<\/strong>\u00a0<\/em>Diamond Shine-Onilla on kiilt\u00e4v\u00e4mpi ja liukkaampi koostumus, joka on v\u00e4hemm\u00e4n yhteensopiva kromi-\/efektijauheiden, kuten Gel-Play Pearlescent Powdereiden, kanssa. Suosittelemme Shine-On\u2122 Original -koostumuksen k\u00e4ytt\u00f6\u00e4 kromi-\/efektijauheiden levitt\u00e4miseen.<\/p>\n<h3><strong>Tuotteen kohokohdat:\u00a0<\/strong><\/h3>\n<ul>\n<li>Laboratoriossa mitattu kiiltoaste 95 GU (kiiltoyksikk\u00f6\u00e4), mik\u00e4 on korkein koskaan mittaamamme arvo ja korkeampi kuin kilpailijoiden kiiltoaste (alkuper\u00e4isen Shine-Onin kiiltoaste on 88 GU).<\/li>\n<li>Keskiviskositeetti ja enemm\u00e4n luistoa<\/li>\n<li>Itse\u00e4\u00e4n t\u00e4ydent\u00e4v\u00e4 koostumus tasaisempaan lopputulokseen<\/li>\n<li>Pitk\u00e4kestoisin ja kest\u00e4vin kiiltomme<\/li>\n<li>Helppo k\u00e4ytt\u00f6<\/li>\n<li>Toimii kaikkien Akz\u00e9ntz-geelien kanssa<\/li>\n<li>Kutistumaton<\/li>\n<li>Ei kellastu eik\u00e4 v\u00e4rj\u00e4ydy<\/li>\n<li>Ei halkeile, lohkeile tai irtoa<\/li>\n<li>Kovettuu ilman estokerrosta<\/li>\n<li>Luotettavat ja johdonmukaiset tulokset<\/li>\n<\/ul>\n<h3><strong>Kaavan tiedot:\u00a0<\/strong><\/h3>\n<ul>\n<li>100% Puhdas geeli<\/li>\n<li>TPO-vapaa, HEMA-vapaa, liuotteeton, 10-vapaa,<\/li>\n<li>Kova geelim\u00e4inen koostumus<\/li>\n<li>Valmistettu Kanadassa (eurooppalaisista ja pohjoisamerikkalaisista ainesosista)<\/li>\n<li>Vain ammattik\u00e4ytt\u00f6\u00f6n<\/li>\n<\/ul>","protected":false},"featured_media":10865,"template":"","meta":[],"product_brand":[],"product_cat":[267,277],"product_tag":[],"class_list":{"0":"post-10858","1":"product","2":"type-product","3":"status-publish","4":"has-post-thumbnail","6":"product_cat-akzentz","7":"product_cat-diamond-shine-on","9":"first","10":"instock","11":"sale","12":"taxable","13":"shipping-taxable","14":"purchasable","15":"product-type-simple"},"jetpack_sharing_enabled":true,"_links":{"self":[{"href":"https:\/\/shop.bestudio.ee\/fi\/wp-json\/wp\/v2\/product\/10858","targetHints":{"allow":["GET"]}}],"collection":[{"href":"https:\/\/shop.bestudio.ee\/fi\/wp-json\/wp\/v2\/product"}],"about":[{"href":"https:\/\/shop.bestudio.ee\/fi\/wp-json\/wp\/v2\/types\/product"}],"wp:featuredmedia":[{"embeddable":true,"href":"https:\/\/shop.bestudio.ee\/fi\/wp-json\/wp\/v2\/media\/10865"}],"wp:attachment":[{"href":"https:\/\/shop.bestudio.ee\/fi\/wp-json\/wp\/v2\/media?parent=10858"}],"wp:term":[{"taxonomy":"product_brand","embeddable":true,"href":"https:\/\/shop.bestudio.ee\/fi\/wp-json\/wp\/v2\/product_brand?post=10858"},{"taxonomy":"product_cat","embeddable":true,"href":"https:\/\/shop.bestudio.ee\/fi\/wp-json\/wp\/v2\/product_cat?post=10858"},{"taxonomy":"product_tag","embeddable":true,"href":"https:\/\/shop.bestudio.ee\/fi\/wp-json\/wp\/v2\/product_tag?post=10858"}],"curies":[{"name":"wp","href":"https:\/\/api.w.org\/{rel}","templated":true}]}}