{"id":10918,"date":"2025-10-19T19:46:40","date_gmt":"2025-10-19T16:46:40","guid":{"rendered":"https:\/\/shop.bestudio.ee\/?post_type=product&#038;p=10918"},"modified":"2026-01-16T20:06:36","modified_gmt":"2026-01-16T18:06:36","slug":"pearlescent-powder-silver-1g-035oz","status":"publish","type":"product","link":"https:\/\/shop.bestudio.ee\/fi\/tuote\/pearlescent-powder-silver-1g-035oz\/","title":{"rendered":"HELMI\u00c4ISJAUHE \u2013 HOPEA 1 g\/.035 oz"},"content":{"rendered":"<p><strong>AINESOSAT: <\/strong>KALSIUMALUMIBOROSILIKAATTI, PIIDI, TINAOKSIDI [+\/-: C|77891]<\/p>\n<h3><strong>SUOSITELTAVA K\u00c4YTT\u00d6KOHTEET:<\/strong><\/h3>\n<div><strong>1.<\/strong>\u00a0Levit\u00e4 haluamaasi Akz\u00e9ntz-geeli\u00e4 (Gel-Play, Options, Luxio tai Pro-Formance) ja anna kovettua normaalisti.<\/div>\n<div><strong>2.<\/strong>\u00a0Levit\u00e4 yksi kerros Akz\u00e9ntz Shine-On -pintakiiltoa, jota ei tarvitse pyyhki\u00e4 pois. Koveta.<br \/>\n<strong>3.<\/strong>\u00a0Levit\u00e4 kerros helmi\u00e4isjauhetta napakasti painamalla mikrokuituapplikaattorilla tai hansikkaalla k\u00e4dess\u00e4 pit\u00e4en. K\u00e4yt\u00e4 nopeita, py\u00f6rivi\u00e4 liikkeit\u00e4 ja ty\u00f6skentele nopeasti.<br \/>\n<strong>4.<\/strong>\u00a0Levit\u00e4 yksi kerros Akzentz Shine-On -pintakiiltoa, jota ei tarvitse pyyhki\u00e4 pois. Koveta.<\/div>","protected":false},"excerpt":{"rendered":"<h3><b>LASITETTU TEHOJAUHE:<\/b><\/h3>\n<p><b>Viimeistely: <\/b>Helmi\u00e4ishohtoinen\/lasitettu<br \/>\n<b>pH-arvo:\u00a0<\/b>Ei saatavilla<\/p>\n<p class=\"\" data-start=\"245\" data-end=\"650\"><strong>Gel-Play Pearlescent Powder hopea luo l\u00e4pin\u00e4kyv\u00e4n, helmi\u00e4ism\u00e4isen vaikutelman.\u00a0<\/strong>\u00a0Ammattitason efektipuuteri, joka antaa halutun &quot;lasitetun&quot; viimeistelyn, jonka viraalikynsitrendit ovat tehneet tunnetuksi. T\u00e4m\u00e4 ultrahieno, korkeakiiltoinen pigmentti luo pehme\u00e4n, helmi\u00e4ishohtoisen kiillon levitettyn\u00e4 kovettuneen, pyyhitt\u00e4v\u00e4\u00e4 p\u00e4\u00e4llyslakan p\u00e4\u00e4lle. K\u00e4ytettiinp\u00e4 sit\u00e4 sitten pehmeiden, l\u00e4pikuultavien v\u00e4rien, maitomaisen valkoisten tai rohkeiden s\u00e4vyjen p\u00e4\u00e4ll\u00e4, helmi\u00e4ispuuteri muuttaa mink\u00e4 tahansa kokonaisuuden eteerisell\u00e4, valoa heijastavalla hehkulla.<\/p>\n<p class=\"\" data-start=\"652\" data-end=\"786\">Vaivattomaan levitykseen ja silkkisen pehme\u00e4\u00e4n lopputulokseen suunniteltu puuteri on t\u00e4ydellinen viimeistely eleganteille ja muodikkaille kynsille.<\/p>\n<h3><strong data-end=\"1941\" data-start=\"1921\">SOPII:<\/strong><\/h3>\n<p><strong data-end=\"1941\" data-start=\"1921\">Lasitetut tehosteet:<\/strong>\u00a0K\u00e4yt\u00e4 mink\u00e4 tahansa Akz\u00e9ntz-geelin kanssa, mukaan lukien Luxio\u00ae, Pro-Formance\u00ae, Options\u2122 tai Gel-Play\u2122.<\/p>\n<p><strong>Vain ammattik\u00e4ytt\u00f6\u00f6n.<br \/>\n1 g<\/strong><\/p>","protected":false},"featured_media":10923,"template":"","meta":[],"product_brand":[],"product_cat":[267,274,292],"product_tag":[],"class_list":{"0":"post-10918","1":"product","2":"type-product","3":"status-publish","4":"has-post-thumbnail","6":"product_cat-akzentz","7":"product_cat-gel-play","8":"product_cat-gel-play-pearlescent-powder","10":"first","11":"instock","12":"taxable","13":"shipping-taxable","14":"purchasable","15":"product-type-simple"},"jetpack_sharing_enabled":true,"_links":{"self":[{"href":"https:\/\/shop.bestudio.ee\/fi\/wp-json\/wp\/v2\/product\/10918","targetHints":{"allow":["GET"]}}],"collection":[{"href":"https:\/\/shop.bestudio.ee\/fi\/wp-json\/wp\/v2\/product"}],"about":[{"href":"https:\/\/shop.bestudio.ee\/fi\/wp-json\/wp\/v2\/types\/product"}],"wp:featuredmedia":[{"embeddable":true,"href":"https:\/\/shop.bestudio.ee\/fi\/wp-json\/wp\/v2\/media\/10923"}],"wp:attachment":[{"href":"https:\/\/shop.bestudio.ee\/fi\/wp-json\/wp\/v2\/media?parent=10918"}],"wp:term":[{"taxonomy":"product_brand","embeddable":true,"href":"https:\/\/shop.bestudio.ee\/fi\/wp-json\/wp\/v2\/product_brand?post=10918"},{"taxonomy":"product_cat","embeddable":true,"href":"https:\/\/shop.bestudio.ee\/fi\/wp-json\/wp\/v2\/product_cat?post=10918"},{"taxonomy":"product_tag","embeddable":true,"href":"https:\/\/shop.bestudio.ee\/fi\/wp-json\/wp\/v2\/product_tag?post=10918"}],"curies":[{"name":"wp","href":"https:\/\/api.w.org\/{rel}","templated":true}]}}