{"id":10924,"date":"2025-10-19T19:55:41","date_gmt":"2025-10-19T16:55:41","guid":{"rendered":"https:\/\/shop.bestudio.ee\/?post_type=product&#038;p=10924"},"modified":"2026-02-12T22:31:31","modified_gmt":"2026-02-12T20:31:31","slug":"uv-led-gel-play-magnetic-clear-silver-10g-0-35oz","status":"publish","type":"product","link":"https:\/\/shop.bestudio.ee\/fi\/tuote\/uv-led-gel-play-magnetic-clear-silver-10g-0-35oz\/","title":{"rendered":"UV\/LED-GEELI PLAY \u2013 MAGNEETTINEN KIRKAS HOPEA 10 g\/.0.35 oz"},"content":{"rendered":"<div class=\"woocommerce-tabs wc-tabs-wrapper\">\n<div id=\"tab-description\" class=\"woocommerce-Tabs-panel woocommerce-Tabs-panel--description panel entry-content wc-tab\" role=\"tabpanel\" aria-labelledby=\"tab-title-description\">\n<div id=\"station-tabs-tabpanel_ht-i0-t19\" class=\"station-tabs-tabpanel is-active\" role=\"region\" aria-labelledby=\"station-tabs-tab_ht-i0-t19\" aria-hidden=\"false\">\n<div class=\"station-tabs-tabcontent\">\n<p><strong>AINESOSAT:<\/strong> BIS-HYDROKSYETYYLIAKRYLAATTIPOLY(NEOPENTYLIGLYKOLIADIPAATTI)\/IPDI-KOPOLYMEERI, HYDROKSIPROPYYLIMETAKRYLAATTI, ETYYLITRIMETYYLIBENSYYLIFENYYLIFOSFINAATTI; P-HYDROKSYANISOLI, PIIDISILYLAATTI, [+\/-:C|77499, C|77000, C|77891]<\/p>\n<h3><strong>T\u00c4RKE\u00c4 HUOMAUTUS!<\/strong><\/h3>\n<p>Sekoita ennen k\u00e4ytt\u00f6\u00e4.<\/p>\n<p>V\u00e4rien visualisointi tapahtuu digitaalisessa ymp\u00e4rist\u00f6ss\u00e4, ja s\u00e4vyjen esitys voi vaihdella hieman n\u00e4ytt\u00f6asetuksista riippuen. Todellinen v\u00e4ris\u00e4vy voi poiketa todellisissa olosuhteissa.<\/p>\n<h3><strong>TIETOA GEL-PLAY-LAKKALAKKASTA:<\/strong><\/h3>\n<p>Akz\u00e9ntzin Gel-Playn evoluutio \u2013 Gel Play\u2122 -lakka. T\u00e4t\u00e4 uutta muotoa on pyydetty paljon, ja se avaa t\u00e4ysin uuden tavan luoda upeaa kynsitaidetta. Uusi geelilakka tarjoaa lis\u00e4\u00e4 helppoutta ja monipuolisuutta kynsitaiteilijoille, jotka suosivat siveltimell\u00e4 levitett\u00e4v\u00e4\u00e4 lakkaa.<\/p>\n<p><strong>Vain ammattik\u00e4ytt\u00f6\u00f6n.<br \/>\n10 ml \/ 0,33 unssia\u00a0<\/strong><\/p>\n<\/div>\n<\/div>\n<\/div>\n<\/div>","protected":false},"excerpt":{"rendered":"<p><b>Viimeistely:\u00a0<\/b>Magneettinen<br \/>\n<b>Kattavuus:\u00a0<\/b>1\/5<\/p>\n<p>Kristallinkirkas geeli, johon on lis\u00e4tty eritt\u00e4in hienojakoisia magneettisia hopeahiukkasia. Magneettinen<br \/>\nKirkas hopea muuntautuu magneetin vaikutuksesta luoden pehmeit\u00e4, ulottuvuuksia ja elegantteja kissansilm\u00e4efektej\u00e4 \u2013 suunniteltu k\u00e4ytett\u00e4v\u00e4ksi mink\u00e4 tahansa v\u00e4rin p\u00e4\u00e4ll\u00e4 hohtavan lopputuloksen saavuttamiseksi tai sellaisenaan.<br \/>\nherkk\u00e4, valoa vangitseva hehku<\/p>\n<ul>\n<li>Erityisesti suunniteltu luomaan taidetta ja tehosteita<\/li>\n<li>Pienempi ja edullisempi koko (10 ml \/ 0,33 oz)<\/li>\n<li>TPO-vapaa, HEMA-vapaa, 10-vapaa, liuotteeton, hajuton<\/li>\n<li>Hieman paksumpi koostumus (verrattuna Luxio\u00ae-v\u00e4rigeeleihin)<\/li>\n<li>EU-yhteensopiva koostumus<\/li>\n<li>Eritt\u00e4in kest\u00e4v\u00e4t ja pitk\u00e4kestoiset tulokset<\/li>\n<li>Ei lohkeile, irrota tai halkeile<\/li>\n<li>Voidaan liottaa pois Akz\u00e9ntz Soak-Off Solutionilla.<\/li>\n<li>Kanadalainen tuote (valmistettu eurooppalaisista ja pohjoisamerikkalaisista ainesosista)<\/li>\n<\/ul>","protected":false},"featured_media":10930,"template":"","meta":[],"product_brand":[],"product_cat":[267,274,291],"product_tag":[],"class_list":{"0":"post-10924","1":"product","2":"type-product","3":"status-publish","4":"has-post-thumbnail","6":"product_cat-akzentz","7":"product_cat-gel-play","8":"product_cat-gel-play-bottle","10":"first","11":"instock","12":"taxable","13":"shipping-taxable","14":"purchasable","15":"product-type-simple"},"jetpack_sharing_enabled":true,"_links":{"self":[{"href":"https:\/\/shop.bestudio.ee\/fi\/wp-json\/wp\/v2\/product\/10924","targetHints":{"allow":["GET"]}}],"collection":[{"href":"https:\/\/shop.bestudio.ee\/fi\/wp-json\/wp\/v2\/product"}],"about":[{"href":"https:\/\/shop.bestudio.ee\/fi\/wp-json\/wp\/v2\/types\/product"}],"wp:featuredmedia":[{"embeddable":true,"href":"https:\/\/shop.bestudio.ee\/fi\/wp-json\/wp\/v2\/media\/10930"}],"wp:attachment":[{"href":"https:\/\/shop.bestudio.ee\/fi\/wp-json\/wp\/v2\/media?parent=10924"}],"wp:term":[{"taxonomy":"product_brand","embeddable":true,"href":"https:\/\/shop.bestudio.ee\/fi\/wp-json\/wp\/v2\/product_brand?post=10924"},{"taxonomy":"product_cat","embeddable":true,"href":"https:\/\/shop.bestudio.ee\/fi\/wp-json\/wp\/v2\/product_cat?post=10924"},{"taxonomy":"product_tag","embeddable":true,"href":"https:\/\/shop.bestudio.ee\/fi\/wp-json\/wp\/v2\/product_tag?post=10924"}],"curies":[{"name":"wp","href":"https:\/\/api.w.org\/{rel}","templated":true}]}}