{"id":10981,"date":"2025-10-19T21:19:31","date_gmt":"2025-10-19T18:19:31","guid":{"rendered":"https:\/\/shop.bestudio.ee\/?post_type=product&#038;p=10981"},"modified":"2025-12-18T16:23:24","modified_gmt":"2025-12-18T14:23:24","slug":"luxio-suspicion-15ml-5oz","status":"publish","type":"product","link":"https:\/\/shop.bestudio.ee\/fi\/tuote\/luxio-suspicion-15ml-5oz\/","title":{"rendered":"LUXIO \u2013 EP\u00c4ILY 15ml\/.5oz"},"content":{"rendered":"<p class=\"p1\">L\u00e4mpim\u00e4n tumman suklaanruskea s\u00e4vy. T\u00e4ss\u00e4 s\u00e4vyss\u00e4 on hyvin hienovarainen punainen pohjas\u00e4vy, joka luo syvyytt\u00e4 ja tuntuu sek\u00e4 ylelliselt\u00e4 ett\u00e4 arvoitukselliselta.<\/p>\n<p class=\"p1\">Suspicion levittyy samalla tavalla kuin Luxio\u00ae Noir tai Nightfall. Levit\u00e4 kaksi ohutta kerrosta varmistaaksesi t\u00e4ydellisen kovettumisen.<\/p>\n<p class=\"p1\"><span class=\"s1\"><strong>Y\u00f6n s\u00e4vyt ajautuvat varjojen ja halun v\u00e4liin<\/strong>\u00a0<\/span>Kolme l\u00e4hes mustaa s\u00e4vy\u00e4, jotka paljastavat syvyytens\u00e4 y\u00f6n hiljaisuudessa. Viettelev\u00e4, mielialallinen ja hieman pahaenteinen \u2013 jokainen v\u00e4ri on kuiskattu salaisuus itsest\u00e4\u00e4n: ei koskaan ilmeinen, aina tuntuva.<\/p>","protected":false},"excerpt":{"rendered":"<p>Luxio on 100% puhdas geeli, joka on hajuton ja liuotteeton. Se on kehitetty peitt\u00e4m\u00e4\u00e4n ja suojaamaan luonnollista kyntt\u00e4. Luxio on helppo levitt\u00e4\u00e4 ja tarjoaa maksimaalisen hallinnan, joten se on t\u00e4ydellinen valinta pitk\u00e4kestoiseen geelimanikyyriin tai -pedikyyriin.<\/p>\n<p>\u2022 Hajuton<br \/>\n\u2022 100%-geeliformulaatio<br \/>\n\u2022 Liuotteeton<br \/>\n\u2022 Vain ammattilaisille<br \/>\n\u2022 Turvallinen ja helppo levitt\u00e4\u00e4<br \/>\n\u2022 T\u00e4ytel\u00e4iset, eritt\u00e4in pigmenttiset v\u00e4rit<br \/>\n\u2022 Kermainen koostumus, joka on kehitetty t\u00e4ydelliseen hallintaan<br \/>\n\u2022 Valmistettu Kanadassa vain pohjoisamerikkalaisista ja eurooppalaisista ainesosista<\/p>","protected":false},"featured_media":10982,"template":"","meta":[],"product_brand":[],"product_cat":[267,301,268,269],"product_tag":[],"class_list":{"0":"post-10981","1":"product","2":"type-product","3":"status-publish","4":"has-post-thumbnail","6":"product_cat-akzentz","7":"product_cat-luxio-nocturne-winter-2025","8":"product_cat-luxio","9":"product_cat-luxio-colour","11":"first","12":"instock","13":"taxable","14":"shipping-taxable","15":"purchasable","16":"product-type-simple"},"jetpack_sharing_enabled":true,"_links":{"self":[{"href":"https:\/\/shop.bestudio.ee\/fi\/wp-json\/wp\/v2\/product\/10981","targetHints":{"allow":["GET"]}}],"collection":[{"href":"https:\/\/shop.bestudio.ee\/fi\/wp-json\/wp\/v2\/product"}],"about":[{"href":"https:\/\/shop.bestudio.ee\/fi\/wp-json\/wp\/v2\/types\/product"}],"wp:featuredmedia":[{"embeddable":true,"href":"https:\/\/shop.bestudio.ee\/fi\/wp-json\/wp\/v2\/media\/10982"}],"wp:attachment":[{"href":"https:\/\/shop.bestudio.ee\/fi\/wp-json\/wp\/v2\/media?parent=10981"}],"wp:term":[{"taxonomy":"product_brand","embeddable":true,"href":"https:\/\/shop.bestudio.ee\/fi\/wp-json\/wp\/v2\/product_brand?post=10981"},{"taxonomy":"product_cat","embeddable":true,"href":"https:\/\/shop.bestudio.ee\/fi\/wp-json\/wp\/v2\/product_cat?post=10981"},{"taxonomy":"product_tag","embeddable":true,"href":"https:\/\/shop.bestudio.ee\/fi\/wp-json\/wp\/v2\/product_tag?post=10981"}],"curies":[{"name":"wp","href":"https:\/\/api.w.org\/{rel}","templated":true}]}}