{"id":10983,"date":"2025-10-19T21:23:41","date_gmt":"2025-10-19T18:23:41","guid":{"rendered":"https:\/\/shop.bestudio.ee\/?post_type=product&#038;p=10983"},"modified":"2025-12-01T00:02:01","modified_gmt":"2025-11-30T22:02:01","slug":"luxio-tantalizing-15ml-5oz","status":"publish","type":"product","link":"https:\/\/shop.bestudio.ee\/fi\/tuote\/luxio-tantalizing-15ml-5oz\/","title":{"rendered":"LUXIO \u2013 TANTALIZING 15ml\/.5oz"},"content":{"rendered":"<p><strong>Ainekset:<\/strong> Bis-hydroksietyyliakrylaattipoly(neopentyyliglykoliadipaatti)\/IPDI-kopolymeeri, hydroksipropyylimetakrylaatti, trimetyylibentsoyylidifenyylifosfiinioksidi, P-hydroksianisoli, piidioksidisilylaatti, [+\/-: C|15850, C|17200, C|19140, C|42090, C|45410, C|47005, C|60725, C|73360, C|77007, C|77288, C|77491, C|77492, C|77499, C|77510, C|77742, C|77891]<\/p>\n<p><strong>Kovettumisaika:<\/strong> 30 sekuntia LED-valoa \/ 2 minuuttia UV-valoa<\/p>","protected":false},"excerpt":{"rendered":"<p>Luxio on 100% puhdas geeli, joka on hajuton ja liuotteeton. Se on kehitetty peitt\u00e4m\u00e4\u00e4n ja suojaamaan luonnollista kyntt\u00e4. Luxio on helppo levitt\u00e4\u00e4 ja tarjoaa maksimaalisen hallinnan, joten se on t\u00e4ydellinen valinta pitk\u00e4kestoiseen geelimanikyyriin tai -pedikyyriin.<\/p>\n<p>\u2022 Hajuton<br \/>\n\u2022 100%-geeliformulaatio<br \/>\n\u2022 Liuotteeton<br \/>\n\u2022 Vain ammattilaisille<br \/>\n\u2022 Turvallinen ja helppo levitt\u00e4\u00e4<br \/>\n\u2022 T\u00e4ytel\u00e4iset, eritt\u00e4in pigmenttiset v\u00e4rit<br \/>\n\u2022 Kermainen koostumus, joka on kehitetty t\u00e4ydelliseen hallintaan<br \/>\n\u2022 Valmistettu Kanadassa vain pohjoisamerikkalaisista ja eurooppalaisista ainesosista<\/p>","protected":false},"featured_media":10986,"template":"","meta":[],"product_brand":[],"product_cat":[267,268,269],"product_tag":[],"class_list":{"0":"post-10983","1":"product","2":"type-product","3":"status-publish","4":"has-post-thumbnail","6":"product_cat-akzentz","7":"product_cat-luxio","8":"product_cat-luxio-colour","10":"first","11":"instock","12":"taxable","13":"shipping-taxable","14":"purchasable","15":"product-type-simple"},"jetpack_sharing_enabled":true,"_links":{"self":[{"href":"https:\/\/shop.bestudio.ee\/fi\/wp-json\/wp\/v2\/product\/10983","targetHints":{"allow":["GET"]}}],"collection":[{"href":"https:\/\/shop.bestudio.ee\/fi\/wp-json\/wp\/v2\/product"}],"about":[{"href":"https:\/\/shop.bestudio.ee\/fi\/wp-json\/wp\/v2\/types\/product"}],"wp:featuredmedia":[{"embeddable":true,"href":"https:\/\/shop.bestudio.ee\/fi\/wp-json\/wp\/v2\/media\/10986"}],"wp:attachment":[{"href":"https:\/\/shop.bestudio.ee\/fi\/wp-json\/wp\/v2\/media?parent=10983"}],"wp:term":[{"taxonomy":"product_brand","embeddable":true,"href":"https:\/\/shop.bestudio.ee\/fi\/wp-json\/wp\/v2\/product_brand?post=10983"},{"taxonomy":"product_cat","embeddable":true,"href":"https:\/\/shop.bestudio.ee\/fi\/wp-json\/wp\/v2\/product_cat?post=10983"},{"taxonomy":"product_tag","embeddable":true,"href":"https:\/\/shop.bestudio.ee\/fi\/wp-json\/wp\/v2\/product_tag?post=10983"}],"curies":[{"name":"wp","href":"https:\/\/api.w.org\/{rel}","templated":true}]}}