{"id":11005,"date":"2025-10-19T21:50:33","date_gmt":"2025-10-19T18:50:33","guid":{"rendered":"https:\/\/shop.bestudio.ee\/?post_type=product&#038;p=11005"},"modified":"2026-01-16T20:08:09","modified_gmt":"2026-01-16T18:08:09","slug":"luxio-gel-base-15ml-5oz","status":"publish","type":"product","link":"https:\/\/shop.bestudio.ee\/fi\/tuote\/luxio-gel-base-15ml-5oz\/","title":{"rendered":"LUXIO GEELI \u2013 POHJA 15ml\/.5oz"},"content":{"rendered":"<p><strong>Ainekset:<\/strong> BIS-HYDROKSYETYYLIAKRYLAATTIPOLY(NEOPENTYLIGLYKOLIADIPAATTI)\/IPDI-KOPOLYMEERI, HYDROKSIPROPYYLIMETAKRYLAATTI, HYDROKSISYKLOHEKSYYLIFENYYLIKETONI, ETYYLITRIMETYYLIBENSYYLIFENYYLIFOSFINAATTI, BIS(GLYSERYYLIDIMETAKRYLAATTI)PYROMELLITAATTI, P-HYDROKSYANISOLI [+\/-: C|60725]<\/p>\n<h3><strong>SUOSITELTAVA K\u00c4YTT\u00d6:<\/strong><\/h3>\n<ol>\n<li>Valmisteltuasi kynnet, levit\u00e4 ohut, hallittu kerros luonnollisille kynsille. \u00c4l\u00e4 anna Luxio\u00ae-pohjan koskettaa kynsinauhoja tai ymp\u00e4r\u00f6iv\u00e4\u00e4 ihoa, sill\u00e4 se voi aiheuttaa \u00e4rsytyst\u00e4.<\/li>\n<li>Koveta 30 sekuntia Akz\u00e9ntz LED -lampussa. \u00c4l\u00e4 pyyhi.<\/li>\n<li>Jatka Luxio\u00ae Colour- tai Luxio\u00ae Build -tuotteilla tai tiivist\u00e4 Luxio\u00ae Gloss -tuotteilla.<\/li>\n<\/ol>\n<p><strong>T\u00e4ydellinen<br \/>\n<\/strong>Normaalit, joustavat tai vaurioituneet luonnonkynnet.<\/p>\n<p><strong>Vain ammattik\u00e4ytt\u00f6\u00f6n. <\/strong><\/p>\n<p><strong>15 ml \/ 0,5 unssia<\/strong><\/p>","protected":false},"excerpt":{"rendered":"<p><strong>LIOTETTAVA POHJALAKKA<\/strong><\/p>\n<p>Luxio Base on suositeltu valinta sidosgeeliksi k\u00e4ytett\u00e4ess\u00e4 Luxio\u00ae-tuotteita, kuten Luxio Colour ja Luxio Build. Luxi Base kest\u00e4\u00e4 kynsiss\u00e4 erinomaisesti ja pysyy joustavana.<\/p>\n<p><strong>Tuotteen kohokohdat\u00a0<\/strong><\/p>\n<ul>\n<li>100% Pure Gel Ethos<\/li>\n<li>TPO-vapaa, HEMA-vapaa, 10-vapaa, liuotteeton, hajuton<\/li>\n<li>Itsetasoittuva koostumus<\/li>\n<li>T\u00e4ydent\u00e4\u00e4 kynnen pintaa tasaisille v\u00e4ri- tai rakennekynsien levityksille<\/li>\n<li>Peitt\u00e4\u00e4 luonnolliset kynnet eik\u00e4 vahingoita niit\u00e4<\/li>\n<li>Valmistettu Kanadassa (eurooppalaisista ja pohjoisamerikkalaisista ainesosista)<\/li>\n<\/ul>","protected":false},"featured_media":11006,"template":"","meta":[],"product_brand":[],"product_cat":[267,268,270],"product_tag":[],"class_list":{"0":"post-11005","1":"product","2":"type-product","3":"status-publish","4":"has-post-thumbnail","6":"product_cat-akzentz","7":"product_cat-luxio","8":"product_cat-luxio-base","10":"first","11":"instock","12":"taxable","13":"shipping-taxable","14":"purchasable","15":"product-type-simple"},"jetpack_sharing_enabled":true,"_links":{"self":[{"href":"https:\/\/shop.bestudio.ee\/fi\/wp-json\/wp\/v2\/product\/11005","targetHints":{"allow":["GET"]}}],"collection":[{"href":"https:\/\/shop.bestudio.ee\/fi\/wp-json\/wp\/v2\/product"}],"about":[{"href":"https:\/\/shop.bestudio.ee\/fi\/wp-json\/wp\/v2\/types\/product"}],"wp:featuredmedia":[{"embeddable":true,"href":"https:\/\/shop.bestudio.ee\/fi\/wp-json\/wp\/v2\/media\/11006"}],"wp:attachment":[{"href":"https:\/\/shop.bestudio.ee\/fi\/wp-json\/wp\/v2\/media?parent=11005"}],"wp:term":[{"taxonomy":"product_brand","embeddable":true,"href":"https:\/\/shop.bestudio.ee\/fi\/wp-json\/wp\/v2\/product_brand?post=11005"},{"taxonomy":"product_cat","embeddable":true,"href":"https:\/\/shop.bestudio.ee\/fi\/wp-json\/wp\/v2\/product_cat?post=11005"},{"taxonomy":"product_tag","embeddable":true,"href":"https:\/\/shop.bestudio.ee\/fi\/wp-json\/wp\/v2\/product_tag?post=11005"}],"curies":[{"name":"wp","href":"https:\/\/api.w.org\/{rel}","templated":true}]}}