{"id":11007,"date":"2025-10-19T22:08:13","date_gmt":"2025-10-19T19:08:13","guid":{"rendered":"https:\/\/shop.bestudio.ee\/?post_type=product&#038;p=11007"},"modified":"2026-01-16T20:09:07","modified_gmt":"2026-01-16T18:09:07","slug":"matte-on-15ml-5oz","status":"publish","type":"product","link":"https:\/\/shop.bestudio.ee\/fi\/tuote\/matte-on-15ml-5oz\/","title":{"rendered":"MATTE-ON 15ml\/.5oz"},"content":{"rendered":"<p><strong>AINESOSAT:<\/strong> BIS-HEMA-POLYNEOPENTYLIGLYKOLIADIPAATT\/IPDI-KOPOLYMEERI, BIS-HEMA-POLY(1,4-BUTAANDIOLI)-22\/IPDI-KOPOLYMEERI, PPG-3-GLYSERYYLIEETTERIDIAKRYLAATTI\/ADIPAATTIA, NAILON-12, PPG-3-GLYSERYYLIEETTERITRIAKRYLAATTI, HYDRATOITU PIIDIHAPO, ETYYLITRIMETYYLIBENSYYLIFENYYLIFOSFINAATTI, HYDROKSISYKLOHEKSYYLIFENYYLIKETONI, PIIDIHAPO, SINKISTEARAATTI<\/p>\n<h3><strong>T\u00c4RKE\u00c4 HUOMAUTUS!<\/strong><\/h3>\n<p>Sekoita ennen k\u00e4ytt\u00f6\u00e4.<\/p>\n<p><strong>Vain ammattik\u00e4ytt\u00f6\u00f6n.<br \/>\n15 ml \/ 0,5 unssia<\/strong><\/p>","protected":false},"excerpt":{"rendered":"<p><strong>AKZENTZ MATTE-ON UV\/LED<\/strong><\/p>\n<p>P\u00e4\u00e4llyslakkageeli, jota voidaan levitt\u00e4\u00e4 mink\u00e4 tahansa kovettuneen geelin p\u00e4\u00e4lle antamaan samettinen mattapinta ja tuntuma.<\/p>\n<div class=\"wpb_text_column wpb_content_element\">\n<div class=\"wpb_wrapper\">\n<div class=\"wpb_text_column wpb_content_element\">\n<div class=\"wpb_wrapper\">\n<p>Kuten kaikki geelimme, Matte-On on 100%-puhdas geeli, TPO-vapaa, liuotteeton ja valmistettu huippulaatuisista eurooppalaisista ja pohjoisamerikkalaisista ainesosista.<\/p>\n<\/div>\n<\/div>\n<div class=\"vc_row wpb_row vc_inner vc_row-fluid vc_custom_1470351428937\">\n<div class=\"wpb_column vc_column_container vc_col-sm-6\">\n<div class=\"vc_column-inner\">\n<div class=\"wpb_wrapper\">\n<div class=\"wpb_text_column wpb_content_element\">\n<div class=\"wpb_wrapper\">\n<p>\u2022 Voidaan levitt\u00e4\u00e4 mink\u00e4 tahansa kovettuneen geelin p\u00e4\u00e4lle viimeisen\u00e4 p\u00e4\u00e4llyskerroksena<\/p>\n<p>\u2022 Lis\u00e4\u00e4 samettisen mattaisen ulkon\u00e4\u00f6n ja tunteen<\/p>\n<p>\u2022 Nykyisen geelikokoelman v\u00e4lit\u00f6n modernisointi<\/p>\n<p>\u2022 LED-kovetus 30 sekuntia \/ UV-kovetus 2 minuuttia<\/p>\n<\/div>\n<\/div>\n<\/div>\n<\/div>\n<\/div>\n<div class=\"wpb_column vc_column_container vc_col-sm-6\">\n<div class=\"vc_column-inner\">\n<div class=\"wpb_wrapper\">\n<div class=\"wpb_text_column wpb_content_element\">\n<div class=\"wpb_wrapper\">\n<p>\u2022 100% Puhdas geeli<\/p>\n<p>\u2022 Luotettavaa Akzentz-laatua<\/p>\n<p>\u2022 Ammattimainen tuote \u2013 ei v\u00e4hitt\u00e4ismyyntituote<\/p>\n<p>\u2022 Valmistettu Kanadassa yli 20 vuoden kokemuksella<\/p>\n<\/div>\n<\/div>\n<\/div>\n<\/div>\n<\/div>\n<\/div>\n<\/div>\n<\/div>","protected":false},"featured_media":11008,"template":"","meta":[],"product_brand":[],"product_cat":[267,273,287],"product_tag":[],"class_list":{"0":"post-11007","1":"product","2":"type-product","3":"status-publish","4":"has-post-thumbnail","6":"product_cat-akzentz","7":"product_cat-specialty-gels","8":"product_cat-matte-on","10":"first","11":"instock","12":"taxable","13":"shipping-taxable","14":"purchasable","15":"product-type-simple"},"jetpack_sharing_enabled":true,"_links":{"self":[{"href":"https:\/\/shop.bestudio.ee\/fi\/wp-json\/wp\/v2\/product\/11007","targetHints":{"allow":["GET"]}}],"collection":[{"href":"https:\/\/shop.bestudio.ee\/fi\/wp-json\/wp\/v2\/product"}],"about":[{"href":"https:\/\/shop.bestudio.ee\/fi\/wp-json\/wp\/v2\/types\/product"}],"wp:featuredmedia":[{"embeddable":true,"href":"https:\/\/shop.bestudio.ee\/fi\/wp-json\/wp\/v2\/media\/11008"}],"wp:attachment":[{"href":"https:\/\/shop.bestudio.ee\/fi\/wp-json\/wp\/v2\/media?parent=11007"}],"wp:term":[{"taxonomy":"product_brand","embeddable":true,"href":"https:\/\/shop.bestudio.ee\/fi\/wp-json\/wp\/v2\/product_brand?post=11007"},{"taxonomy":"product_cat","embeddable":true,"href":"https:\/\/shop.bestudio.ee\/fi\/wp-json\/wp\/v2\/product_cat?post=11007"},{"taxonomy":"product_tag","embeddable":true,"href":"https:\/\/shop.bestudio.ee\/fi\/wp-json\/wp\/v2\/product_tag?post=11007"}],"curies":[{"name":"wp","href":"https:\/\/api.w.org\/{rel}","templated":true}]}}