{"id":11009,"date":"2025-10-19T22:11:33","date_gmt":"2025-10-19T19:11:33","guid":{"rendered":"https:\/\/shop.bestudio.ee\/?post_type=product&#038;p=11009"},"modified":"2025-12-01T00:00:39","modified_gmt":"2025-11-30T22:00:39","slug":"luxio-gel-gloss-15ml-5oz","status":"publish","type":"product","link":"https:\/\/shop.bestudio.ee\/fi\/tuote\/luxio-gel-gloss-15ml-5oz\/","title":{"rendered":"LUXIO GEELI \u2013 KIILT\u00c4V\u00c4 15ml\/.5oz"},"content":{"rendered":"<div class=\"woocommerce-tabs wc-tabs-wrapper\">\n<div id=\"tab-description\" class=\"woocommerce-Tabs-panel woocommerce-Tabs-panel--description panel entry-content wc-tab\" role=\"tabpanel\" aria-labelledby=\"tab-title-description\">\n<h3><strong>SUOSITELTAVA K\u00c4YTT\u00d6:<\/strong><\/h3>\n<ol>\n<li>Luxio\u00ae-geelilakan (Colour, Naked Base tai Build) k\u00e4yt\u00f6n j\u00e4lkeen levit\u00e4 runsaasti kynnenkiiltoa kynnen keskelle. Ty\u00f6nn\u00e4 sivellint\u00e4 yl\u00f6sp\u00e4in, jotta kiilto peitt\u00e4\u00e4 kynsinauhaa, mutta ei kosketa sit\u00e4. Sivele ylim\u00e4\u00e4r\u00e4inen kiilto kevyesti kynnen pintaa pitkin peitt\u00e4en tasaisesti kaikki alueet.<\/li>\n<li>Koveta 30 sekuntia Akz\u00e9ntz LED -lampussa.<\/li>\n<li>Pyyhi j\u00e4\u00e4m\u00e4t Akz\u00e9ntz Prep &amp; Wipe -liinalla saadaksesi paljaan kiilt\u00e4v\u00e4n pinnan.<\/li>\n<\/ol>\n<p><strong>Vain ammattik\u00e4ytt\u00f6\u00f6n.<br \/>\n15 ml \/ 0,5 unssia<\/strong><\/p>\n<\/div>\n<\/div>","protected":false},"excerpt":{"rendered":"<p><strong>LIOTETTAVA P\u00c4\u00c4LLIKILTA<\/strong><\/p>\n<p>Luxio Gloss on klassinen p\u00e4\u00e4llyslakkavalinta k\u00e4ytett\u00e4ess\u00e4 Luxio\u00ae-tuotteita, kuten Luxio Colour ja Luxio Build. Luxio Gloss kest\u00e4\u00e4 kynsi\u00e4 erinomaisesti ja pysyy joustavana. Luxio Gloss kovettuu ja muodostaa estokerroksen, joka voidaan poistaa Prep &amp; Wipe -k\u00e4sittelyll\u00e4, jolloin lopputulos on korkeakiiltoinen.<\/p>\n<h3><strong>TUOTTEEN KOHOKOHDAT:<\/strong><\/h3>\n<ul>\n<li>100% Puhdas geeli<\/li>\n<li>TPO-vapaa, 10-vapaa, liuotteeton, hajuton<\/li>\n<li>Keskiviskositeettinen, itsetasoittuva koostumus<\/li>\n<li>Antaa kynsille t\u00e4ydellisen ja kest\u00e4v\u00e4n kiillon.<\/li>\n<li>Voidaan helposti liottaa pois Akz\u00e9ntz Soak-Off Solutionilla.<\/li>\n<li>Valmistettu Kanadassa (eurooppalaisista ja pohjoisamerikkalaisista ainesosista)<\/li>\n<\/ul>","protected":false},"featured_media":11010,"template":"","meta":[],"product_brand":[],"product_cat":[267,268,279],"product_tag":[],"class_list":{"0":"post-11009","1":"product","2":"type-product","3":"status-publish","4":"has-post-thumbnail","6":"product_cat-akzentz","7":"product_cat-luxio","8":"product_cat-luxio-gloss","10":"first","11":"instock","12":"taxable","13":"shipping-taxable","14":"purchasable","15":"product-type-simple"},"jetpack_sharing_enabled":true,"_links":{"self":[{"href":"https:\/\/shop.bestudio.ee\/fi\/wp-json\/wp\/v2\/product\/11009","targetHints":{"allow":["GET"]}}],"collection":[{"href":"https:\/\/shop.bestudio.ee\/fi\/wp-json\/wp\/v2\/product"}],"about":[{"href":"https:\/\/shop.bestudio.ee\/fi\/wp-json\/wp\/v2\/types\/product"}],"wp:featuredmedia":[{"embeddable":true,"href":"https:\/\/shop.bestudio.ee\/fi\/wp-json\/wp\/v2\/media\/11010"}],"wp:attachment":[{"href":"https:\/\/shop.bestudio.ee\/fi\/wp-json\/wp\/v2\/media?parent=11009"}],"wp:term":[{"taxonomy":"product_brand","embeddable":true,"href":"https:\/\/shop.bestudio.ee\/fi\/wp-json\/wp\/v2\/product_brand?post=11009"},{"taxonomy":"product_cat","embeddable":true,"href":"https:\/\/shop.bestudio.ee\/fi\/wp-json\/wp\/v2\/product_cat?post=11009"},{"taxonomy":"product_tag","embeddable":true,"href":"https:\/\/shop.bestudio.ee\/fi\/wp-json\/wp\/v2\/product_tag?post=11009"}],"curies":[{"name":"wp","href":"https:\/\/api.w.org\/{rel}","templated":true}]}}