{"id":11011,"date":"2025-10-19T22:27:45","date_gmt":"2025-10-19T19:27:45","guid":{"rendered":"https:\/\/shop.bestudio.ee\/?post_type=product&#038;p=11011"},"modified":"2026-03-01T11:41:09","modified_gmt":"2026-03-01T09:41:09","slug":"uv-led-pro-formance-trinity-45g-1-6oz","status":"publish","type":"product","link":"https:\/\/shop.bestudio.ee\/fi\/tuote\/uv-led-pro-formance-trinity-45g-1-6oz\/","title":{"rendered":"UV\/LED PRO-FORMANCE TRINITY 45 g \/ 1,6 oz"},"content":{"rendered":"<p><strong>AINESOSAT:<\/strong> BIS-HEMA PPG-7\/SMDI-KOPOLYMEERI, HEMA, BIS-HEMA-POLY(1,4-BUTAANDIOLI)-22\/IPDI-KOPOLYMEERI, PPG-3 GLYSERYYLIEETTERITRIAKRYLAATTI, ETYYLITRIMETYYLIBENSYYLIFENYYLIFOSFINAATTI, HEMA-MALEAATTI, MALEIINHAPPO, P-HYDROKSYANISOLI, PENTAERYYTRITYLITETRAMERKAPTOPROPIONAATTI, PIIDI, [+\/-: C|60725]<\/p>\n<h3><strong>T\u00c4RKE\u00c4 HUOMAUTUS!<\/strong><\/h3>\n<p>Sekoita ennen k\u00e4ytt\u00f6\u00e4.<\/p>\n<h3><strong>SUOSITELTAVA K\u00c4YTT\u00d6:<\/strong><\/h3>\n<ol>\n<li>Valmisteltuasi kynnet, levit\u00e4 muotti (tarvittaessa) ja haluamasi alusgeeli (useimmille asiakkaille suositellaan Adhere-geeli\u00e4). Anna kuivua 30 sekuntia.<\/li>\n<li>Levit\u00e4 liukukerros helpottaaksesi levityst\u00e4 ja lis\u00e4\u00e4 sitten suurempi m\u00e4\u00e4r\u00e4 geeli\u00e4 pidennyksen tai peitteen muodostamiseksi. Anna geelin tasoittua ja kovettua.<\/li>\n<li>Muotoile ja viilaa kynnet haluamallasi tavalla ja viimeistele sitten Ultra Gloss- tai Shine-On-kynsill\u00e4 saadaksesi virheett\u00f6m\u00e4n lopputuloksen.<\/li>\n<\/ol>\n<p><strong>Vain ammattik\u00e4ytt\u00f6\u00f6n.<\/strong><\/p>","protected":false},"excerpt":{"rendered":"<p data-start=\"80\" data-end=\"379\"><strong>PRO-FORMANCE TRINITY 3-IN-1 GEELI<\/strong><\/p>\n<p data-start=\"80\" data-end=\"379\">Suosituin rakennusgeelimme, Trinity\u2122, tekee nimens\u00e4 mukaisesti oikeutta ainutlaatuiselle vaikutukselleen. <em>kolmi<\/em>-komponenttinen koostumus, joka yhdist\u00e4\u00e4 kolmen geelin tehon. Toimii\u00a0<strong data-start=\"267\" data-end=\"295\">Pohja, Rakentaja ja Kiilto<\/strong>Trinity virtaviivaistaa sovellustasi tinkim\u00e4tt\u00e4 kest\u00e4vyydest\u00e4 tai kauneudesta.<\/p>\n<p data-start=\"80\" data-end=\"379\">Ohuen viskositeetin ansiosta Trinity tarjoaa vaivattoman itsetasoittuvuuden ja hallinnan, joten se sopii erinomaisesti lyhyisiin veistoksiin, vahvistaviin peittokuviin tai vaivattomiin t\u00e4ytt\u00f6ihin. Trinity on suunniteltu tehokkuutta ja t\u00e4ydellisyytt\u00e4 arvostaville ammattilaisille, ja se tarjoaa pitk\u00e4kestoisen kest\u00e4vyyden sek\u00e4 virheett\u00f6m\u00e4n, kiilt\u00e4v\u00e4n pinnan \u2013 kaikki yhdess\u00e4 purkissa.<\/p>\n<p><strong>Ohut viskositeetinmuodostaja<br \/>\n<b>Vahvuus:\u00a0<\/b><\/strong>5\/5<strong><b><br \/>\nKattavuus:\u00a0<\/b><\/strong>0\/5<strong><br \/>\n<b>Viskositeetti:\u00a0<\/b><\/strong>1\/5<\/p>\n<h3><strong>TUOTTEEN KOHOKOHDAT<\/strong><\/h3>\n<ul>\n<li data-end=\"765\" data-start=\"720\">\n<p data-end=\"765\" data-start=\"722\">3-in-1-suorituskyky: Pohjustus, Rakentaja ja Kiillotus<\/p>\n<\/li>\n<li data-end=\"765\" data-start=\"720\">\n<p data-end=\"765\" data-start=\"722\">Ohut viskositeetti tarkkaan levitykseen<\/p>\n<\/li>\n<li data-end=\"841\" data-start=\"809\">\n<p data-end=\"841\" data-start=\"811\">Korkea lujuus ja kest\u00e4vyys<\/p>\n<\/li>\n<li data-end=\"870\" data-start=\"842\">\n<p data-end=\"870\" data-start=\"844\">Loistava, kest\u00e4v\u00e4 kiilto<\/p>\n<\/li>\n<li data-end=\"870\" data-start=\"842\">Kaunis peitt\u00e4vyys<\/li>\n<\/ul>\n<h3><strong>KAAVATIEDOT<\/strong><\/h3>\n<ul>\n<li>100% Puhdas geeli<\/li>\n<li>TPO-vapaa \/ 10-vapaa \/ El\u00e4inkokeeton \/ Vegaaninen<\/li>\n<li>Kova geeli (ei imeydy pois)<\/li>\n<li>Ei vahingoita eik\u00e4 kuivata asiakkaan kynsi\u00e4<\/li>\n<li>El\u00e4inkokeeton ja vegaaninen<\/li>\n<li>Kehitetty ja valmistettu 100% Kanadassa<\/li>\n<li>Valmistettu parhaista ainesosista, jotka ovat per\u00e4isin vain Euroopasta ja Pohjois-Amerikasta<\/li>\n<li>Vain ammattilaisille<\/li>\n<\/ul>\n<h3><strong>TIMANTTILUJUUSTEKNOLOGIA\u2122\u00a0 <\/strong><\/h3>\n<p>Akz\u00e9ntzin ainutlaatuinen Diamond Strength Technology (DST) -teknologia hy\u00f6dynt\u00e4\u00e4 alan johtavaa molekyylisilloittumista, joka muodostaa vahvimmat ja kest\u00e4vimm\u00e4t sidokset \u2013 tuloksena timantin kaltainen j\u00e4ykkyys, joka on muita rakennusgeelej\u00e4 parempi.<\/p>","protected":false},"featured_media":11016,"template":"","meta":[],"product_brand":[],"product_cat":[267,272,284],"product_tag":[],"class_list":{"0":"post-11011","1":"product","2":"type-product","3":"status-publish","4":"has-post-thumbnail","6":"product_cat-akzentz","7":"product_cat-pro-formance","8":"product_cat-trinity-3-in-1","10":"first","11":"outofstock","12":"sale","13":"taxable","14":"shipping-taxable","15":"purchasable","16":"product-type-simple"},"jetpack_sharing_enabled":true,"_links":{"self":[{"href":"https:\/\/shop.bestudio.ee\/fi\/wp-json\/wp\/v2\/product\/11011","targetHints":{"allow":["GET"]}}],"collection":[{"href":"https:\/\/shop.bestudio.ee\/fi\/wp-json\/wp\/v2\/product"}],"about":[{"href":"https:\/\/shop.bestudio.ee\/fi\/wp-json\/wp\/v2\/types\/product"}],"wp:featuredmedia":[{"embeddable":true,"href":"https:\/\/shop.bestudio.ee\/fi\/wp-json\/wp\/v2\/media\/11016"}],"wp:attachment":[{"href":"https:\/\/shop.bestudio.ee\/fi\/wp-json\/wp\/v2\/media?parent=11011"}],"wp:term":[{"taxonomy":"product_brand","embeddable":true,"href":"https:\/\/shop.bestudio.ee\/fi\/wp-json\/wp\/v2\/product_brand?post=11011"},{"taxonomy":"product_cat","embeddable":true,"href":"https:\/\/shop.bestudio.ee\/fi\/wp-json\/wp\/v2\/product_cat?post=11011"},{"taxonomy":"product_tag","embeddable":true,"href":"https:\/\/shop.bestudio.ee\/fi\/wp-json\/wp\/v2\/product_tag?post=11011"}],"curies":[{"name":"wp","href":"https:\/\/api.w.org\/{rel}","templated":true}]}}