{"id":11017,"date":"2025-10-19T22:32:41","date_gmt":"2025-10-19T19:32:41","guid":{"rendered":"https:\/\/shop.bestudio.ee\/?post_type=product&#038;p=11017"},"modified":"2025-12-18T16:16:57","modified_gmt":"2025-12-18T14:16:57","slug":"affixit-15ml-5oz","status":"publish","type":"product","link":"https:\/\/shop.bestudio.ee\/fi\/tuote\/affixit-15ml-5oz\/","title":{"rendered":"AFFIXIT 15ml\/.5oz"},"content":{"rendered":"<p><strong>Ainekset:<\/strong> Etyyliasetaatti, isopropylideenidifenyylibisoksihydroksipropyylimetakrylaatti, HEMA, P-hydroksianisoli<\/p>","protected":false},"excerpt":{"rendered":"<p>Hapoton, hell\u00e4varainen mutta eritt\u00e4in tehokas tuote luonnollisten kynsien pohjustamiseen maksimaalisen tarttuvuuden saavuttamiseksi.<\/p>\n<ul>\n<li>Hapoton pohjamaali<\/li>\n<li>J\u00e4tt\u00e4\u00e4 kynsilevyyn tahmean pinnan<\/li>\n<li>Ilma kuivuu nopeasti<\/li>\n<li>Vain ammattik\u00e4ytt\u00f6\u00f6n<\/li>\n<li>Valmistettu Kanadassa<\/li>\n<\/ul>\n<p><strong>K\u00c4YTT\u00d6OHJEET:<\/strong><br \/>\nLevit\u00e4 ohut, hallitusti levitetty kerros luonnollisille kynsille pyyhitty\u00e4si ne Prep &amp; Wipe -puhdistusaineella. \u00c4l\u00e4 anna pohjusteen ker\u00e4\u00e4nty\u00e4 tai valua ymp\u00e4r\u00f6iv\u00e4\u00e4n ihoon tai kynsinauhoihin. \u00c4l\u00e4 levit\u00e4 pohjustetta useammin kuin kerran ja k\u00e4yt\u00e4 vain yht\u00e4 pohjustetyyppi\u00e4 kerrallaan.<\/p>","protected":false},"featured_media":11018,"template":"","meta":[],"product_brand":[],"product_cat":[267,275,294],"product_tag":[],"class_list":{"0":"post-11017","1":"product","2":"type-product","3":"status-publish","4":"has-post-thumbnail","6":"product_cat-akzentz","7":"product_cat-basics","8":"product_cat-liquids","10":"first","11":"instock","12":"taxable","13":"shipping-taxable","14":"purchasable","15":"product-type-simple"},"jetpack_sharing_enabled":true,"_links":{"self":[{"href":"https:\/\/shop.bestudio.ee\/fi\/wp-json\/wp\/v2\/product\/11017","targetHints":{"allow":["GET"]}}],"collection":[{"href":"https:\/\/shop.bestudio.ee\/fi\/wp-json\/wp\/v2\/product"}],"about":[{"href":"https:\/\/shop.bestudio.ee\/fi\/wp-json\/wp\/v2\/types\/product"}],"wp:featuredmedia":[{"embeddable":true,"href":"https:\/\/shop.bestudio.ee\/fi\/wp-json\/wp\/v2\/media\/11018"}],"wp:attachment":[{"href":"https:\/\/shop.bestudio.ee\/fi\/wp-json\/wp\/v2\/media?parent=11017"}],"wp:term":[{"taxonomy":"product_brand","embeddable":true,"href":"https:\/\/shop.bestudio.ee\/fi\/wp-json\/wp\/v2\/product_brand?post=11017"},{"taxonomy":"product_cat","embeddable":true,"href":"https:\/\/shop.bestudio.ee\/fi\/wp-json\/wp\/v2\/product_cat?post=11017"},{"taxonomy":"product_tag","embeddable":true,"href":"https:\/\/shop.bestudio.ee\/fi\/wp-json\/wp\/v2\/product_tag?post=11017"}],"curies":[{"name":"wp","href":"https:\/\/api.w.org\/{rel}","templated":true}]}}