{"id":11019,"date":"2025-10-19T22:42:49","date_gmt":"2025-10-19T19:42:49","guid":{"rendered":"https:\/\/shop.bestudio.ee\/?post_type=product&#038;p=11019"},"modified":"2026-02-12T22:30:46","modified_gmt":"2026-02-12T20:30:46","slug":"sure-bond-bonding-agent-15ml-5oz","status":"publish","type":"product","link":"https:\/\/shop.bestudio.ee\/fi\/tuote\/sure-bond-bonding-agent-15ml-5oz\/","title":{"rendered":"SURE BOND -sidosaine 15 ml \/ 0,5 oz"},"content":{"rendered":"<p><strong>Ainekset:<\/strong> Isopropyylialkoholi, butyylimetakrylaatti, etyylimetakrylaatti<\/p>","protected":false},"excerpt":{"rendered":"<p>SURE BOND puhdistaa, desinfioi ja kuivattaa luonnolliset kynnet. Sopii m\u00e4rille ja rasvaisille kynsille, poistaa tehokkaasti rasvaa.<\/p>\n<ul>\n<li>Ilma kuivuu nopeasti<\/li>\n<li>Eritt\u00e4in hell\u00e4varainen luonnolliselle kynnelle<\/li>\n<li>Myrkyt\u00f6n<\/li>\n<li>Vain ammattik\u00e4ytt\u00f6\u00f6n<\/li>\n<li>Valmistettu Kanadassa<\/li>\n<\/ul>\n<p><strong>K\u00c4YTT\u00d6OHJEET:<\/strong><br \/>\nLevit\u00e4 ohut kerros luonnollisille kynsille kynsien rasvanpoiston j\u00e4lkeen ja ennen pohjustusta.<\/p>","protected":false},"featured_media":11020,"template":"","meta":[],"product_brand":[],"product_cat":[267,275,294],"product_tag":[],"class_list":{"0":"post-11019","1":"product","2":"type-product","3":"status-publish","4":"has-post-thumbnail","6":"product_cat-akzentz","7":"product_cat-basics","8":"product_cat-liquids","10":"first","11":"instock","12":"taxable","13":"shipping-taxable","14":"purchasable","15":"product-type-simple"},"jetpack_sharing_enabled":true,"_links":{"self":[{"href":"https:\/\/shop.bestudio.ee\/fi\/wp-json\/wp\/v2\/product\/11019","targetHints":{"allow":["GET"]}}],"collection":[{"href":"https:\/\/shop.bestudio.ee\/fi\/wp-json\/wp\/v2\/product"}],"about":[{"href":"https:\/\/shop.bestudio.ee\/fi\/wp-json\/wp\/v2\/types\/product"}],"wp:featuredmedia":[{"embeddable":true,"href":"https:\/\/shop.bestudio.ee\/fi\/wp-json\/wp\/v2\/media\/11020"}],"wp:attachment":[{"href":"https:\/\/shop.bestudio.ee\/fi\/wp-json\/wp\/v2\/media?parent=11019"}],"wp:term":[{"taxonomy":"product_brand","embeddable":true,"href":"https:\/\/shop.bestudio.ee\/fi\/wp-json\/wp\/v2\/product_brand?post=11019"},{"taxonomy":"product_cat","embeddable":true,"href":"https:\/\/shop.bestudio.ee\/fi\/wp-json\/wp\/v2\/product_cat?post=11019"},{"taxonomy":"product_tag","embeddable":true,"href":"https:\/\/shop.bestudio.ee\/fi\/wp-json\/wp\/v2\/product_tag?post=11019"}],"curies":[{"name":"wp","href":"https:\/\/api.w.org\/{rel}","templated":true}]}}