{"id":11045,"date":"2025-12-11T23:41:48","date_gmt":"2025-12-11T21:41:48","guid":{"rendered":"https:\/\/shop.bestudio.ee\/?post_type=product&#038;p=11045"},"modified":"2026-01-16T23:56:17","modified_gmt":"2026-01-16T21:56:17","slug":"uv-led-pro-formance-trinity-shades-sw2-45g-1-6oz","status":"publish","type":"product","link":"https:\/\/shop.bestudio.ee\/fi\/tuote\/uv-led-pro-formance-trinity-shades-sw2-45g-1-6oz\/","title":{"rendered":"UV\/LED PRO-FORMANCE TRINITY SHADES SW2 45 g\/1,6 oz"},"content":{"rendered":"<ul>\n<li>100% Puhdas geeli<\/li>\n<li>TPO-vapaa \/ HEMA-vapaa \/ 10-vapaa \/ El\u00e4inkokeeton \/ Vegaaninen<\/li>\n<li>Kova geeli (ei imeydy pois)<\/li>\n<li>Ei vahingoita eik\u00e4 kuivata asiakkaan kynsi\u00e4<\/li>\n<li>El\u00e4inkokeeton ja vegaaninen<\/li>\n<li>Kehitetty ja valmistettu 100% Kanadassa<\/li>\n<li>Valmistettu parhaista ainesosista, jotka ovat per\u00e4isin vain Euroopasta ja Pohjois-Amerikasta<\/li>\n<li>Vain ammattilaisille<\/li>\n<\/ul>\n<p>Akz\u00e9ntzin ainutlaatuinen Diamond Strength Technology (DST) -teknologia hy\u00f6dynt\u00e4\u00e4 alan johtavaa molekyylisilloittumista, joka muodostaa vahvimmat ja kest\u00e4vimm\u00e4t sidokset \u2013 tuloksena timantin kaltainen j\u00e4ykkyys, joka on muita rakennusgeelej\u00e4 parempi.<\/p>\n<ol>\n<li>Valmisteltuasi kynnet, levit\u00e4 muotti (tarvittaessa) ja haluamasi alusgeeli (useimmille asiakkaille suositellaan Adhere-geeli\u00e4). Anna kuivua 30 sekuntia.<\/li>\n<li>Levit\u00e4 liukukerros helpottaaksesi levityst\u00e4 ja lis\u00e4\u00e4 sitten suurempi m\u00e4\u00e4r\u00e4 geeli\u00e4 pidennyksen tai peitteen muodostamiseksi. Anna geelin tasoittua ja kovettua.<\/li>\n<li>Muotoile ja viilaa kynnet haluamallasi tavalla ja viimeistele sitten Ultra Gloss- tai Shine-On-kynsill\u00e4 saadaksesi virheett\u00f6m\u00e4n lopputuloksen.<\/li>\n<\/ol>\n<p><strong>Vain ammattik\u00e4ytt\u00f6\u00f6n.<\/strong><\/p>","protected":false},"excerpt":{"rendered":"<p data-end=\"379\" data-start=\"80\">Sama koostumus kuin suosituimmalla rakennusgeelill\u00e4mme Trinity\u2122, mutta saatavilla useissa luonnollisen n\u00e4k\u00f6isiss\u00e4 peitt\u00e4viss\u00e4 s\u00e4vyiss\u00e4. Trinity tekee nimens\u00e4 mukaisesti oikeutta ainutlaatuisella koostumuksellaan.\u00a0<em>kolmi<\/em>-komponenttinen koostumus, joka yhdist\u00e4\u00e4 kolmen geelin tehon. Toimii <strong data-end=\"295\" data-start=\"267\">Pohja, Rakentaja ja Kiilto<\/strong>Trinity virtaviivaistaa sovellustasi tinkim\u00e4tt\u00e4 kest\u00e4vyydest\u00e4 tai kauneudesta.<\/p>\n<p data-end=\"692\" data-start=\"381\">SW2 (Shades Warm N\u00ba2) on vaalean maitomainen pinkki peitt\u00e4v\u00e4 geeli, jossa on l\u00e4mmin pohjas\u00e4vy.<\/p>\n<p><strong>Ohut viskositeetinmuodostaja<br \/>\n<b>Vahvuus: <\/b><\/strong>5\/5<strong><b><br \/>\nKattavuus:\u00a0<\/b><\/strong>4\/5<strong><br \/>\n<b>Viskositeetti:\u00a0<\/b><\/strong>1\/\/5<\/p>\n<p>&nbsp;<\/p>\n<ul>\n<li data-start=\"720\" data-end=\"765\">\n<p data-start=\"722\" data-end=\"765\">3-in-1-suorituskyky: Pohjustus, Rakentaja ja Kiillotus<\/p>\n<\/li>\n<li data-start=\"720\" data-end=\"765\">\n<p data-start=\"722\" data-end=\"765\">Ohut viskositeetti tarkkaan levitykseen<\/p>\n<\/li>\n<li data-start=\"809\" data-end=\"841\">\n<p data-start=\"811\" data-end=\"841\">Korkea lujuus ja kest\u00e4vyys<\/p>\n<\/li>\n<li data-start=\"842\" data-end=\"870\">\n<p data-start=\"844\" data-end=\"870\">Loistava, kest\u00e4v\u00e4 kiilto<\/p>\n<\/li>\n<li data-start=\"842\" data-end=\"870\">Kaunis peitt\u00e4vyys<\/li>\n<\/ul>","protected":false},"featured_media":11051,"template":"","meta":[],"product_brand":[],"product_cat":[267,272,284],"product_tag":[],"class_list":{"0":"post-11045","1":"product","2":"type-product","3":"status-publish","4":"has-post-thumbnail","6":"product_cat-akzentz","7":"product_cat-pro-formance","8":"product_cat-trinity-3-in-1","10":"first","11":"instock","12":"sale","13":"taxable","14":"shipping-taxable","15":"purchasable","16":"product-type-simple"},"jetpack_sharing_enabled":true,"_links":{"self":[{"href":"https:\/\/shop.bestudio.ee\/fi\/wp-json\/wp\/v2\/product\/11045","targetHints":{"allow":["GET"]}}],"collection":[{"href":"https:\/\/shop.bestudio.ee\/fi\/wp-json\/wp\/v2\/product"}],"about":[{"href":"https:\/\/shop.bestudio.ee\/fi\/wp-json\/wp\/v2\/types\/product"}],"wp:featuredmedia":[{"embeddable":true,"href":"https:\/\/shop.bestudio.ee\/fi\/wp-json\/wp\/v2\/media\/11051"}],"wp:attachment":[{"href":"https:\/\/shop.bestudio.ee\/fi\/wp-json\/wp\/v2\/media?parent=11045"}],"wp:term":[{"taxonomy":"product_brand","embeddable":true,"href":"https:\/\/shop.bestudio.ee\/fi\/wp-json\/wp\/v2\/product_brand?post=11045"},{"taxonomy":"product_cat","embeddable":true,"href":"https:\/\/shop.bestudio.ee\/fi\/wp-json\/wp\/v2\/product_cat?post=11045"},{"taxonomy":"product_tag","embeddable":true,"href":"https:\/\/shop.bestudio.ee\/fi\/wp-json\/wp\/v2\/product_tag?post=11045"}],"curies":[{"name":"wp","href":"https:\/\/api.w.org\/{rel}","templated":true}]}}