{"id":11060,"date":"2025-12-12T00:04:54","date_gmt":"2025-12-11T22:04:54","guid":{"rendered":"https:\/\/shop.bestudio.ee\/?post_type=product&#038;p=11060"},"modified":"2025-12-18T16:18:22","modified_gmt":"2025-12-18T14:18:22","slug":"prescription-base-super-bond-all-new","status":"publish","type":"product","link":"https:\/\/shop.bestudio.ee\/fi\/tuote\/prescription-base-super-bond-all-new\/","title":{"rendered":"PRESCRIPTION BASE\u2122 SUPER-BOND (UPPOUUSI)"},"content":{"rendered":"<ol>\n<li>Valmistelun j\u00e4lkeen levit\u00e4 ohut, hallittu kerros luonnollisille kynsille. \u00c4l\u00e4 anna Super-Bondin koskettaa kynsinauhoja tai ymp\u00e4r\u00f6iv\u00e4\u00e4 ihoa.<\/li>\n<li>Koveta 30 sekuntia Akz\u00e9ntz LED -lampussa. \u00c4l\u00e4 pyyhi kovettumisen j\u00e4lkeen.<\/li>\n<li>Jatka geelihoitoa normaalisti.<\/li>\n<\/ol>\n<p>Poista joko viilaamalla varovasti tai k\u00e4ytt\u00e4m\u00e4ll\u00e4 Akz\u00e9ntz Soak-Off -geelipoistoainetta.<\/p>\n<ul>\n<li>100% Puhdas geeli\u2122<\/li>\n<li>TPO- ja HEMA-vapaa, 10-vapaa*<\/li>\n<li>Liuotteeton (ei kuivu)<\/li>\n<li>Sis\u00e4lt\u00e4\u00e4 biopohjaista monomeeria<\/li>\n<li>T\u00e4ysin vapaa voimakkaista hajuista<\/li>\n<li>El\u00e4inkokeeton ja vegaaninen<\/li>\n<li>Valmistettu yksinomaan Euroopasta ja Pohjois-Amerikasta per\u00e4isin olevista raaka-aineista<\/li>\n<\/ul>\n<p>10-vapaa tarkoittaa, ettei sis\u00e4ll\u00e4:<\/p>\n<p><em>Formaldehydi, tolueeni, parabeenit, kamferi, formaldehydihartsi, dibutyyliftalaatti (DBP), ksyleeni, ftalaatit, trifenyylifosfaatti (TPHP), tert-butyylihydroperoksidi (TBHP), etyylitosyyliamidi)\u00a0<\/em><\/p>\n<p>&nbsp;<\/p>","protected":false},"excerpt":{"rendered":"<p>Super-Bond on suunniteltu korvaamaan tavallinen alusgeeli (Luxio Base, Pro-Formance Adhere, Options Base tai Options Opti-Bond) ja pident\u00e4m\u00e4\u00e4n kynsien pysyvyytt\u00e4 asiakkaille, joilla on vakavia pysyvyysongelmia, kuten kynsien irtoamista ja irtoamista. Super-Bond on erityisen hy\u00f6dyllinen asiakkaille, joilla on kosteat tai &quot;\u00f6ljyiset&quot; kynnet.<\/p>\n<p>Super-Bond Sis\u00e4lt\u00e4\u00e4 huolellisesti harkitun pitoisuuden <strong>Akryylihappo<\/strong> lis\u00e4\u00e4m\u00e4\u00e4n tarttuvuutta \u00e4\u00e4rimm\u00e4isiss\u00e4 kynsien irtoamistapauksissa ja yll\u00e4pit\u00e4m\u00e4\u00e4n luonnollisten kynsien terveytt\u00e4. K\u00e4ytt\u00e4m\u00e4ll\u00e4 ainutlaatuista <strong>m\u00e4nnyn osista johdettu biopohjainen monomeeri, <\/strong>Super-Bondilla on tunnusomainen hartsimainen tuoksu \u2013 sen luonnollisen alkuper\u00e4n vivahde.<\/p>\n<p>15 ml \/ 0,5 unssia<\/p>\n<ul>\n<li>Maksimaalinen tarttuvuus ongelmanratkaisuun ja kiinnitykseen<\/li>\n<li>Helppok\u00e4ytt\u00f6inen, keskiviskositeettinen (samanlainen kuin Luxio Base)<\/li>\n<li>Itsetasautuva sile\u00e4lle ja tasaiselle pinnalle<\/li>\n<li>Peitt\u00e4\u00e4 luonnolliset kynnet suojakerroksella<\/li>\n<li>J\u00e4ykk\u00e4, vahva koostumus<\/li>\n<li>Vain ammattik\u00e4ytt\u00f6\u00f6n<\/li>\n<li>Valmistettu Kanadassa<\/li>\n<\/ul>\n<p>K\u00e4yt\u00e4 Prescription Base Super-Bondia mink\u00e4 tahansa Akz\u00e9ntz-geelin kanssa vakioaluslakan sijaan, kun:<\/p>\n<ul>\n<li>Asiakas, joka kokee \u00e4\u00e4rimm\u00e4ist\u00e4 nostoa<\/li>\n<li>Asiakas, jolla on kosteat tai &quot;\u00f6ljyiset&quot; k\u00e4det\/kynsilevyt<\/li>\n<li>Asiakas kokee hyperhidroosia<\/li>\n<\/ul>\n<p>&nbsp;<\/p>","protected":false},"featured_media":11064,"template":"","meta":[],"product_brand":[],"product_cat":[267,302],"product_tag":[],"class_list":{"0":"post-11060","1":"product","2":"type-product","3":"status-publish","4":"has-post-thumbnail","6":"product_cat-akzentz","7":"product_cat-prescription-base","9":"first","10":"instock","11":"sale","12":"taxable","13":"shipping-taxable","14":"purchasable","15":"product-type-simple"},"jetpack_sharing_enabled":true,"_links":{"self":[{"href":"https:\/\/shop.bestudio.ee\/fi\/wp-json\/wp\/v2\/product\/11060","targetHints":{"allow":["GET"]}}],"collection":[{"href":"https:\/\/shop.bestudio.ee\/fi\/wp-json\/wp\/v2\/product"}],"about":[{"href":"https:\/\/shop.bestudio.ee\/fi\/wp-json\/wp\/v2\/types\/product"}],"wp:featuredmedia":[{"embeddable":true,"href":"https:\/\/shop.bestudio.ee\/fi\/wp-json\/wp\/v2\/media\/11064"}],"wp:attachment":[{"href":"https:\/\/shop.bestudio.ee\/fi\/wp-json\/wp\/v2\/media?parent=11060"}],"wp:term":[{"taxonomy":"product_brand","embeddable":true,"href":"https:\/\/shop.bestudio.ee\/fi\/wp-json\/wp\/v2\/product_brand?post=11060"},{"taxonomy":"product_cat","embeddable":true,"href":"https:\/\/shop.bestudio.ee\/fi\/wp-json\/wp\/v2\/product_cat?post=11060"},{"taxonomy":"product_tag","embeddable":true,"href":"https:\/\/shop.bestudio.ee\/fi\/wp-json\/wp\/v2\/product_tag?post=11060"}],"curies":[{"name":"wp","href":"https:\/\/api.w.org\/{rel}","templated":true}]}}