{"id":11066,"date":"2025-12-12T00:15:11","date_gmt":"2025-12-11T22:15:11","guid":{"rendered":"https:\/\/shop.bestudio.ee\/?post_type=product&#038;p=11066"},"modified":"2025-12-18T16:17:53","modified_gmt":"2025-12-18T14:17:53","slug":"luxio-nail-cuticle-oil-tube","status":"publish","type":"product","link":"https:\/\/shop.bestudio.ee\/fi\/tuote\/luxio-nail-cuticle-oil-tube\/","title":{"rendered":"LUXIO\u00ae KYNSIEN- JA KYNSINAHKA\u00d6LJYTUUBI"},"content":{"rendered":"<ul>\n<li>Aprikoosi\u00f6ljy - Silottaa, korjaa ja vahvistaa kynsi\u00e4<\/li>\n<li>Jojoba\u00f6ljy \u2013 Samankaltainen kuin ihon tali, syv\u00e4kosteuttaa ihoa ja kynsi\u00e4<\/li>\n<li>Inca Inchi -\u00f6ljy \u2013 Runsaasti omega-3-rasvahappoja ja antioksidantteja<span class=\"Apple-converted-space\">\u00a0<\/span><\/li>\n<li><span class=\"Apple-converted-space\">Rosmariiniuute \u2013 Tehokas antioksidantti, jolla on antiseptisi\u00e4 ja tulehdusta ehk\u00e4isevi\u00e4 ominaisuuksia<\/span><\/li>\n<li><span class=\"Apple-converted-space\">Greipin eteerinen \u00f6ljy \u2013 Kevyt ja virkist\u00e4v\u00e4 tuoksu, jolla on antimikrobisia ominaisuuksia\u00a0<\/span><\/li>\n<li>E-vitamiini \u2013 antioksidantti, joka auttaa suojaamaan soluja oksidatiivisilta vaurioilta<\/li>\n<\/ul>\n<p>&nbsp;<\/p>\n<p><span class=\"a_GcMg font-feature-liga-off font-feature-clig-off font-feature-calt-off text-decoration-none text-strikethrough-none\">Prunus Armeniaca (aprikoosi)ydin\u00f6ljy, Simmondsia Chinensis (jojoba)siemen\u00f6ljy, piidioksididimetikonisilylaatti, Plukenetia <\/span><span class=\"a_GcMg font-feature-liga-off font-feature-clig-off font-feature-calt-off text-decoration-none text-strikethrough-none\">Volubilis-siemen\u00f6ljy, Citrus Paradisi (vaaleanpunainen greippi) kuori\u00f6ljy, Helianthus Annuus (auringonkukka) -siemen\u00f6ljy, Olea Europaea (oliivi) -hedelm\u00e4\u00f6ljy, Rosmarinus Officinalis (rosmariini) lehtiuute, tokoferoli, <\/span><span class=\"a_GcMg font-feature-liga-off font-feature-clig-off font-feature-calt-off text-decoration-none text-strikethrough-none\">Limoneeni<\/span><\/p>","protected":false},"excerpt":{"rendered":"<p>Innovatiivisen, syv\u00e4ravitsevien \u00f6ljyjemme \u2013 aprikoosi-, jojoba-, inca inchi-, auringonkukka- ja oliivihedelm\u00e4 \u2013 sekoituksemme paksumpi geelim\u00e4inen koostumus toimii sopusoinnussa luonnostaan aktiivisten rosmariininlehden ja greipin uutteiden kanssa. Jokainen ainesosa valittiin niiden todistettujen hoitavien ominaisuuksien perusteella, ja yhdess\u00e4 ne luovat kevyen, virkist\u00e4v\u00e4n tuoksun. Luxio\u00ae Signature Spa -tuoksu on aktiivisten kasviuutteiden luonnollinen tulos.<\/p>\n<p>Toimitetaan kultaisella korostuksella varustetussa mattavalkoisessa tuubissa, joka on vuotamaton ja sopii erinomaisesti asiakkaillesi ostettavaksi v\u00e4hitt\u00e4ismyyntituotteeksi. T\u00e4ydellinen koko mukaan otettavaksi, mahtuu laukkuun tai taskuun, tehden kosteutetuista kynsist\u00e4 ja kynsinauhoista osan vaivatonta p\u00e4ivitt\u00e4ist\u00e4 rituaalia.<\/p>\n<p><strong>Koko: <\/strong>7,5 ml \/ 0,25 fl oz<\/p>\n<ul>\n<li>100% Luonnollisia ainesosia \/ Vegaaninen \/ Ei testattu el\u00e4imill\u00e4<\/li>\n<li>Nopeasti imeytyv\u00e4 ja rasvaton<\/li>\n<li>Tulehdusta est\u00e4v\u00e4<span class=\"Apple-converted-space\">\u00a0<\/span><\/li>\n<li>Uudistaa ihoa<span class=\"Apple-converted-space\">\u00a0<\/span><\/li>\n<li>S\u00e4ilytt\u00e4\u00e4 ihon lipiditasapainon<\/li>\n<li>Pehment\u00e4\u00e4 ja kosteuttaa ihoa syv\u00e4lt\u00e4<span class=\"Apple-converted-space\">\u00a0<\/span><\/li>\n<li>Valmistettu Kanadassa (eurooppalaisista ja pohjoisamerikkalaisista ainesosista)<\/li>\n<\/ul>","protected":false},"featured_media":11073,"template":"","meta":[],"product_brand":[],"product_cat":[267,303],"product_tag":[],"class_list":{"0":"post-11066","1":"product","2":"type-product","3":"status-publish","4":"has-post-thumbnail","6":"product_cat-akzentz","7":"product_cat-luxio-spa","9":"first","10":"instock","11":"sale","12":"taxable","13":"shipping-taxable","14":"purchasable","15":"product-type-simple"},"jetpack_sharing_enabled":true,"_links":{"self":[{"href":"https:\/\/shop.bestudio.ee\/fi\/wp-json\/wp\/v2\/product\/11066","targetHints":{"allow":["GET"]}}],"collection":[{"href":"https:\/\/shop.bestudio.ee\/fi\/wp-json\/wp\/v2\/product"}],"about":[{"href":"https:\/\/shop.bestudio.ee\/fi\/wp-json\/wp\/v2\/types\/product"}],"wp:featuredmedia":[{"embeddable":true,"href":"https:\/\/shop.bestudio.ee\/fi\/wp-json\/wp\/v2\/media\/11073"}],"wp:attachment":[{"href":"https:\/\/shop.bestudio.ee\/fi\/wp-json\/wp\/v2\/media?parent=11066"}],"wp:term":[{"taxonomy":"product_brand","embeddable":true,"href":"https:\/\/shop.bestudio.ee\/fi\/wp-json\/wp\/v2\/product_brand?post=11066"},{"taxonomy":"product_cat","embeddable":true,"href":"https:\/\/shop.bestudio.ee\/fi\/wp-json\/wp\/v2\/product_cat?post=11066"},{"taxonomy":"product_tag","embeddable":true,"href":"https:\/\/shop.bestudio.ee\/fi\/wp-json\/wp\/v2\/product_tag?post=11066"}],"curies":[{"name":"wp","href":"https:\/\/api.w.org\/{rel}","templated":true}]}}