{"id":11083,"date":"2025-12-12T00:28:39","date_gmt":"2025-12-11T22:28:39","guid":{"rendered":"https:\/\/shop.bestudio.ee\/?post_type=product&#038;p=11083"},"modified":"2025-12-18T16:18:37","modified_gmt":"2025-12-18T14:18:37","slug":"prescription-base-x-bond-for-compromised-nails","status":"publish","type":"product","link":"https:\/\/shop.bestudio.ee\/fi\/tuote\/prescription-base-x-bond-for-compromised-nails\/","title":{"rendered":"PRESCRIPTION BASE\u2122 X-BOND (VAHINGOITTUNEISIIN KYNSIIN)"},"content":{"rendered":"<ol>\n<li>Valmistelun j\u00e4lkeen levit\u00e4 ohut, hallittu kerros luonnollisille kynsille. \u00c4l\u00e4 anna X-Bondin koskettaa kynsinauhoja tai ymp\u00e4r\u00f6iv\u00e4\u00e4 ihoa.<\/li>\n<li>Koveta 30 sekuntia Akz\u00e9ntz LED -lampussa. \u00c4l\u00e4 pyyhi kovettumisen j\u00e4lkeen.<\/li>\n<li>Jatka geelihoitoa normaalisti.<\/li>\n<\/ol>\n<p>Poista joko viilaamalla varovasti tai k\u00e4ytt\u00e4m\u00e4ll\u00e4 Akz\u00e9ntz Soak-Off -geelipoistoainetta.<\/p>\n<ul>\n<li>100% Puhdas geeli\u2122<\/li>\n<li>TPO- ja HEMA-vapaa, 10-vapaa*<\/li>\n<li>Liuotteeton (ei kuivu)<\/li>\n<li>T\u00e4ysin vapaa voimakkaista hajuista<\/li>\n<li>El\u00e4inkokeeton ja vegaaninen<\/li>\n<li>Valmistettu yksinomaan Euroopasta ja Pohjois-Amerikasta per\u00e4isin olevista raaka-aineista<\/li>\n<\/ul>\n<p>10-vapaa tarkoittaa, ettei sis\u00e4ll\u00e4:<\/p>\n<p><em>Formaldehydi, tolueeni, parabeenit, kamferi, formaldehydihartsi, dibutyyliftalaatti (DBP), ksyleeni, ftalaatit, trifenyylifosfaatti (TPHP), tert-butyylihydroperoksidi (TBHP), etyylitosyyliamidi)\u00a0<\/em><\/p>","protected":false},"excerpt":{"rendered":"<p>X-Bond on suunniteltu korvaamaan tavallinen pohjageeli (Luxio Base, Pro-Formance Adhere, Options Base tai Options Opti-Bond) ja pident\u00e4m\u00e4\u00e4n kynnen kestoa asiakkaille, joilla on kynsien pysyvyysongelmia, kuten hilseily\u00e4. X-Bond on erityisen hy\u00f6dyllinen asiakkaille, joilla on ohuet, liikaa t\u00e4ytetyt tai vaurioituneet kynnet (liikahappoiset).\u00a0<strong><\/p>\n<p><\/strong>Prescription Base X-Bond on p\u00e4ivitetty versio X-Bondista, jossa on uusi ulkon\u00e4k\u00f6, nyt TPO- ja HEMA-vapaa.<\/p>\n<p>15 ml \/ 0,5 unssia<\/p>\n<ul>\n<li>Maksimaalinen tarttuvuus ohuille\/vaurioituneille kynsille<\/li>\n<li>Ohut, nestem\u00e4inen viskositeetti, suunniteltu levitett\u00e4v\u00e4ksi yhdell\u00e4 eritt\u00e4in ohuella kerroksella<\/li>\n<li>Sis\u00e4lt\u00e4\u00e4 erityisi\u00e4 tarttumista edist\u00e4vi\u00e4 aineita, jotka sitoutuvat rikkoutuneeseen keratiiniin<\/li>\n<li>Joustava koostumus<\/li>\n<li>Vain ammattik\u00e4ytt\u00f6\u00f6n<\/li>\n<li>Valmistettu Kanadassa<\/li>\n<\/ul>\n<p>K\u00e4yt\u00e4 Prescription Base X-Bondia mink\u00e4 tahansa Akz\u00e9ntz-geelin kanssa vakioaluslakan sijaan seuraavissa tapauksissa:<\/p>\n<ul>\n<li>Asiakas, joka kokee nostoa<\/li>\n<li>Asiakkaan kynnet ovat ohuet\/joustavat<\/li>\n<li>Asiakas, jonka kynnet ovat liian t\u00e4ytetyt ja\/tai liian happamat<\/li>\n<li>Asiakas, jonka kynsiss\u00e4 on valkoisia l\u00e4iski\u00e4<\/li>\n<\/ul>","protected":false},"featured_media":11087,"template":"","meta":[],"product_brand":[],"product_cat":[267,302],"product_tag":[],"class_list":{"0":"post-11083","1":"product","2":"type-product","3":"status-publish","4":"has-post-thumbnail","6":"product_cat-akzentz","7":"product_cat-prescription-base","9":"first","10":"instock","11":"sale","12":"taxable","13":"shipping-taxable","14":"purchasable","15":"product-type-simple"},"jetpack_sharing_enabled":true,"_links":{"self":[{"href":"https:\/\/shop.bestudio.ee\/fi\/wp-json\/wp\/v2\/product\/11083","targetHints":{"allow":["GET"]}}],"collection":[{"href":"https:\/\/shop.bestudio.ee\/fi\/wp-json\/wp\/v2\/product"}],"about":[{"href":"https:\/\/shop.bestudio.ee\/fi\/wp-json\/wp\/v2\/types\/product"}],"wp:featuredmedia":[{"embeddable":true,"href":"https:\/\/shop.bestudio.ee\/fi\/wp-json\/wp\/v2\/media\/11087"}],"wp:attachment":[{"href":"https:\/\/shop.bestudio.ee\/fi\/wp-json\/wp\/v2\/media?parent=11083"}],"wp:term":[{"taxonomy":"product_brand","embeddable":true,"href":"https:\/\/shop.bestudio.ee\/fi\/wp-json\/wp\/v2\/product_brand?post=11083"},{"taxonomy":"product_cat","embeddable":true,"href":"https:\/\/shop.bestudio.ee\/fi\/wp-json\/wp\/v2\/product_cat?post=11083"},{"taxonomy":"product_tag","embeddable":true,"href":"https:\/\/shop.bestudio.ee\/fi\/wp-json\/wp\/v2\/product_tag?post=11083"}],"curies":[{"name":"wp","href":"https:\/\/api.w.org\/{rel}","templated":true}]}}