{"id":11088,"date":"2025-12-12T00:55:53","date_gmt":"2025-12-11T22:55:53","guid":{"rendered":"https:\/\/shop.bestudio.ee\/?post_type=product&#038;p=11088"},"modified":"2025-12-18T00:21:33","modified_gmt":"2025-12-17T22:21:33","slug":"vanilla-shimmer-lotion","status":"publish","type":"product","link":"https:\/\/shop.bestudio.ee\/fi\/tuote\/vanilla-shimmer-lotion\/","title":{"rendered":"Dadi VANILJAHOHTELUVOIDE, 236ml"},"content":{"rendered":"<p><span class=\"s1\"><strong>Merkitt\u00e4vi\u00e4 ainesosia:<\/strong><b><br \/>\n<\/b><\/span><span class=\"s1\">Luonnollinen vaniljan tuoksu<br \/>\n<\/span><span class=\"s1\">Hyaluronihappo<br \/>\n<\/span><span class=\"s1\">Allontoin<br \/>\n<\/span><span class=\"s1\">Pantenoli<br \/>\n<\/span><span class=\"s1\">Tokoferoli (luonnollinen E-vitamiini)<\/span><\/p>\n<p><span class=\"s1\"><strong>Ohjeet:<\/strong><b><br \/>\n<\/b><\/span><span class=\"s1\">Levit\u00e4 k\u00e4sille ja vartalolle haluamallasi tavalla saadaksesi sile\u00e4n ihon, kosteutta s\u00e4ilytt\u00e4v\u00e4n vaikutuksen ja hohtavan hehkun vaniljan vivahteella.<\/span><\/p>\n<h4><strong><span class=\"im\">Vanilla Shimmer -voide on sulfaatiton, parabeeniton ja keinotekoiset v\u00e4riaineeton!<\/span><\/strong><\/h4>\n<p><span class=\"im\"><strong>Koot<\/strong><b><br \/>\n<\/b><\/span>236 ml \/ 8 fl oz<\/p>","protected":false},"excerpt":{"rendered":"<p><strong>Mik\u00e4 on Vanilla Shimmer -voide?<br \/>\n<\/strong><span class=\"s1\">Nopeasti imeytyv\u00e4, rasvaton ja kosteuttava k\u00e4si- ja vartalovoide, joka perustuu palkittuun Luxury Dad&#039; Lotioniin ja jossa on kultaista hohdetta.<br \/>\nvaniljan vivahde t\u00e4ydelliseen juhlahehkuun. <\/span><\/p>\n<p><strong>K\u00e4ytt\u00f6tarkoitukset?<br \/>\n<\/strong><span class=\"s1\">Antaa ihollesi hohtavan hehkun ja lis\u00e4\u00e4 hauskuutta jouluun.<\/span><\/p>","protected":false},"featured_media":11089,"template":"","meta":[],"product_brand":[],"product_cat":[52,56],"product_tag":[],"class_list":{"0":"post-11088","1":"product","2":"type-product","3":"status-publish","4":"has-post-thumbnail","6":"product_cat-famous-names","7":"product_cat-dadi-lotion","9":"first","10":"instock","11":"taxable","12":"shipping-taxable","13":"purchasable","14":"product-type-simple"},"jetpack_sharing_enabled":true,"_links":{"self":[{"href":"https:\/\/shop.bestudio.ee\/fi\/wp-json\/wp\/v2\/product\/11088","targetHints":{"allow":["GET"]}}],"collection":[{"href":"https:\/\/shop.bestudio.ee\/fi\/wp-json\/wp\/v2\/product"}],"about":[{"href":"https:\/\/shop.bestudio.ee\/fi\/wp-json\/wp\/v2\/types\/product"}],"wp:featuredmedia":[{"embeddable":true,"href":"https:\/\/shop.bestudio.ee\/fi\/wp-json\/wp\/v2\/media\/11089"}],"wp:attachment":[{"href":"https:\/\/shop.bestudio.ee\/fi\/wp-json\/wp\/v2\/media?parent=11088"}],"wp:term":[{"taxonomy":"product_brand","embeddable":true,"href":"https:\/\/shop.bestudio.ee\/fi\/wp-json\/wp\/v2\/product_brand?post=11088"},{"taxonomy":"product_cat","embeddable":true,"href":"https:\/\/shop.bestudio.ee\/fi\/wp-json\/wp\/v2\/product_cat?post=11088"},{"taxonomy":"product_tag","embeddable":true,"href":"https:\/\/shop.bestudio.ee\/fi\/wp-json\/wp\/v2\/product_tag?post=11088"}],"curies":[{"name":"wp","href":"https:\/\/api.w.org\/{rel}","templated":true}]}}