{"id":11090,"date":"2025-12-12T00:59:11","date_gmt":"2025-12-11T22:59:11","guid":{"rendered":"https:\/\/shop.bestudio.ee\/?post_type=product&#038;p=11090"},"modified":"2025-12-18T00:18:57","modified_gmt":"2025-12-17T22:18:57","slug":"dadi-scrub-935g","status":"publish","type":"product","link":"https:\/\/shop.bestudio.ee\/fi\/tuote\/dadi-scrub-935g\/","title":{"rendered":"DADI&#039; KUORINTAVOIDE 935g"},"content":{"rendered":"<p><strong>Merkitt\u00e4vi\u00e4 ainesosia<\/strong><br \/>\nSuolaa<br \/>\nSokeri<br \/>\nHohkakivikuorinta<br \/>\nKookos\u00f6ljy<br \/>\nSaflori\u00f6ljy<br \/>\nDadi&#039; Oil -\u00f6ljyt<\/p>\n<p><strong>Ohjeet<\/strong><b><br \/>\n<\/b>Levit\u00e4 Dadi&#039; Scrub -kuorintavoidetta kosteille k\u00e4sille, jaloille tai vartalolle. Hiero ihoon. Kahden kuorintakerran (sokeri, sitten suola) j\u00e4lkeen huuhtele l\u00e4mpim\u00e4ll\u00e4 vedell\u00e4. Viimeistele palkitulla Dadi&#039; Oil -\u00f6ljyll\u00e4 ja\/tai Luxury Dadi Lotionilla.<\/p>\n<p><b><\/b>Dadi&#039; Scrub ei sis\u00e4ll\u00e4 sulfaatteja, parabeeneja tai keinotekoisia v\u00e4riaineita.<\/p>\n<p><strong>Koot<br \/>\n<\/strong>935 g \/ 33 unssia<\/p>","protected":false},"excerpt":{"rendered":"<p><strong>Mik\u00e4 on Dadi&#039; Scrub?<\/strong><b><br \/>\n<\/b>Pehme\u00e4 ja ylellinen kuoriva ja hoitava k\u00e4sien, jalkojen ja vartalon kuorinta, jolla on sama tuoksu kuin palkitulla Dadi&#039; Oil -\u00f6ljyll\u00e4.<\/p>\n<p><strong>Mit\u00e4 se tekee?<\/strong><b><br \/>\n<\/b>Silottaa, kuorii ja hoitaa ihoa j\u00e4tt\u00e4en k\u00e4tesi, jalkasi ja ihosi pehmeiksi, kosteutetuiksi ja nuorekkaiksi.<\/p>","protected":false},"featured_media":11091,"template":"","meta":[],"product_brand":[],"product_cat":[52,63],"product_tag":[],"class_list":{"0":"post-11090","1":"product","2":"type-product","3":"status-publish","4":"has-post-thumbnail","6":"product_cat-famous-names","7":"product_cat-dadi-scrub","9":"first","10":"instock","11":"taxable","12":"shipping-taxable","13":"purchasable","14":"product-type-simple"},"jetpack_sharing_enabled":true,"_links":{"self":[{"href":"https:\/\/shop.bestudio.ee\/fi\/wp-json\/wp\/v2\/product\/11090","targetHints":{"allow":["GET"]}}],"collection":[{"href":"https:\/\/shop.bestudio.ee\/fi\/wp-json\/wp\/v2\/product"}],"about":[{"href":"https:\/\/shop.bestudio.ee\/fi\/wp-json\/wp\/v2\/types\/product"}],"wp:featuredmedia":[{"embeddable":true,"href":"https:\/\/shop.bestudio.ee\/fi\/wp-json\/wp\/v2\/media\/11091"}],"wp:attachment":[{"href":"https:\/\/shop.bestudio.ee\/fi\/wp-json\/wp\/v2\/media?parent=11090"}],"wp:term":[{"taxonomy":"product_brand","embeddable":true,"href":"https:\/\/shop.bestudio.ee\/fi\/wp-json\/wp\/v2\/product_brand?post=11090"},{"taxonomy":"product_cat","embeddable":true,"href":"https:\/\/shop.bestudio.ee\/fi\/wp-json\/wp\/v2\/product_cat?post=11090"},{"taxonomy":"product_tag","embeddable":true,"href":"https:\/\/shop.bestudio.ee\/fi\/wp-json\/wp\/v2\/product_tag?post=11090"}],"curies":[{"name":"wp","href":"https:\/\/api.w.org\/{rel}","templated":true}]}}