{"id":11093,"date":"2025-12-18T00:50:10","date_gmt":"2025-12-17T22:50:10","guid":{"rendered":"https:\/\/shop.bestudio.ee\/?post_type=product&#038;p=11093"},"modified":"2026-01-18T18:10:04","modified_gmt":"2026-01-18T16:10:04","slug":"uv-led-pro-formance-adhere-7g-25oz","status":"publish","type":"product","link":"https:\/\/shop.bestudio.ee\/fi\/tuote\/uv-led-pro-formance-adhere-7g-25oz\/","title":{"rendered":"UV\/LED PRO-FORMANCE ADHERE 7 g \/ 0,25 oz"},"content":{"rendered":"<p>Levit\u00e4 ohut, hallitusti kerros luonnollisille kynsille kynnen valmistelun ja pohjustuksen (tarvittaessa) j\u00e4lkeen. Koveta 30 sekuntia Akz\u00e9ntz LED-lampussa.<\/p>\n<p>Vain ammattik\u00e4ytt\u00f6\u00f6n.<br \/>\n7 g \/ 0,25 unssia<\/p>","protected":false},"excerpt":{"rendered":"<p><span class=\"OYPEnA font-feature-liga-off font-feature-clig-off font-feature-calt-off text-decoration-none text-strikethrough-none\">Adhee on mullistava liimausmenetelm\u00e4<\/span><span class=\"OYPEnA font-feature-liga-off font-feature-clig-off font-feature-calt-off text-decoration-none text-strikethrough-none\"> geeli \u2013 se on kova geelimuoto ja sit\u00e4 voidaan levitt\u00e4\u00e4 eritt\u00e4in ohuena kerroksena kauniiden ja ohuiden tehosteiden aikaansaamiseksi. Adhere tarjoaa erinomaisen sidoksen ty\u00f6skennelt\u00e4ess\u00e4 muiden kovien geelien kanssa ja j\u00e4tt\u00e4\u00e4 t\u00e4ydellisen sile\u00e4n pinnan mink\u00e4 tahansa levitykseen. <\/span><span class=\"OYPEnA font-feature-liga-off font-feature-clig-off font-feature-calt-off text-decoration-none text-strikethrough-none\">Pro-Formance\u2122 -rakennusgeeli. Adhere on suositeltu pohjamaali ty\u00f6skennelt\u00e4ess\u00e4 mink\u00e4 tahansa Pro-Formance\u2122-sarjan geelin kanssa.<\/span><\/p>\n<ul>\n<li><span class=\"OYPEnA font-feature-liga-off font-feature-clig-off font-feature-calt-off text-decoration-none text-strikethrough-none\">Eritt\u00e4in kest\u00e4v\u00e4<\/span><\/li>\n<li><span class=\"OYPEnA font-feature-liga-off font-feature-clig-off font-feature-calt-off text-decoration-none text-strikethrough-none\">Kova geelikoostumus \u2013 <em>ei imeydy pois<\/em><\/span><\/li>\n<li><span class=\"OYPEnA font-feature-liga-off font-feature-clig-off font-feature-calt-off text-decoration-none text-strikethrough-none\">Helppok\u00e4ytt\u00f6inen sovellus<\/span><\/li>\n<li><span class=\"OYPEnA font-feature-liga-off font-feature-clig-off font-feature-calt-off text-decoration-none text-strikethrough-none\">Vahva tarttuvuus<\/span><\/li>\n<li><span class=\"OYPEnA font-feature-liga-off font-feature-clig-off font-feature-calt-off text-decoration-none text-strikethrough-none\">Kehitetty erityisesti k\u00e4ytett\u00e4v\u00e4ksi Pro-Formance\u2122-geelien kanssa<\/span><\/li>\n<li><span class=\"OYPEnA\">Liuottimille tuhoutumaton<\/span><\/li>\n<li><span class=\"OYPEnA\">TPO-vapaa, HEMA-vapaa, 10-vapaa, liuotteeton, hajuton<\/span><\/li>\n<\/ul>","protected":false},"featured_media":11096,"template":"","meta":[],"product_brand":[],"product_cat":[267,272,285],"product_tag":[],"class_list":{"0":"post-11093","1":"product","2":"type-product","3":"status-publish","4":"has-post-thumbnail","6":"product_cat-akzentz","7":"product_cat-pro-formance","8":"product_cat-base-gloss","10":"first","11":"outofstock","12":"taxable","13":"shipping-taxable","14":"purchasable","15":"product-type-simple"},"jetpack_sharing_enabled":true,"_links":{"self":[{"href":"https:\/\/shop.bestudio.ee\/fi\/wp-json\/wp\/v2\/product\/11093","targetHints":{"allow":["GET"]}}],"collection":[{"href":"https:\/\/shop.bestudio.ee\/fi\/wp-json\/wp\/v2\/product"}],"about":[{"href":"https:\/\/shop.bestudio.ee\/fi\/wp-json\/wp\/v2\/types\/product"}],"wp:featuredmedia":[{"embeddable":true,"href":"https:\/\/shop.bestudio.ee\/fi\/wp-json\/wp\/v2\/media\/11096"}],"wp:attachment":[{"href":"https:\/\/shop.bestudio.ee\/fi\/wp-json\/wp\/v2\/media?parent=11093"}],"wp:term":[{"taxonomy":"product_brand","embeddable":true,"href":"https:\/\/shop.bestudio.ee\/fi\/wp-json\/wp\/v2\/product_brand?post=11093"},{"taxonomy":"product_cat","embeddable":true,"href":"https:\/\/shop.bestudio.ee\/fi\/wp-json\/wp\/v2\/product_cat?post=11093"},{"taxonomy":"product_tag","embeddable":true,"href":"https:\/\/shop.bestudio.ee\/fi\/wp-json\/wp\/v2\/product_tag?post=11093"}],"curies":[{"name":"wp","href":"https:\/\/api.w.org\/{rel}","templated":true}]}}