{"id":11154,"date":"2026-01-16T23:37:06","date_gmt":"2026-01-16T21:37:06","guid":{"rendered":"https:\/\/shop.bestudio.ee\/?post_type=product&#038;p=11154"},"modified":"2026-01-16T23:37:06","modified_gmt":"2026-01-16T21:37:06","slug":"premium-oval-brush-111","status":"publish","type":"product","link":"https:\/\/shop.bestudio.ee\/fi\/tuote\/premium-oval-brush-111\/","title":{"rendered":"PREMIUM-SOIKEA HARJA #111"},"content":{"rendered":"","protected":false},"excerpt":{"rendered":"<p><strong>111-harja<br \/>\n<\/strong><\/p>\n<p>Ylellinen luonnonharjaksinen sivellin, jossa on kapeneva soikea muoto. Tarjoaa tukevan mutta joustavan hallinnan, t\u00e4ydellinen k\u00e4ytett\u00e4v\u00e4ksi kynsinauhojen ja siveltimen sivuseinien ymp\u00e4rill\u00e4. Sen ohut ja litte\u00e4 muoto sopii erinomaisesti maksimaaliseen hallintaan muotoilussa ja v\u00e4rigeelin levityksess\u00e4. Metallinen runko ja korkki.<\/p>\n<p>11 mm:n harja. Korkki sis\u00e4ltyy hintaan.<\/p>","protected":false},"featured_media":11157,"template":"","meta":[],"product_brand":[],"product_cat":[267,275,295],"product_tag":[],"class_list":{"0":"post-11154","1":"product","2":"type-product","3":"status-publish","4":"has-post-thumbnail","6":"product_cat-akzentz","7":"product_cat-basics","8":"product_cat-brushes","10":"first","11":"instock","12":"taxable","13":"shipping-taxable","14":"purchasable","15":"product-type-simple"},"jetpack_sharing_enabled":true,"_links":{"self":[{"href":"https:\/\/shop.bestudio.ee\/fi\/wp-json\/wp\/v2\/product\/11154","targetHints":{"allow":["GET"]}}],"collection":[{"href":"https:\/\/shop.bestudio.ee\/fi\/wp-json\/wp\/v2\/product"}],"about":[{"href":"https:\/\/shop.bestudio.ee\/fi\/wp-json\/wp\/v2\/types\/product"}],"wp:featuredmedia":[{"embeddable":true,"href":"https:\/\/shop.bestudio.ee\/fi\/wp-json\/wp\/v2\/media\/11157"}],"wp:attachment":[{"href":"https:\/\/shop.bestudio.ee\/fi\/wp-json\/wp\/v2\/media?parent=11154"}],"wp:term":[{"taxonomy":"product_brand","embeddable":true,"href":"https:\/\/shop.bestudio.ee\/fi\/wp-json\/wp\/v2\/product_brand?post=11154"},{"taxonomy":"product_cat","embeddable":true,"href":"https:\/\/shop.bestudio.ee\/fi\/wp-json\/wp\/v2\/product_cat?post=11154"},{"taxonomy":"product_tag","embeddable":true,"href":"https:\/\/shop.bestudio.ee\/fi\/wp-json\/wp\/v2\/product_tag?post=11154"}],"curies":[{"name":"wp","href":"https:\/\/api.w.org\/{rel}","templated":true}]}}