{"id":11172,"date":"2026-02-01T18:33:28","date_gmt":"2026-02-01T16:33:28","guid":{"rendered":"https:\/\/shop.bestudio.ee\/?post_type=product&#038;p=11172"},"modified":"2026-02-01T20:36:41","modified_gmt":"2026-02-01T18:36:41","slug":"897-uv-gel-polish-makear-8ml","status":"publish","type":"product","link":"https:\/\/shop.bestudio.ee\/fi\/tuote\/897-uv-gel-polish-makear-8ml\/","title":{"rendered":"897 UV-geelilakan valmistaja, 8ml"},"content":{"rendered":"<div class=\"longdescription__tab__content --use --active\" data-name=\"Features &amp; specifications\">\n<h3><strong>Ominaisuudet ja tekniset tiedot<\/strong><\/h3>\n<ul>\n<li><strong>Johdonmukaisuus:<\/strong> keskipaksu<\/li>\n<li><strong>Viimeistely:<\/strong> \u201c&quot;V\u00e4l\u00e4hdys&quot; \/ &quot;kuunvalo&quot; -hiukkaset (lis\u00e4\u00e4ntynyt kirkkaus voimakkaassa valossa)<\/li>\n<li><strong>Turvallisuus:<\/strong> HEMA-vapaa<\/li>\n<li><strong>Kaava:<\/strong> vegaani<\/li>\n<li><strong>Pakkaus:<\/strong> pahvista valmistettu, biohajoava laatikko<\/li>\n<li><strong>Kovettumisaika:<\/strong> 30\/60 sekuntia 48 W:n LED-lampussa<\/li>\n<li><strong>Tilavuus:<\/strong> 8 ml<\/li>\n<\/ul>\n<div class=\"longdescription__tab__content --use --active\" data-name=\"How to use\">\n<h3><strong>K\u00e4ytt\u00f6ohjeet<\/strong><\/h3>\n<ol>\n<li>Levit\u00e4 hybridipohja, esim. <a href=\"https:\/\/makear.pl\/pl\/products\/kera-base-wzmacniajaca-baza-keratynowa-hemafree-1238.html\" target=\"_blank\" rel=\"noopener\"><strong>Kera-tukikohta<\/strong><\/a> tai <a href=\"https:\/\/makear.pl\/pl\/products\/rubber-base-clear-137.html\" target=\"_blank\" rel=\"noopener\"><strong>Kumipohja<\/strong><\/a>, valmistellulle ja kuivatulle kynsilevylle.<\/li>\n<li>Levit\u00e4 ohut kerros Makear-geelilakkaa kovettuneelle pohjalle. T\u00e4ydellisen lopputuloksen saavuttamiseksi levit\u00e4 kaksi ohutta kerrosta ja koveta kutakin kerrosta 48 W:n LED-lampussa 30\u201360 sekuntia.<\/li>\n<li>Viimeistele tyyli hybridip\u00e4\u00e4llyslakalla, esim. <a href=\"https:\/\/makear.pl\/pl\/products\/top-no-wipe-hard-glass-8ml-964.html\" target=\"_blank\" rel=\"noopener\"><strong>Yl\u00e4osa ei pyyhitt\u00e4v\u00e4\u00e4 kovaa lasia<\/strong><\/a>, ja parannuskeino.<\/li>\n<\/ol>\n<div class=\"longdescription__tab__content --use --active\" data-name=\"Ingredients (INCI)\">\n<h3><strong>Ainesosat (INCI)<\/strong><\/h3>\n<p>Akrylaattikopolymeeri \u2013 25133-97-5, 2-(2-hydroksietoksi)etyyliakrylaatti \u2013 13533-05-6, etyyli(2,4,6-trimetyylibentsoyyli)fenyylifosfinaatti \u2013 84434-11-7, 1-hydroksisykloheksyylifenyyliketoni \u2013 947-19-3, piidioksidimetyylisilylaatti \u2013 68611-44-9<\/p>\n<div class=\"longdescription__tab__content --use --active\" data-name=\"Precautions\">\n<h3><strong>Varotoimenpiteet<\/strong><\/h3>\n<p>Tuote on tarkoitettu vain ammattik\u00e4ytt\u00f6\u00f6n. V\u00e4lt\u00e4 kosketusta ihon ja silmien kanssa. Lue ohjeet huolellisesti ennen k\u00e4ytt\u00f6\u00e4. Saattaa aiheuttaa allergisen reaktion. S\u00e4ilyt\u00e4 lasten ulottumattomissa. Lopeta k\u00e4ytt\u00f6, jos ilmenee \u00e4rsytyst\u00e4 ja ota yhteys l\u00e4\u00e4k\u00e4riin.<\/p>\n<\/div>\n<\/div>\n<\/div>\n<\/div>","protected":false},"excerpt":{"rendered":"<div class=\"longdescription__tab__content --description --active\" data-name=\"Description &amp; application\">\n<h2><strong>Makear-geelilakat \u2013 pitk\u00e4kestoiset v\u00e4rit, helppo levitys ja toimivaksi todistettu koostumus<\/strong><\/h2>\n<p>Makear-geelilakat ovat ihanteellinen valinta niille, jotka etsiv\u00e4t kest\u00e4vyytt\u00e4, vahvaa peitt\u00e4vyytt\u00e4 ja helppoa levityst\u00e4. Keskipaksun koostumuksensa ansiosta levitys on helppoa; lakka ei valu kynsinauhoille ja tasoittuu itsest\u00e4\u00e4n tasaisesti.<\/p>\n<p>Kaikki Makear-geelilakat ovat <strong>HEMA ILMAINEN<\/strong>, mik\u00e4 tarkoittaa, ett\u00e4 ne eiv\u00e4t sis\u00e4ll\u00e4 yleisimmin allergioihin liittyvi\u00e4 ainesosia. Makear-tarjoukset <strong>yli 300 s\u00e4vy\u00e4<\/strong> geelilakkaa, jotka on luotu laatua ja turvallisuutta arvostaville stylisteille ja asiakkaille.<\/p>\n<p>The <strong>Makear-geelilakka kuutamoefektill\u00e4 (Flash)<\/strong> on v\u00e4rin ja hohtavan kiillon yhdistelm\u00e4. Miljoonat kiillotusaineeseen leijuvat hiukkaset heijastavat valoa hienovaraisesti, luoden herk\u00e4n hohteen jokaisella k\u00e4denliikkeell\u00e4. Se n\u00e4ytt\u00e4\u00e4 hienovaraiselta p\u00e4iv\u00e4nvalossa ja paljastaa voimakkaan hehkun keinovalossa tai salamavalossa.<\/p>\n<p>T\u00e4m\u00e4 on ihanteellinen valinta, jos haluat lis\u00e4t\u00e4 tyyliisi modernia luonnetta ja raikkautta s\u00e4ilytt\u00e4en samalla herk\u00e4n ja elegantin ilmeen. Flash-efekti tekee manikyyrist\u00e4 kevyen mutta silti silmiinpist\u00e4v\u00e4n.<\/p>\n<h3><strong>Miksi stylistit valitsevat Makear-geelilakat?<\/strong><\/h3>\n<ul>\n<li><strong>Manikyyrin kest\u00e4vyys<\/strong> useita viikkoja ilman lohkeilua<\/li>\n<li><strong>Korkea pigmentti<\/strong> \u2013 hyv\u00e4 peittokyky jo ensimm\u00e4isest\u00e4 kerroksesta l\u00e4htien<\/li>\n<li><strong>HEMA-vapaa koostumus<\/strong> \u2013 sopii my\u00f6s herk\u00e4lle iholle<\/li>\n<li><strong>Vegaaninen koostumus<\/strong><\/li>\n<li><strong>Helppo k\u00e4ytt\u00f6<\/strong> \u2013 ei peit\u00e4 kynsinauhoja, tasoittuu tasaisesti itsest\u00e4\u00e4n<\/li>\n<li><strong>Yli 300 v\u00e4ri\u00e4<\/strong> tarjolla<\/li>\n<li><strong>Tarkkuusharja<\/strong> kynsinauhojen ymp\u00e4rille ty\u00f6skentelyyn<\/li>\n<\/ul>\n<p>&nbsp;<\/p>\n<\/div>","protected":false},"featured_media":11178,"template":"","meta":[],"product_brand":[],"product_cat":[116,131,304,218,305],"product_tag":[],"class_list":{"0":"post-11172","1":"product","2":"type-product","3":"status-publish","4":"has-post-thumbnail","6":"product_cat-makear","7":"product_cat-gel-polishes-makear","8":"product_cat-moonlight","9":"product_cat-nail-gel-polishes","10":"product_cat-moonlight-nail-gel-polishes","12":"first","13":"instock","14":"taxable","15":"shipping-taxable","16":"purchasable","17":"product-type-simple"},"jetpack_sharing_enabled":true,"_links":{"self":[{"href":"https:\/\/shop.bestudio.ee\/fi\/wp-json\/wp\/v2\/product\/11172","targetHints":{"allow":["GET"]}}],"collection":[{"href":"https:\/\/shop.bestudio.ee\/fi\/wp-json\/wp\/v2\/product"}],"about":[{"href":"https:\/\/shop.bestudio.ee\/fi\/wp-json\/wp\/v2\/types\/product"}],"wp:featuredmedia":[{"embeddable":true,"href":"https:\/\/shop.bestudio.ee\/fi\/wp-json\/wp\/v2\/media\/11178"}],"wp:attachment":[{"href":"https:\/\/shop.bestudio.ee\/fi\/wp-json\/wp\/v2\/media?parent=11172"}],"wp:term":[{"taxonomy":"product_brand","embeddable":true,"href":"https:\/\/shop.bestudio.ee\/fi\/wp-json\/wp\/v2\/product_brand?post=11172"},{"taxonomy":"product_cat","embeddable":true,"href":"https:\/\/shop.bestudio.ee\/fi\/wp-json\/wp\/v2\/product_cat?post=11172"},{"taxonomy":"product_tag","embeddable":true,"href":"https:\/\/shop.bestudio.ee\/fi\/wp-json\/wp\/v2\/product_tag?post=11172"}],"curies":[{"name":"wp","href":"https:\/\/api.w.org\/{rel}","templated":true}]}}