{"id":11234,"date":"2026-03-29T12:58:24","date_gmt":"2026-03-29T09:58:24","guid":{"rendered":"https:\/\/shop.bestudio.ee\/?post_type=product&#038;p=11234"},"modified":"2026-03-29T12:58:24","modified_gmt":"2026-03-29T09:58:24","slug":"rebuild-natural-14ml","status":"publish","type":"product","link":"https:\/\/shop.bestudio.ee\/fi\/tuote\/rebuild-natural-14ml\/","title":{"rendered":"ReBuild Natural, 14ml"},"content":{"rendered":"<h4 class=\"seGZY9w oKkksZn---typography-11-runningText oKkksZn---priority-7-primary _HOcyB x4nptw sxbtulv ftb6e2\" aria-hidden=\"false\" data-hook=\"info-section-title\">Aktiiviset ainesosat:<\/h4>\n<div class=\"aecizt ciGGdC QfrfFD cell\" data-hook=\"collapse-info-minus-icon\">Kynsilevyn kosteuttaminen: Hibiskus on runsaasti kasviper\u00e4ist\u00e4 lima-ainetta, joka s\u00e4ilytt\u00e4\u00e4 kosteutta ja auttaa ehk\u00e4isem\u00e4\u00e4n kuivuutta ja haurautta.<\/div>\n<div class=\"rah-static rah-static--height-auto\" aria-hidden=\"false\">\n<div class=\"ulKuLk QfrfFD cell\">\n<div class=\"zp8uy2\" data-hook=\"info-section-description\">\n<p>Kukkahapot stimuloivat keratiinikerroksen uusiutumista, mik\u00e4 tekee kynsist\u00e4 tihe\u00e4mm\u00e4t ja vastustuskykyisemm\u00e4t lohkeilulle.<\/p>\n<p>Luonnolliset hapot tasoittavat hell\u00e4varaisesti kynnen mikroreliefi\u00e4 ja pehment\u00e4v\u00e4t harjanteiden ulkon\u00e4k\u00f6\u00e4. Niill\u00e4 on liev\u00e4 kirkastava vaikutus, joka auttaa ehk\u00e4isem\u00e4\u00e4n pigmenttien tai ulkoisten tekij\u00f6iden aiheuttamaa kynsien kellastumista.<\/p>\n<p>Korkea antioksidanttipitoisuus suojaa kynsi\u00e4 oksidatiiviselta stressilt\u00e4 ja aggressiivisilta ymp\u00e4rist\u00f6vaikutuksilta.<\/p>\n<\/div>\n<\/div>\n<\/div>\n<h4 class=\"seGZY9w oKkksZn---typography-11-runningText oKkksZn---priority-7-primary _HOcyB x4nptw sxbtulv ftb6e2\" aria-hidden=\"false\" data-hook=\"info-section-title\"><strong>K\u00e4ytt\u00f6:<\/strong><\/h4>\n<div class=\"rah-static rah-static--height-auto\" aria-hidden=\"false\">\n<div>\n<div class=\"ulKuLk QfrfFD cell\">\n<div class=\"zp8uy2\" data-hook=\"info-section-description\">\n<div>\n<p>Pohjustuslakkana: 1 kerros kynsilakan alle<\/p>\n<p>Hoitorutiininomaisesti: 2 kertaa viikossa \u2013 2 kerrosta \u2013 poistaminen kerrosten v\u00e4lill\u00e4 \u2013 k\u00e4yt\u00e4 2 tai 3 viikon ajan<\/p>\n<p>T\u00e4ydellisen\u00e4 v\u00e4ri- ja sumennusefektin\u00e4: 2 kerrosta<\/p>\n<\/div>\n<\/div>\n<\/div>\n<\/div>\n<\/div>\n<h4 class=\"seGZY9w oKkksZn---typography-11-runningText oKkksZn---priority-7-primary _HOcyB x4nptw sxbtulv ftb6e2\" aria-hidden=\"false\" data-hook=\"info-section-title\"><strong>Tilavuus:<\/strong><\/h4>\n<div class=\"rah-static rah-static--height-auto\" aria-hidden=\"false\">\n<div>\n<div class=\"ulKuLk QfrfFD cell\">\n<div class=\"zp8uy2\" data-hook=\"info-section-description\">\n<p>14 ml<\/p>\n<\/div>\n<\/div>\n<\/div>\n<\/div>","protected":false},"excerpt":{"rendered":"<p>T\u00e4m\u00e4 on t\u00e4ydellinen yhdistelm\u00e4 kynsienhoitoainetta, aluslakkaa ja neutraalia peitevoidetta h\u00e4ivytt\u00e4v\u00e4ll\u00e4 vaikutuksella.<\/p>\n<div>\n<p>Bioaktiivinen ja palauttava koostumus sis\u00e4lt\u00e4\u00e4 ainutlaatuisen yhdistelm\u00e4n kynsille hy\u00f6dyllisi\u00e4 fytokemikaaleja, antioksidantteja ja terveellisi\u00e4 kukkahappoja, jotka parantavat kynnen rakennetta perusteellisesti. Nutri-PLEX-kompleksi edist\u00e4\u00e4 tervett\u00e4 kasvua pehmeille ja hitaasti kasvaville kynsille. Sen valoa heijastava, talkkiton koostumus h\u00e4ivytt\u00e4\u00e4 v\u00e4litt\u00f6m\u00e4sti harjanteita ja ep\u00e4tasaista s\u00e4vy\u00e4 luoden sile\u00e4n, suodatetun pinnan, jota voi k\u00e4ytt\u00e4\u00e4 yksin\u00e4\u00e4n tai kynsilakan alla.<\/p>\n<div>\n<p>100% TALKIT\u00d6N. \u00c4lyk\u00e4s koostumus, joka heijastaa valoa, h\u00e4ivytt\u00e4\u00e4 ep\u00e4tasaisuuksia v\u00e4litt\u00f6m\u00e4sti ja luo sile\u00e4n pinnan kynsien p\u00e4\u00e4lle.<\/p>\n<ul>\n<li>Tuotetta ei ole testattu el\u00e4imill\u00e4<\/li>\n<li>Vegaani<\/li>\n<li>Valmistettu Italiassa<\/li>\n<\/ul>\n<\/div>\n<\/div>","protected":false},"featured_media":11235,"template":"","meta":[],"product_brand":[],"product_cat":[99,97,98],"product_tag":[],"class_list":{"0":"post-11234","1":"product","2":"type-product","3":"status-publish","4":"has-post-thumbnail","6":"product_cat-straderm","7":"product_cat-personal-use","8":"product_cat-professional-use","10":"first","11":"instock","12":"taxable","13":"shipping-taxable","14":"purchasable","15":"product-type-simple"},"jetpack_sharing_enabled":true,"_links":{"self":[{"href":"https:\/\/shop.bestudio.ee\/fi\/wp-json\/wp\/v2\/product\/11234","targetHints":{"allow":["GET"]}}],"collection":[{"href":"https:\/\/shop.bestudio.ee\/fi\/wp-json\/wp\/v2\/product"}],"about":[{"href":"https:\/\/shop.bestudio.ee\/fi\/wp-json\/wp\/v2\/types\/product"}],"wp:featuredmedia":[{"embeddable":true,"href":"https:\/\/shop.bestudio.ee\/fi\/wp-json\/wp\/v2\/media\/11235"}],"wp:attachment":[{"href":"https:\/\/shop.bestudio.ee\/fi\/wp-json\/wp\/v2\/media?parent=11234"}],"wp:term":[{"taxonomy":"product_brand","embeddable":true,"href":"https:\/\/shop.bestudio.ee\/fi\/wp-json\/wp\/v2\/product_brand?post=11234"},{"taxonomy":"product_cat","embeddable":true,"href":"https:\/\/shop.bestudio.ee\/fi\/wp-json\/wp\/v2\/product_cat?post=11234"},{"taxonomy":"product_tag","embeddable":true,"href":"https:\/\/shop.bestudio.ee\/fi\/wp-json\/wp\/v2\/product_tag?post=11234"}],"curies":[{"name":"wp","href":"https:\/\/api.w.org\/{rel}","templated":true}]}}