{"id":11251,"date":"2026-03-29T20:03:34","date_gmt":"2026-03-29T17:03:34","guid":{"rendered":"https:\/\/shop.bestudio.ee\/?post_type=product&#038;p=11251"},"modified":"2026-03-29T20:12:23","modified_gmt":"2026-03-29T17:12:23","slug":"luxio-heat-tpo-free","status":"publish","type":"product","link":"https:\/\/shop.bestudio.ee\/fi\/tuote\/luxio-heat-tpo-free\/","title":{"rendered":"LUXIO\u00ae HEAT (TPO-VAPAA)"},"content":{"rendered":"<h3 class=\"station-tabs-tabtitle\"><span id=\"station-tabs-tab_ht-i0-t31\" class=\"station-tabs-tab is-active\" tabindex=\"0\" role=\"button\" aria-controls=\"station-tabs-tabpanel_ht-i0-t31\" data-slug=\"application\" aria-expanded=\"true\"><span class=\"station-tabs-tabtext\">Sovellus:<\/span><\/span><\/h3>\n<div id=\"station-tabs-tabpanel_ht-i0-t31\" class=\"station-tabs-tabpanel is-active\" role=\"region\" aria-labelledby=\"station-tabs-tab_ht-i0-t31\" aria-hidden=\"false\">\n<div class=\"station-tabs-tabcontent\">\n<p><strong>Vaihe 1: Kynsien valmistelu<\/strong><br \/>\nAloita valmistelemalla luonnonkynnet huolellisesti: puhdista Akz\u00e9ntz Prep &amp; Wipe -puhdistusaineella, poista kynsinauhat tai ty\u00f6nn\u00e4 ne taaksep\u00e4in ja kiillota kynsilevy poistaen kaiken kiillon. Suosittelemme 180-karkeusasteista viilaa.<\/p>\n<p><strong>Vaihe 2: Perussovellus<\/strong><br \/>\nLevit\u00e4 ohut, tasainen kerros Luxio\u00ae Base -lakkaa kynnen keskelle painamalla sivellint\u00e4 varovasti kynsinauhaa kohti koskematta siihen. Silit\u00e4 pohja kevyell\u00e4 k\u00e4dell\u00e4 kohti vapaata reunaa varmistaen, ett\u00e4 se peitt\u00e4\u00e4 koko kynsilevyn. Anna kuivua 30 sekuntia.<\/p>\n<p><strong>Vaihe 3: V\u00e4rin levitys<\/strong><br \/>\nValitse haluamasi Luxio\u00ae-v\u00e4ri. Levit\u00e4 v\u00e4ri samalla tekniikalla ty\u00f6nt\u00e4m\u00e4ll\u00e4 sivellint\u00e4 yl\u00f6sp\u00e4in kynsinauhoa kohti ja vet\u00e4m\u00e4ll\u00e4 sit\u00e4 tasaisesti alasp\u00e4in kynnen yli. Anna kuivua 30 sekuntia.<\/p>\n<p><strong>Vaihe 4: Toinen v\u00e4rikerros<\/strong><br \/>\nToista v\u00e4rin levitysprosessi toisen kerroksen levitt\u00e4miseksi. Edistyneille kynsitaiteilijoille suosittelemme k\u00e4ytt\u00e4m\u00e4\u00e4n ohutta rajaussivellint\u00e4 v\u00e4rin levitt\u00e4miseen mahdollisimman l\u00e4helle kynsinauhoja koskettamatta pintaa t\u00e4ydellisen lopputuloksen saavuttamiseksi. Anna kuivua 30 sekuntia.<\/p>\n<p><strong>Vaihe 5: Viimeistele<\/strong><br \/>\nViimeistele k\u00e4sittely levitt\u00e4m\u00e4ll\u00e4 Luxio\u00ae Gloss -pintak\u00e4sittely\u00e4 pitk\u00e4kestoiseen kiilt\u00e4v\u00e4\u00e4n pintaan. Anna kuivua 30 sekuntia ja poista sitten tahmea kerros Akz\u00e9ntz Prep &amp; Wipe -puhdistusaineella. Jos haluat tarttumattoman pintakiillon, k\u00e4yt\u00e4 Akz\u00e9ntz Shine-On -tuotetta. My\u00f6s mattapinta voidaan saavuttaa k\u00e4ytt\u00e4m\u00e4ll\u00e4 Akz\u00e9ntz Matte-On -tuotetta.<\/p>\n<h3 class=\"station-tabs-tabtitle\"><span id=\"station-tabs-tab_ht-i0-t35\" class=\"station-tabs-tab is-active\" tabindex=\"0\" role=\"button\" aria-controls=\"station-tabs-tabpanel_ht-i0-t35\" data-slug=\"removal\" aria-expanded=\"true\"><span class=\"station-tabs-tabtext\">Poistaminen:<\/span><\/span><\/h3>\n<div id=\"station-tabs-tabpanel_ht-i0-t35\" class=\"station-tabs-tabpanel is-active\" role=\"region\" aria-labelledby=\"station-tabs-tab_ht-i0-t35\" aria-hidden=\"false\">\n<div class=\"station-tabs-tabcontent\">\n<p>Poista joko viilaamalla varovasti tai k\u00e4ytt\u00e4m\u00e4ll\u00e4 Akz\u00e9ntz Soak-Off -geelipoistoainetta.<\/p>\n<h3 class=\"station-tabs-tabtitle\"><span id=\"station-tabs-tab_ht-i0-t39\" class=\"station-tabs-tab is-active\" tabindex=\"0\" role=\"button\" aria-controls=\"station-tabs-tabpanel_ht-i0-t39\" data-slug=\"formula-information\" aria-expanded=\"true\"><span class=\"station-tabs-tabtext\">Kaavan tiedot:<\/span><\/span><\/h3>\n<div id=\"station-tabs-tabpanel_ht-i0-t39\" class=\"station-tabs-tabpanel is-active\" role=\"region\" aria-labelledby=\"station-tabs-tab_ht-i0-t39\" aria-hidden=\"false\">\n<div class=\"station-tabs-tabcontent\">\n<ul>\n<li>100% Puhdas geeli\u2122<\/li>\n<li>TPO-vapaa, HEMA-vapaa, 10-vapaa, liuotteeton, hajuton<\/li>\n<li>El\u00e4inkokeeton ja vegaaninen<\/li>\n<li>Valmistettu yksinomaan Euroopasta ja Pohjois-Amerikasta per\u00e4isin olevista raaka-aineista<\/li>\n<\/ul>\n<\/div>\n<\/div>\n<\/div>\n<\/div>\n<\/div>\n<\/div>","protected":false},"excerpt":{"rendered":"<p>Application: Step 1: Nail Preparation Begin by thoroughly prepping the natural nails: cleanse with Akz\u00e9ntz Prep &amp; Wipe, push back&#8230;<\/p>","protected":false},"featured_media":11258,"template":"","meta":[],"product_brand":[],"product_cat":[307,267],"product_tag":[],"class_list":{"0":"post-11251","1":"product","2":"type-product","3":"status-publish","4":"has-post-thumbnail","6":"product_cat-luxio-s-s-26-late-checkout","7":"product_cat-akzentz","9":"first","10":"instock","11":"taxable","12":"shipping-taxable","13":"purchasable","14":"product-type-simple"},"jetpack_sharing_enabled":true,"_links":{"self":[{"href":"https:\/\/shop.bestudio.ee\/fi\/wp-json\/wp\/v2\/product\/11251","targetHints":{"allow":["GET"]}}],"collection":[{"href":"https:\/\/shop.bestudio.ee\/fi\/wp-json\/wp\/v2\/product"}],"about":[{"href":"https:\/\/shop.bestudio.ee\/fi\/wp-json\/wp\/v2\/types\/product"}],"wp:featuredmedia":[{"embeddable":true,"href":"https:\/\/shop.bestudio.ee\/fi\/wp-json\/wp\/v2\/media\/11258"}],"wp:attachment":[{"href":"https:\/\/shop.bestudio.ee\/fi\/wp-json\/wp\/v2\/media?parent=11251"}],"wp:term":[{"taxonomy":"product_brand","embeddable":true,"href":"https:\/\/shop.bestudio.ee\/fi\/wp-json\/wp\/v2\/product_brand?post=11251"},{"taxonomy":"product_cat","embeddable":true,"href":"https:\/\/shop.bestudio.ee\/fi\/wp-json\/wp\/v2\/product_cat?post=11251"},{"taxonomy":"product_tag","embeddable":true,"href":"https:\/\/shop.bestudio.ee\/fi\/wp-json\/wp\/v2\/product_tag?post=11251"}],"curies":[{"name":"wp","href":"https:\/\/api.w.org\/{rel}","templated":true}]}}