{"id":1427,"date":"2019-02-11T13:08:23","date_gmt":"2019-02-11T13:08:23","guid":{"rendered":"https:\/\/pood.desolbeauty.ee\/?post_type=product&#038;p=1427"},"modified":"2023-11-01T17:08:40","modified_gmt":"2023-11-01T17:08:40","slug":"provocater-noen-1-stardust-glitterpulber","status":"publish","type":"product","link":"https:\/\/shop.bestudio.ee\/fi\/tuote\/provocater-noen-1-stardust-glitterpulber\/","title":{"rendered":"Provocater Neon 1 Stardust glitterjauhe"},"content":{"rendered":"<p>3 g,<\/p>\n<p>1066,66\u20ac\/1kg<\/p>\n<p>PAKASTUSTEN VALMISTAMINEN \u2013 YKSINKERTAINEN TEHOKAS MANIKYYRILIIKKE<\/p>\n<p>Kynsien glitterpuuterit ovat kauniita ja eritt\u00e4in tehokkaita glitter-koristeita. Niiden t\u00e4rkein etu on, ett\u00e4 ne ovat eritt\u00e4in helppok\u00e4ytt\u00f6isi\u00e4 jopa. Sinun tarvitsee vain suihkuttaa glitterjauhe huolellisesti siitep\u00f6lyll\u00e4 ja hieroa se sitten kynnen pintaan. Toisin kuin maalatut kuviot, jotka eiv\u00e4t aina onnistu, Provocateur kynsilakat sopivat t\u00e4ydellisesti kevyeen levitykseen ja miellytt\u00e4v\u00e4\u00e4n ilmeeseen hetkeksi. Nail art siitep\u00f6ly on universaali koriste, joka toimii l\u00e4hes kaikilla kynsilakkailla ja n\u00e4ytt\u00e4\u00e4 t\u00e4ysin erilaiselta jokaisella naisella.<\/p>\n<p>MITEN GITTERIPAUHE VAURIOITTAA?<\/p>\n<p>Glitterijauheemme voidaan hieroa tai ripotella kovettuneena hybridimaalina (dispersiona). Sitten poistat ylim\u00e4\u00e4r\u00e4isen siitep\u00f6lyn pehme\u00e4ll\u00e4 harjalla ja lopuksi se peitt\u00e4\u00e4 koko yl\u00e4osan ja valmis! Kynnesi ovat jo alkuper\u00e4isi\u00e4 ja ainutlaatuisia. Kynsien glitterpuuterit Provocater-kynnet ilahduttavat yst\u00e4vi\u00e4si ja her\u00e4tt\u00e4v\u00e4t miesten huomion.<\/p>\n<p>GITTER POWDER = RAJOITETTU VAIHTOEHTO<\/p>\n<p>Siitep\u00f6lyll\u00e4mme luotavat kynsiefektit ovat todella loputtomia. Voit yhdist\u00e4\u00e4 erilaisia siitep\u00f6lyj\u00e4 ja luoda oman ainutlaatuisen ja omaper\u00e4isen yhdistelm\u00e4si, jonka ansiosta erotut aina joukosta kauniilla hybrideill\u00e4si.<\/p>\n<p>LIS\u00c4TULOSTA TULEE NAULATA<\/p>\n<p>Kuinka saada tavallisesta lakkav\u00e4rist\u00e4 erityinen kiilto? K\u00e4yt\u00e4 t\u00e4h\u00e4n jotakin siitep\u00f6lyist\u00e4mme. Upeat tehosteet, pisteet, heijastavat kauniisti valoa. Tarjouksestamme l\u00f6yd\u00e4t muun muassa tehosteita kultaan ja moniv\u00e4risi\u00e4 v\u00e4rej\u00e4. Pid\u00e4tk\u00f6 enemm\u00e4n t\u00e4htitaivasta? Meill\u00e4 on sinulle staattinen vaikutus kolmessa trendikk\u00e4\u00e4ss\u00e4 s\u00e4vyss\u00e4: timantti (valkoinen), galaxy (kirkkaan sininen) ja pinkki (vaaleanpunainen). Kynnesi n\u00e4ytt\u00e4v\u00e4t p\u00f6lylt\u00e4, jossa on t\u00e4htip\u00f6ly\u00e4.<\/p>\n<p>Hienostuneen eleganssin yst\u00e4ville olemme valmistaneet kultaisen siitep\u00f6lyn Golden Glossin, joka antaa jokaiselle tyylille ylellisyytt\u00e4. T\u00e4t\u00e4 siitep\u00f6ly\u00e4 voidaan k\u00e4ytt\u00e4\u00e4 useissa p\u00e4\u00e4v\u00e4reiss\u00e4 ja antaa niille kultaista hehkua. Jos kulta ei ole sinun v\u00e4risi, laita peilikuva. T\u00e4ll\u00e4 kaudella muodikkaat kynsipeilit, jotka luot Metal Glass -efektill\u00e4.<\/p>\n<p>Oletko kunnian kuningatar? Muista kokeilla kahta siitep\u00f6ly\u00e4mme: Holo Effect eli hologrammikynnet ja Opal Powder Effect, joka muuttaa s\u00e4vy\u00e4 kuin kameleontti. Kynsien holografisia efektej\u00e4 voidaan muuttaa haluamallasi tavalla. Hieman holo-aksentti tai t\u00e4ydellinen peitto.<\/p>\n<p>Valitse tehoste ja luo oma tyylisi!<\/p>","protected":false},"excerpt":{"rendered":"<p>STARDUST-linja on h\u00e4mm\u00e4stytt\u00e4v\u00e4 siitep\u00f6ly, jonka ansiosta saat kauniin ja pysyv\u00e4n vaikutuksen lehteen. Kun k\u00e4yt\u00e4t Diamond Stardust -efekti\u00e4, kyntesi loistaa miljoonilla hopeisilla pisteill\u00e4, jotka heijastavat valoa. Vaikutus ei ole koskaan ollut n\u00e4in kyll\u00e4inen ja tyylik\u00e4s. Anna itsesi houkutella.<\/p>\n<p>Anna kynsillesi ainutlaatuinen luonne!<\/p>","protected":false},"featured_media":1428,"template":"","meta":[],"product_brand":[],"product_cat":[229,74],"product_tag":[215,214],"class_list":{"0":"post-1427","1":"product","2":"type-product","3":"status-publish","4":"has-post-thumbnail","6":"product_cat-nail-art","7":"product_cat-pearl-and-glitter-powders","8":"product_tag-kuunte-kunsti-pulber","9":"product_tag-nail-art-powder","11":"first","12":"instock","13":"sale","14":"taxable","15":"shipping-taxable","16":"purchasable","17":"product-type-simple"},"jetpack_sharing_enabled":true,"_links":{"self":[{"href":"https:\/\/shop.bestudio.ee\/fi\/wp-json\/wp\/v2\/product\/1427","targetHints":{"allow":["GET"]}}],"collection":[{"href":"https:\/\/shop.bestudio.ee\/fi\/wp-json\/wp\/v2\/product"}],"about":[{"href":"https:\/\/shop.bestudio.ee\/fi\/wp-json\/wp\/v2\/types\/product"}],"wp:featuredmedia":[{"embeddable":true,"href":"https:\/\/shop.bestudio.ee\/fi\/wp-json\/wp\/v2\/media\/1428"}],"wp:attachment":[{"href":"https:\/\/shop.bestudio.ee\/fi\/wp-json\/wp\/v2\/media?parent=1427"}],"wp:term":[{"taxonomy":"product_brand","embeddable":true,"href":"https:\/\/shop.bestudio.ee\/fi\/wp-json\/wp\/v2\/product_brand?post=1427"},{"taxonomy":"product_cat","embeddable":true,"href":"https:\/\/shop.bestudio.ee\/fi\/wp-json\/wp\/v2\/product_cat?post=1427"},{"taxonomy":"product_tag","embeddable":true,"href":"https:\/\/shop.bestudio.ee\/fi\/wp-json\/wp\/v2\/product_tag?post=1427"}],"curies":[{"name":"wp","href":"https:\/\/api.w.org\/{rel}","templated":true}]}}