{"id":460,"date":"2017-02-19T15:07:42","date_gmt":"2017-02-19T15:07:42","guid":{"rendered":"http:\/\/pood.desolbeauty.ee\/?post_type=product&#038;p=460"},"modified":"2026-02-19T13:23:43","modified_gmt":"2026-02-19T11:23:43","slug":"ibx-2-osaline-komplekt","status":"publish","type":"product","link":"https:\/\/shop.bestudio.ee\/fi\/tuote\/ibx-2-osaline-komplekt\/","title":{"rendered":"IBX 2-osainen sarja"},"content":{"rendered":"","protected":false},"excerpt":{"rendered":"<p>Setti sis\u00e4lt\u00e4\u00e4:<\/p>\n<p>IBX tehostaja 10,4 ml<\/p>\n<p>IBX fixer 7,4ml<\/p>\n<p>&nbsp;<\/p>\n<p>IBX-tuotteita saa myyd\u00e4 vain ammattilaisille, jotka ovat suorittaneet IBX System -koulutuksen!<\/p>","protected":false},"featured_media":461,"template":"","meta":[],"product_brand":[],"product_cat":[52,53,241],"product_tag":[203,202],"class_list":{"0":"post-460","1":"product","2":"type-product","3":"status-publish","4":"has-post-thumbnail","6":"product_cat-famous-names","7":"product_cat-ibx","8":"product_cat-systems","9":"product_tag-ibx-susteem","10":"product_tag-ibx-system","12":"first","13":"outofstock","14":"taxable","15":"shipping-taxable","16":"product-type-simple"},"jetpack_sharing_enabled":true,"_links":{"self":[{"href":"https:\/\/shop.bestudio.ee\/fi\/wp-json\/wp\/v2\/product\/460","targetHints":{"allow":["GET"]}}],"collection":[{"href":"https:\/\/shop.bestudio.ee\/fi\/wp-json\/wp\/v2\/product"}],"about":[{"href":"https:\/\/shop.bestudio.ee\/fi\/wp-json\/wp\/v2\/types\/product"}],"wp:featuredmedia":[{"embeddable":true,"href":"https:\/\/shop.bestudio.ee\/fi\/wp-json\/wp\/v2\/media\/461"}],"wp:attachment":[{"href":"https:\/\/shop.bestudio.ee\/fi\/wp-json\/wp\/v2\/media?parent=460"}],"wp:term":[{"taxonomy":"product_brand","embeddable":true,"href":"https:\/\/shop.bestudio.ee\/fi\/wp-json\/wp\/v2\/product_brand?post=460"},{"taxonomy":"product_cat","embeddable":true,"href":"https:\/\/shop.bestudio.ee\/fi\/wp-json\/wp\/v2\/product_cat?post=460"},{"taxonomy":"product_tag","embeddable":true,"href":"https:\/\/shop.bestudio.ee\/fi\/wp-json\/wp\/v2\/product_tag?post=460"}],"curies":[{"name":"wp","href":"https:\/\/api.w.org\/{rel}","templated":true}]}}