{"id":465,"date":"2017-02-19T15:13:58","date_gmt":"2017-02-19T15:13:58","guid":{"rendered":"http:\/\/pood.desolbeauty.ee\/?post_type=product&#038;p=465"},"modified":"2026-03-05T11:07:47","modified_gmt":"2026-03-05T09:07:47","slug":"dadi-oil-kuunehooldusoli-15ml","status":"publish","type":"product","link":"https:\/\/shop.bestudio.ee\/fi\/tuote\/dadi-oil-kuunehooldusoli-15ml\/","title":{"rendered":"DADI OIL kynsienhoito\u00f6ljy, 14,3 ml"},"content":{"rendered":"","protected":false},"excerpt":{"rendered":"<p>VARO Ammattihintoja \u2013 KIRJAUDU SIS\u00c4\u00c4N!<\/p>\n<p>DADI&#039; OIL\u2122 KYNSENHOITO\u00d6LJY ON 95% ORGAANIISTA<br \/>\nDadi&#039; Oil\u2122 on sekoitus sertifioituja luomu\u00f6ljyj\u00e4, jotka tekev\u00e4t kynsilevyst\u00e4 joustavan, kest\u00e4v\u00e4n ja antavat sille luonnollisen, terveellisen kiillon. Dadi&#039; Oil\u2122 imeytyy nopeasti eik\u00e4 j\u00e4t\u00e4 kynsilevyn pintaa \u00f6ljyiseksi, lis\u00e4ksi tuotteessa on uskomattoman miellytt\u00e4v\u00e4 tuoksu.<br \/>\nSuurimmat edut<br \/>\n\u2013 Seos koostuu 21 luonnollisesta eteerisest\u00e4 \u00f6ljyst\u00e4, mukaan lukien erilaisia sitrushedelmi\u00e4, vaniljaa, bergamottia, rosmariinia, sitruunaruohoa, avokadoa, laventelia, jojobaa ja muita.<br \/>\n\u2013 Parantaa kynsien kest\u00e4vyytt\u00e4, joustavuutta, luonnollista kiiltoa, est\u00e4\u00e4 niiden murtumista ja edist\u00e4\u00e4 ihon ja kynsinauhojen kosteutta.<br \/>\n\u2013 Pitk\u00e4 s\u00e4ilyvyys, joka ei samalla vahingoita tuotteen hy\u00f6dyllisi\u00e4 ominaisuuksia \u2013 palvelee sinua viimeiseen pisaraan asti!<br \/>\nMielenkiintoisia seikkoja<br \/>\n\u2013 Arvostettu amerikkalainen ammattilehti Nail Pro Magazine valitsi Dadi&#039; Oil\u2122 -\u00f6ljyn vuoden 2012 parhaaksi uutuudeksi ja parhaaksi kynsinauhojen hoitotuotteeksi.<br \/>\n\u2013 Dadi&#039; Oil\u2122 kynsi\u00f6ljyn luoja on Jim Nordstrom, jonka johdolla CND:ll\u00e4 syntyi my\u00f6s kuuluisa Solar Oil\u2122. Tuotteen kuuluisa nimi Dadi&#039; Oil\u2122 on Jimin tytt\u00e4ren Nicky Nordstromin kirjoittaja.<br \/>\n\u2013 Loput 5% tuotteen koostumuksesta on luonnollista E-vitamiinia (tokoferolia).<br \/>\n\u2013 Pakkauksessa oleva kirjainyhdistelm\u00e4 IMOSSN koostuu In Memory Of Stuart S. Nordstrom -lauseen ensimm\u00e4isist\u00e4 kirjaimista. Stuart Nordstrom oli Jimin is\u00e4, Creative Nail Designin (nykyisin CND) perustaja. Dadi&#039; Oilin\u2122 on kehitt\u00e4nyt Jim Nordstrom. H\u00e4n on my\u00f6s luonut kuuluisan Solar Oil\u2122 -\u00f6ljyn kynsien ja kynsinauhojen hoitoon. L\u00e4hdetty\u00e4\u00e4n CND:st\u00e4 Jim perusti oman yrityksen, Famous Names, joka lanseerasi uuden sukupolven kynsienhoitotuotesarjan. Tunnetuimmat niist\u00e4 ovat Dadi&#039; Oil\u2122 -\u00f6ljy ja vallankumouksellinen kynsien vahvistusj\u00e4rjestelm\u00e4 IBX.<\/p>","protected":false},"featured_media":9376,"template":"","meta":[],"product_brand":[],"product_cat":[52,54,234,235,244,246],"product_tag":[199,201,200,198],"class_list":{"0":"post-465","1":"product","2":"type-product","3":"status-publish","4":"has-post-thumbnail","6":"product_cat-famous-names","7":"product_cat-dadi-oil","8":"product_cat-homecare-products","9":"product_cat-nail-oil","10":"product_cat-pedicure","11":"product_cat-homecare-products-pedicure","12":"product_tag-kuuntele","13":"product_tag-nails","14":"product_tag-oil-for-cuticles","15":"product_tag-oli-kuunenahale","17":"first","18":"instock","19":"sale","20":"taxable","21":"shipping-taxable","22":"purchasable","23":"product-type-simple"},"jetpack_sharing_enabled":true,"_links":{"self":[{"href":"https:\/\/shop.bestudio.ee\/fi\/wp-json\/wp\/v2\/product\/465","targetHints":{"allow":["GET"]}}],"collection":[{"href":"https:\/\/shop.bestudio.ee\/fi\/wp-json\/wp\/v2\/product"}],"about":[{"href":"https:\/\/shop.bestudio.ee\/fi\/wp-json\/wp\/v2\/types\/product"}],"wp:featuredmedia":[{"embeddable":true,"href":"https:\/\/shop.bestudio.ee\/fi\/wp-json\/wp\/v2\/media\/9376"}],"wp:attachment":[{"href":"https:\/\/shop.bestudio.ee\/fi\/wp-json\/wp\/v2\/media?parent=465"}],"wp:term":[{"taxonomy":"product_brand","embeddable":true,"href":"https:\/\/shop.bestudio.ee\/fi\/wp-json\/wp\/v2\/product_brand?post=465"},{"taxonomy":"product_cat","embeddable":true,"href":"https:\/\/shop.bestudio.ee\/fi\/wp-json\/wp\/v2\/product_cat?post=465"},{"taxonomy":"product_tag","embeddable":true,"href":"https:\/\/shop.bestudio.ee\/fi\/wp-json\/wp\/v2\/product_tag?post=465"}],"curies":[{"name":"wp","href":"https:\/\/api.w.org\/{rel}","templated":true}]}}