{"id":469,"date":"2017-02-19T15:18:18","date_gmt":"2017-02-19T15:18:18","guid":{"rendered":"http:\/\/pood.desolbeauty.ee\/?post_type=product&#038;p=469"},"modified":"2024-11-26T14:33:47","modified_gmt":"2024-11-26T12:33:47","slug":"dadi-oil-24-osaline-komplekt","status":"publish","type":"product","link":"https:\/\/shop.bestudio.ee\/fi\/tuote\/dadi-oil-24-osaline-komplekt\/","title":{"rendered":"DADI OIL 24-osainen sarja"},"content":{"rendered":"","protected":false},"excerpt":{"rendered":"<p>VARO Ammattihintoja \u2013 KIRJAUDU SIS\u00c4\u00c4N!<\/p>\n<p>Sarja sis\u00e4lt\u00e4\u00e4 3,75 ml, 24 kpl kynsi\u00f6ljyj\u00e4.<\/p>","protected":false},"featured_media":9556,"template":"","meta":[],"product_brand":[],"product_cat":[52,54,234,235],"product_tag":[199,201,200,198],"class_list":{"0":"post-469","1":"product","2":"type-product","3":"status-publish","4":"has-post-thumbnail","6":"product_cat-famous-names","7":"product_cat-dadi-oil","8":"product_cat-homecare-products","9":"product_cat-nail-oil","10":"product_tag-kuuntele","11":"product_tag-nails","12":"product_tag-oil-for-cuticles","13":"product_tag-oli-kuunenahale","15":"first","16":"instock","17":"taxable","18":"shipping-taxable","19":"purchasable","20":"product-type-simple"},"jetpack_sharing_enabled":true,"_links":{"self":[{"href":"https:\/\/shop.bestudio.ee\/fi\/wp-json\/wp\/v2\/product\/469","targetHints":{"allow":["GET"]}}],"collection":[{"href":"https:\/\/shop.bestudio.ee\/fi\/wp-json\/wp\/v2\/product"}],"about":[{"href":"https:\/\/shop.bestudio.ee\/fi\/wp-json\/wp\/v2\/types\/product"}],"wp:featuredmedia":[{"embeddable":true,"href":"https:\/\/shop.bestudio.ee\/fi\/wp-json\/wp\/v2\/media\/9556"}],"wp:attachment":[{"href":"https:\/\/shop.bestudio.ee\/fi\/wp-json\/wp\/v2\/media?parent=469"}],"wp:term":[{"taxonomy":"product_brand","embeddable":true,"href":"https:\/\/shop.bestudio.ee\/fi\/wp-json\/wp\/v2\/product_brand?post=469"},{"taxonomy":"product_cat","embeddable":true,"href":"https:\/\/shop.bestudio.ee\/fi\/wp-json\/wp\/v2\/product_cat?post=469"},{"taxonomy":"product_tag","embeddable":true,"href":"https:\/\/shop.bestudio.ee\/fi\/wp-json\/wp\/v2\/product_tag?post=469"}],"curies":[{"name":"wp","href":"https:\/\/api.w.org\/{rel}","templated":true}]}}