{"id":576,"date":"2018-02-02T13:37:02","date_gmt":"2018-02-02T13:37:02","guid":{"rendered":"http:\/\/pood.desolbeauty.ee\/?post_type=product&#038;p=576"},"modified":"2025-02-10T12:58:51","modified_gmt":"2025-02-10T10:58:51","slug":"ibx-2-osaline-komplekt-mini","status":"publish","type":"product","link":"https:\/\/shop.bestudio.ee\/fi\/tuote\/ibx-2-osaline-komplekt-mini\/","title":{"rendered":"IBX 2-osainen sarja, mini"},"content":{"rendered":"<p>Setti sis\u00e4lt\u00e4\u00e4:<\/p>\n<p>IBX tehostaja 3,7 ml<\/p>\n<p>IBX fixer 2,7ml<\/p>\n<p>Daddi \u00f6ljy 3,75 ml<\/p>","protected":false},"excerpt":{"rendered":"<p>IBX-tuotteita saa myyd\u00e4 vain ammattilaisille, jotka ovat suorittaneet IBX System -koulutuksen!<\/p>\n<p>Setti sis\u00e4lt\u00e4\u00e4:<\/p>\n<p>IBX tehostaja 3,7 ml<\/p>\n<p>IBX fixer 2,7ml<\/p>\n<p>Daddi \u00f6ljy 3,75 ml<\/p>","protected":false},"featured_media":577,"template":"","meta":[],"product_brand":[],"product_cat":[52,53,241],"product_tag":[203,202],"class_list":{"0":"post-576","1":"product","2":"type-product","3":"status-publish","4":"has-post-thumbnail","6":"product_cat-famous-names","7":"product_cat-ibx","8":"product_cat-systems","9":"product_tag-ibx-susteem","10":"product_tag-ibx-system","12":"first","13":"instock","14":"taxable","15":"shipping-taxable","16":"product-type-simple"},"jetpack_sharing_enabled":true,"_links":{"self":[{"href":"https:\/\/shop.bestudio.ee\/fi\/wp-json\/wp\/v2\/product\/576","targetHints":{"allow":["GET"]}}],"collection":[{"href":"https:\/\/shop.bestudio.ee\/fi\/wp-json\/wp\/v2\/product"}],"about":[{"href":"https:\/\/shop.bestudio.ee\/fi\/wp-json\/wp\/v2\/types\/product"}],"wp:featuredmedia":[{"embeddable":true,"href":"https:\/\/shop.bestudio.ee\/fi\/wp-json\/wp\/v2\/media\/577"}],"wp:attachment":[{"href":"https:\/\/shop.bestudio.ee\/fi\/wp-json\/wp\/v2\/media?parent=576"}],"wp:term":[{"taxonomy":"product_brand","embeddable":true,"href":"https:\/\/shop.bestudio.ee\/fi\/wp-json\/wp\/v2\/product_brand?post=576"},{"taxonomy":"product_cat","embeddable":true,"href":"https:\/\/shop.bestudio.ee\/fi\/wp-json\/wp\/v2\/product_cat?post=576"},{"taxonomy":"product_tag","embeddable":true,"href":"https:\/\/shop.bestudio.ee\/fi\/wp-json\/wp\/v2\/product_tag?post=576"}],"curies":[{"name":"wp","href":"https:\/\/api.w.org\/{rel}","templated":true}]}}