{"id":738,"date":"2018-09-11T00:40:29","date_gmt":"2018-09-10T21:40:29","guid":{"rendered":"http:\/\/pood.desolbeauty.ee\/?post_type=product&#038;p=738"},"modified":"2025-12-30T21:25:24","modified_gmt":"2025-12-30T19:25:24","slug":"dadi-koorija","status":"publish","type":"product","link":"https:\/\/shop.bestudio.ee\/fi\/tuote\/dadi-koorija\/","title":{"rendered":"DADI kuorinta, 311g"},"content":{"rendered":"<p>Kuinka k\u00e4ytt\u00e4\u00e4:<\/p>\n<p>Levit\u00e4 Dadi&#039;kooria k\u00e4sien, jalkojen tai vartalon kosteille alueille.<br \/>\nHiero sis\u00e4\u00e4n. Kuorinnan j\u00e4lkeen huuhtele l\u00e4mpim\u00e4ll\u00e4 vedell\u00e4. Viimeistele Dadi Oililla tai Dadi Lotionilla.<\/p>\n<p>Dadi&#039; Scrub ei sis\u00e4ll\u00e4 sulfaatteja, parabeeneja tai keinotekoisia v\u00e4riaineita.<\/p>\n<p>Koot:<\/p>\n<p>311 g<\/p>","protected":false},"excerpt":{"rendered":"<p>VARO Ammattihintoja \u2013 KIRJAUDU SIS\u00c4\u00c4N!<\/p>\n<p>Edullinen ja ylellinen kuoriva ja hoitava k\u00e4sien, jalkojen ja vartalon pesuaine, jolla on sama tuoksu kuin palkitulla Dadi-\u00f6ljyll\u00e4.<\/p>\n<p>Mit\u00e4 se tekee?<\/p>\n<p>Kosteuttaa, kuorii ja hoitaa j\u00e4tt\u00e4en k\u00e4det, jalat ja ihon pehme\u00e4ksi, kosteutetuksi ja nuoremmaksi.<\/p>\n<p>K\u00e4ytt\u00f6:<\/p>\n<p>K\u00e4yt\u00e4 esimanikyyrin\u00e4\/pedikyyrin\u00e4, salongissa tai hierontaan. Se sopii my\u00f6s katsoa kotona kunnon parantamiseksi.<\/p>\n<p>100% orgaaninen koostumus:<\/p>\n<p>Suola Sokeri<\/p>\n<p>Kookos\u00f6ljy<\/p>\n<p>Dadin \u00f6ljyt<\/p>","protected":false},"featured_media":10497,"template":"","meta":[],"product_brand":[],"product_cat":[52,63,234,237,244,246,245],"product_tag":[208,209,207,206],"class_list":{"0":"post-738","1":"product","2":"type-product","3":"status-publish","4":"has-post-thumbnail","6":"product_cat-famous-names","7":"product_cat-dadi-scrub","8":"product_cat-homecare-products","9":"product_cat-scrub","10":"product_cat-pedicure","11":"product_cat-homecare-products-pedicure","12":"product_cat-professional-products","13":"product_tag-koorimine","14":"product_tag-orgaaniline","15":"product_tag-organic","16":"product_tag-scrub","18":"first","19":"outofstock","20":"sold-individually","21":"taxable","22":"shipping-taxable","23":"purchasable","24":"product-type-simple"},"jetpack_sharing_enabled":true,"_links":{"self":[{"href":"https:\/\/shop.bestudio.ee\/fi\/wp-json\/wp\/v2\/product\/738","targetHints":{"allow":["GET"]}}],"collection":[{"href":"https:\/\/shop.bestudio.ee\/fi\/wp-json\/wp\/v2\/product"}],"about":[{"href":"https:\/\/shop.bestudio.ee\/fi\/wp-json\/wp\/v2\/types\/product"}],"wp:featuredmedia":[{"embeddable":true,"href":"https:\/\/shop.bestudio.ee\/fi\/wp-json\/wp\/v2\/media\/10497"}],"wp:attachment":[{"href":"https:\/\/shop.bestudio.ee\/fi\/wp-json\/wp\/v2\/media?parent=738"}],"wp:term":[{"taxonomy":"product_brand","embeddable":true,"href":"https:\/\/shop.bestudio.ee\/fi\/wp-json\/wp\/v2\/product_brand?post=738"},{"taxonomy":"product_cat","embeddable":true,"href":"https:\/\/shop.bestudio.ee\/fi\/wp-json\/wp\/v2\/product_cat?post=738"},{"taxonomy":"product_tag","embeddable":true,"href":"https:\/\/shop.bestudio.ee\/fi\/wp-json\/wp\/v2\/product_tag?post=738"}],"curies":[{"name":"wp","href":"https:\/\/api.w.org\/{rel}","templated":true}]}}